{"id":974,"date":"2025-04-25T17:41:42","date_gmt":"2025-04-25T15:41:42","guid":{"rendered":"http:\/\/libre.etche.net\/?post_type=product&#038;p=974"},"modified":"2026-01-25T14:50:47","modified_gmt":"2026-01-25T13:50:47","slug":"bugle-roy-benson-fh-302g","status":"publish","type":"product","link":"https:\/\/atelierdessoufflants.com\/index.php\/produit\/bugle-roy-benson-fh-302g\/","title":{"rendered":"Bugle Roy-benson FH-302G [Fourni avec embouchure et \u00e9tui sac \u00e0 dos]"},"content":{"rendered":"<p><strong>GAMME :\u00a0 \u00e9tude<\/strong><br \/>\n<strong>N\u00b0s\u00e9rie :<\/strong><\/p>\n<p>Un bon instrument pour d\u00e9couvrir la sonorit\u00e9 chaude et souple du bugle.<br \/>\nBonne fiabilit\u00e9, ergonomie et facilit\u00e9 d&rsquo;\u00e9mission.<\/p>\n<p>CARACT\u00c9RISTIQUES :<\/p>\n<p>&#8211; Tonalit\u00e9 Sib<br \/>\n&#8211; Pavillon cuivre rose<br \/>\n&#8211; Pistons inox<br \/>\n&#8211; 3 cl\u00e9s d&rsquo;eau<br \/>\n&#8211; trigger sur coulisse 3 \u00e8me<br \/>\n&#8211; Perce 11 mm<br \/>\n&#8211; Embouchure Vincent Bach 1 1\/4C FL<br \/>\n&#8211; \u00c9tui sac \u00e0 dos<\/p>\n<p><strong>TYPE DE LOCATION:<\/strong> location trimestrielle<br \/>\n<strong>PAIEMENT:<\/strong> Mensuel par ch\u00e8que, esp\u00e8ces ou virement bancaire<br \/>\n<strong>PI\u00c8CES A FOURNIR:<\/strong><br \/>\n-pi\u00e8ce nationale d&rsquo;identit\u00e9<br \/>\n-relev\u00e9 d&rsquo;identit\u00e9 bancaire<br \/>\n-ch\u00e8que de caution (non encaiss\u00e9)<br \/>\nconsultez les <a href=\"https:\/\/atelierdessoufflants.shop\/index.php\/cgl\/\">CONDITIONS G\u00c9N\u00c9RALES DE LOCATION<\/a><\/p>\n","protected":false},"excerpt":{"rendered":"<p>sonorit\u00e9 plus douce qu&rsquo;une trompette<\/p>\n","protected":false},"featured_media":4640,"template":"","meta":[],"product_brand":[85],"product_cat":[39,38],"product_tag":[],"class_list":{"0":"post-974","1":"product","2":"type-product","3":"status-publish","4":"has-post-thumbnail","6":"product_brand-roy-benson","7":"product_cat-locations","8":"product_cat-trompettes-cornets-bugle","10":"first","11":"instock","12":"sold-individually","13":"shipping-taxable","14":"purchasable","15":"product-type-simple"},"_links":{"self":[{"href":"https:\/\/atelierdessoufflants.com\/index.php\/wp-json\/wp\/v2\/product\/974","targetHints":{"allow":["GET"]}}],"collection":[{"href":"https:\/\/atelierdessoufflants.com\/index.php\/wp-json\/wp\/v2\/product"}],"about":[{"href":"https:\/\/atelierdessoufflants.com\/index.php\/wp-json\/wp\/v2\/types\/product"}],"wp:featuredmedia":[{"embeddable":true,"href":"https:\/\/atelierdessoufflants.com\/index.php\/wp-json\/wp\/v2\/media\/4640"}],"wp:attachment":[{"href":"https:\/\/atelierdessoufflants.com\/index.php\/wp-json\/wp\/v2\/media?parent=974"}],"wp:term":[{"taxonomy":"product_brand","embeddable":true,"href":"https:\/\/atelierdessoufflants.com\/index.php\/wp-json\/wp\/v2\/product_brand?post=974"},{"taxonomy":"product_cat","embeddable":true,"href":"https:\/\/atelierdessoufflants.com\/index.php\/wp-json\/wp\/v2\/product_cat?post=974"},{"taxonomy":"product_tag","embeddable":true,"href":"https:\/\/atelierdessoufflants.com\/index.php\/wp-json\/wp\/v2\/product_tag?post=974"}],"curies":[{"name":"wp","href":"https:\/\/api.w.org\/{rel}","templated":true}]}}