{"id":8394,"date":"2026-04-12T12:40:42","date_gmt":"2026-04-12T10:40:42","guid":{"rendered":"https:\/\/atelierdessoufflants.com\/?post_type=product&#038;p=8394"},"modified":"2026-04-12T13:46:43","modified_gmt":"2026-04-12T11:46:43","slug":"mtp-231-4-new-york-tuba-baryton-sib-4-pistons-etui-luxe-embouchure-sur-commande","status":"publish","type":"product","link":"https:\/\/atelierdessoufflants.com\/index.php\/produit\/mtp-231-4-new-york-tuba-baryton-sib-4-pistons-etui-luxe-embouchure-sur-commande\/","title":{"rendered":"MTP 231-4 New York TUBA BARYTON SIB [4 pistons+ \u00e9tui luxe + embouchure]\/\/\/EN STOCK\/\/\/"},"content":{"rendered":"<p><strong>GAMME : interm\u00e9diaire<\/strong><br \/>\n<strong>ANN\u00c9E : 2026<\/strong><br \/>\n<strong>N\u00b0s\u00e9rie : XXXX<\/strong><\/p>\n<p>Tuba baryton MTP mod\u00e8le 231-4\u00a0 \u00ab\u00a0New York\u00a0\u00bbBb<br \/>\nUn mod\u00e8le, particuli\u00e8rement soign\u00e9 fiable et avec une tr\u00e8s bonne justesse et \u00e9quilibre global tr\u00e8s bon.<br \/>\nprix tr\u00e8s comp\u00e9titif avec ce niveau de qualit\u00e9, (belle finition, construction solide et bien pens\u00e9e)<\/p>\n<p>Parfait pour usage harmonie, brass band, fanfare, apprentissage du tuba\/euphonium pour les enfants , orchestre \u00e0 l&rsquo;\u00e9cole&#8230;<\/p>\n<p><strong>CARACT\u00c9RISTIQUES:<\/strong><\/p>\n<p>-4 pistons 3+1 pour plus de justesse et de tessiture dans les graves<br \/>\n-Perce: 12,9 mm (13,6mm sur le circuit du 4\u00e8me)<br \/>\n-tonalit\u00e9 Bb<br \/>\n-guide pistons plastique position haute<br \/>\n-pavillon: 231 mm<br \/>\n-hauteur: 61 cm<br \/>\n-poids:<br \/>\n-chapeaux inf\u00e9rieurs avec fixation pour goutti\u00e8re (r\u00e9cepteur d&rsquo;eau)<br \/>\n-renfort culasse et coude<br \/>\n-finition verni incolore top qualit\u00e9<br \/>\n-fourreaux de coulisses en maillechort<br \/>\n-branche embouchure directe cuivre rose<br \/>\n-piston acier inoxydable<br \/>\n-3 cl\u00e9s d&rsquo;eau coulisses<br \/>\n-\u00e9tui sac a dos luxe<br \/>\n-embouchure<\/p>\n<p><strong>GARANTIE 1 AN fabricant + atelier<\/strong><\/p>\n","protected":false},"excerpt":{"rendered":"<p>SELECTION d&rsquo;un mod\u00e8le tr\u00e8s soign\u00e9 chez MTP (sonorit\u00e9, finition, m\u00e9canique, justesse) meilleur rapport qualit\u00e9 prix du march\u00e9 actuel<\/p>\n","protected":false},"featured_media":8398,"template":"","meta":[],"product_brand":[88],"product_cat":[40,102,101],"product_tag":[],"class_list":{"0":"post-8394","1":"product","2":"type-product","3":"status-publish","4":"has-post-thumbnail","6":"product_brand-mtp","7":"product_cat-neufs","8":"product_cat-petit-tuba-neuf","9":"product_cat-tubas","11":"first","12":"instock","13":"sold-individually","14":"shipping-taxable","15":"purchasable","16":"product-type-simple"},"_links":{"self":[{"href":"https:\/\/atelierdessoufflants.com\/index.php\/wp-json\/wp\/v2\/product\/8394","targetHints":{"allow":["GET"]}}],"collection":[{"href":"https:\/\/atelierdessoufflants.com\/index.php\/wp-json\/wp\/v2\/product"}],"about":[{"href":"https:\/\/atelierdessoufflants.com\/index.php\/wp-json\/wp\/v2\/types\/product"}],"wp:featuredmedia":[{"embeddable":true,"href":"https:\/\/atelierdessoufflants.com\/index.php\/wp-json\/wp\/v2\/media\/8398"}],"wp:attachment":[{"href":"https:\/\/atelierdessoufflants.com\/index.php\/wp-json\/wp\/v2\/media?parent=8394"}],"wp:term":[{"taxonomy":"product_brand","embeddable":true,"href":"https:\/\/atelierdessoufflants.com\/index.php\/wp-json\/wp\/v2\/product_brand?post=8394"},{"taxonomy":"product_cat","embeddable":true,"href":"https:\/\/atelierdessoufflants.com\/index.php\/wp-json\/wp\/v2\/product_cat?post=8394"},{"taxonomy":"product_tag","embeddable":true,"href":"https:\/\/atelierdessoufflants.com\/index.php\/wp-json\/wp\/v2\/product_tag?post=8394"}],"curies":[{"name":"wp","href":"https:\/\/api.w.org\/{rel}","templated":true}]}}