{"id":8381,"date":"2026-04-12T11:51:38","date_gmt":"2026-04-12T09:51:38","guid":{"rendered":"https:\/\/atelierdessoufflants.com\/?post_type=product&#038;p=8381"},"modified":"2026-04-12T12:08:53","modified_gmt":"2026-04-12T10:08:53","slug":"sml-co50-trompette-sib-finition-vernisbranche-cuivre-rose-etui-sac-a-dos-et-embouchure-en-stock","status":"publish","type":"product","link":"https:\/\/atelierdessoufflants.com\/index.php\/produit\/sml-co50-trompette-sib-finition-vernisbranche-cuivre-rose-etui-sac-a-dos-et-embouchure-en-stock\/","title":{"rendered":"SML CO50 CORNET SIB [finition vernis, branche cuivre rose + \u00e9tui sac \u00e0 dos et embouchure] \/\/\/\/EN STOCK\/\/\/\/"},"content":{"rendered":"<p><strong>GAMME : \u00e9tude<\/strong><br \/>\n<strong>ANN\u00c9E : 2026<\/strong><\/p>\n<p>Cornet d&rsquo;\u00e9tude entr\u00e9e de gamme top qualit\u00e9 de chez SML Paris (groupe ALGAM france) mod\u00e8le CO050<br \/>\nid\u00e9al pour commencer les petit cuivres, particuli\u00e8rement adapt\u00e9 aux enfants.<br \/>\nUne cornet qui a fait ces preuves en \u00e9cole de musique et en orchestre \u00e0 l&rsquo;\u00e9cole depuis de nombreuses ann\u00e9es.<\/p>\n<p><strong>Caract\u00e9ristiques :<\/strong><\/p>\n<p>finition vernis<br \/>\ntonalit\u00e9 Sib<br \/>\nperce standard de 11,65mm (M\u00e9dium Large)<br \/>\npavillon laiton grav\u00e9 124,5mm<br \/>\nbranche en cuivre rose<br \/>\nfourreau de coulisses en maillechort<br \/>\npiston en alliage monel<br \/>\ncoulisse mobile 3\u00e8me avec anneau fixe<br \/>\npoucier coulisse piston 1<br \/>\n2 cl\u00e9s d&rsquo;eau<br \/>\nembouchure<br \/>\n\u00e9tui sac \u00e0 dos + huile pistons, graisse<br \/>\n+ accessoires de nettoyage inclus<\/p>\n<p><strong>GARANTIE :\u00a0 2 ANS fabricant + suivi atelier<br \/>\nextension de garantie possible 5 ans sur le site du fabricant<\/strong><\/p>\n","protected":false},"excerpt":{"rendered":"<p>parfait pour d\u00e9couvrir le monde des cuivres<\/p>\n","protected":false},"featured_media":8382,"template":"","meta":[],"product_brand":[99],"product_cat":[42,100,40],"product_tag":[],"class_list":{"0":"post-8381","1":"product","2":"type-product","3":"status-publish","4":"has-post-thumbnail","6":"product_brand-sml","7":"product_cat-cornets","8":"product_cat-cornets-neuf","9":"product_cat-neufs","11":"first","12":"instock","13":"sold-individually","14":"shipping-taxable","15":"purchasable","16":"product-type-simple"},"_links":{"self":[{"href":"https:\/\/atelierdessoufflants.com\/index.php\/wp-json\/wp\/v2\/product\/8381","targetHints":{"allow":["GET"]}}],"collection":[{"href":"https:\/\/atelierdessoufflants.com\/index.php\/wp-json\/wp\/v2\/product"}],"about":[{"href":"https:\/\/atelierdessoufflants.com\/index.php\/wp-json\/wp\/v2\/types\/product"}],"wp:featuredmedia":[{"embeddable":true,"href":"https:\/\/atelierdessoufflants.com\/index.php\/wp-json\/wp\/v2\/media\/8382"}],"wp:attachment":[{"href":"https:\/\/atelierdessoufflants.com\/index.php\/wp-json\/wp\/v2\/media?parent=8381"}],"wp:term":[{"taxonomy":"product_brand","embeddable":true,"href":"https:\/\/atelierdessoufflants.com\/index.php\/wp-json\/wp\/v2\/product_brand?post=8381"},{"taxonomy":"product_cat","embeddable":true,"href":"https:\/\/atelierdessoufflants.com\/index.php\/wp-json\/wp\/v2\/product_cat?post=8381"},{"taxonomy":"product_tag","embeddable":true,"href":"https:\/\/atelierdessoufflants.com\/index.php\/wp-json\/wp\/v2\/product_tag?post=8381"}],"curies":[{"name":"wp","href":"https:\/\/api.w.org\/{rel}","templated":true}]}}