{"id":8378,"date":"2026-04-09T22:41:58","date_gmt":"2026-04-09T20:41:58","guid":{"rendered":"https:\/\/atelierdessoufflants.com\/?post_type=product&#038;p=8378"},"modified":"2026-04-12T12:09:14","modified_gmt":"2026-04-12T10:09:14","slug":"sml-tp600-trompette-sib-finition-vernis-fiable-et-robuste-etui-sac-a-dos-et-embouchure-en-stock","status":"publish","type":"product","link":"https:\/\/atelierdessoufflants.com\/index.php\/produit\/sml-tp600-trompette-sib-finition-vernis-fiable-et-robuste-etui-sac-a-dos-et-embouchure-en-stock\/","title":{"rendered":"SML TP600 TROMPETTE SIB [finition vernis,pavillon cuivre rose + \u00e9tui sac \u00e0 dos et embouchure] \/\/\/\/EN STOCK\/\/\/\/"},"content":{"rendered":"<p><strong>GAMME : \u00e9tude<\/strong><br \/>\n<strong>ANN\u00c9E : 2026<\/strong><\/p>\n<p>Trompette d&rsquo;\u00e9tude entr\u00e9e de gamme top qualit\u00e9 de chez SML Paris (groupe ALGAM france) mod\u00e8le TP600<br \/>\nid\u00e9al pour commencer, enfant ou adulte seront ravis tout en restant dans un petit budget.<br \/>\nUne trompette qui a fait ces preuves en \u00e9cole de musique et en orchestre \u00e0 l&rsquo;\u00e9cole depuis de nombreuses ann\u00e9es.<br \/>\ntr\u00e8s bonne m\u00e9canique pour un mod\u00e8le \u00e0 ce tarif.<\/p>\n<p><strong>Caract\u00e9ristiques :<\/strong><\/p>\n<p>finition vernis<br \/>\ntonalit\u00e9 Sib<br \/>\nperce standard de 11,65mm (M\u00e9dium Large)<br \/>\npavillon cuivre rose grav\u00e9 123mm<br \/>\nbranche standard en cuivre rose<br \/>\nfourreau de coulisses en maillechort<br \/>\npiston en alliage monel<br \/>\ncoulisse mobile 3\u00e8me fixe avec syst\u00e8me de r\u00e9glage anneau<br \/>\npoucier coulisse piston 1<br \/>\n2 cl\u00e9s d&rsquo;eau<br \/>\nembouchure<br \/>\n\u00e9tui sac \u00e0 dos + huile pistons, graisse<br \/>\n+ accessoires de nettoyage inclus<\/p>\n<p><strong>GARANTIE :\u00a0 2 ANS fabricant + suivi atelier<br \/>\nextension de garantie possible 5 ans sur le site du fabricant<\/strong><\/p>\n","protected":false},"excerpt":{"rendered":"<p>id\u00e9al d\u00e9butant, petit budget<\/p>\n","protected":false},"featured_media":8379,"template":"","meta":[],"product_brand":[99],"product_cat":[40,29,86],"product_tag":[],"class_list":{"0":"post-8378","1":"product","2":"type-product","3":"status-publish","4":"has-post-thumbnail","6":"product_brand-sml","7":"product_cat-neufs","8":"product_cat-trompettes","9":"product_cat-trompettes-neuf","11":"first","12":"instock","13":"sold-individually","14":"shipping-taxable","15":"purchasable","16":"product-type-simple"},"_links":{"self":[{"href":"https:\/\/atelierdessoufflants.com\/index.php\/wp-json\/wp\/v2\/product\/8378","targetHints":{"allow":["GET"]}}],"collection":[{"href":"https:\/\/atelierdessoufflants.com\/index.php\/wp-json\/wp\/v2\/product"}],"about":[{"href":"https:\/\/atelierdessoufflants.com\/index.php\/wp-json\/wp\/v2\/types\/product"}],"wp:featuredmedia":[{"embeddable":true,"href":"https:\/\/atelierdessoufflants.com\/index.php\/wp-json\/wp\/v2\/media\/8379"}],"wp:attachment":[{"href":"https:\/\/atelierdessoufflants.com\/index.php\/wp-json\/wp\/v2\/media?parent=8378"}],"wp:term":[{"taxonomy":"product_brand","embeddable":true,"href":"https:\/\/atelierdessoufflants.com\/index.php\/wp-json\/wp\/v2\/product_brand?post=8378"},{"taxonomy":"product_cat","embeddable":true,"href":"https:\/\/atelierdessoufflants.com\/index.php\/wp-json\/wp\/v2\/product_cat?post=8378"},{"taxonomy":"product_tag","embeddable":true,"href":"https:\/\/atelierdessoufflants.com\/index.php\/wp-json\/wp\/v2\/product_tag?post=8378"}],"curies":[{"name":"wp","href":"https:\/\/api.w.org\/{rel}","templated":true}]}}