{"id":8370,"date":"2026-04-09T21:58:57","date_gmt":"2026-04-09T19:58:57","guid":{"rendered":"https:\/\/atelierdessoufflants.com\/?post_type=product&#038;p=8370"},"modified":"2026-04-12T12:08:19","modified_gmt":"2026-04-12T10:08:19","slug":"carol-brass-ctr-pcl7l-trompette-sib-classic-lead-perce-ml-branche-standard-en-commande-copie","status":"publish","type":"product","link":"https:\/\/atelierdessoufflants.com\/index.php\/produit\/carol-brass-ctr-pcl7l-trompette-sib-classic-lead-perce-ml-branche-standard-en-commande-copie\/","title":{"rendered":"CAROL BRASS  CTR-PCL7L TROMPETTE SIB [ PRO CLASSIC LEAD, perce ML, pavillon laiton] \/\/\/EN COMMANDE\/\/\/"},"content":{"rendered":"<p><strong>GAMME : PRO<\/strong><br \/>\n<strong>ANN\u00c9E : 2025<\/strong><br \/>\n<strong>N\u00b0s\u00e9rie :<br \/>\n<\/strong><\/p>\n<p>trompette Sib CAROL BRASS mod\u00e8le <span class=\"product-fiche__reference\">CTR-PCL7L\u00a0 CLASSIC LEAD<br \/>\nmod\u00e8le professionnel<\/span> \u00e0 la sonorit\u00e9 ronde et claire, tr\u00e8s bonne projection, m\u00e9canique fiable et pr\u00e9cise.<\/p>\n<p><strong><br \/>\nCARACT\u00c9RISTIQUES :<\/strong><\/p>\n<p>Tonalit\u00e9: Bb<br \/>\nPerce: ML (0.460\u201d; 11.7mm)<br \/>\nbranche coulisse d&rsquo;accord: invers\u00e9e<br \/>\nPavillon laiton vernis, bordure pavillon avec jonc<br \/>\nType pavillon: standard 37<br \/>\nDiam\u00e8tre pavillon: 5&Prime;, 127 mm<br \/>\nFinition : vernis<br \/>\nbranche embouchure: standard laiton<br \/>\ncoulisses d&rsquo;accord: carr\u00e9e et\/ou arrondie<br \/>\nVis de blocage coulisse 3 \u00e8me<br \/>\nTubes ext\u00e9rieurs maillechort<\/p>\n<p><strong>LIVRE AVEC:<\/strong><\/p>\n<p>-\u00e9tui sac \u00e0 doc avec poches partitions grand format<br \/>\n-embouchure 3C<br \/>\n-2 coulisses d&rsquo;accord une arrondie et une carr\u00e9e<br \/>\n-3 boutons pistons suppl\u00e9mentaire<br \/>\n-chapeaux lourd suppl\u00e9mentaires sur demande<\/p>\n<p><a href=\"https:\/\/www.carolbrass.com\/show_products.aspx?getId=9A464C339A24D76A&amp;getId1=59C956552B3C38AE&amp;getId2=E5808218B9AEC4E2&amp;getId3=B5F4A698F5436B4E&amp;getId4=B80A6EB8261382B3\" target=\"_blank\" rel=\"noopener\">INFOS FABRICANT<\/a><\/p>\n<p><strong>\u00a0GARANTIE 1 AN<\/strong><\/p>\n","protected":false},"excerpt":{"rendered":"<p>mod\u00e8le pro, m\u00e9canique fiable et efficace, branche standard, perce ML<\/p>\n","protected":false},"featured_media":8373,"template":"","meta":[],"product_brand":[78],"product_cat":[40,29,86],"product_tag":[],"class_list":{"0":"post-8370","1":"product","2":"type-product","3":"status-publish","4":"has-post-thumbnail","6":"product_brand-carolbrass","7":"product_cat-neufs","8":"product_cat-trompettes","9":"product_cat-trompettes-neuf","11":"first","12":"instock","13":"sold-individually","14":"shipping-taxable","15":"purchasable","16":"product-type-simple"},"_links":{"self":[{"href":"https:\/\/atelierdessoufflants.com\/index.php\/wp-json\/wp\/v2\/product\/8370","targetHints":{"allow":["GET"]}}],"collection":[{"href":"https:\/\/atelierdessoufflants.com\/index.php\/wp-json\/wp\/v2\/product"}],"about":[{"href":"https:\/\/atelierdessoufflants.com\/index.php\/wp-json\/wp\/v2\/types\/product"}],"wp:featuredmedia":[{"embeddable":true,"href":"https:\/\/atelierdessoufflants.com\/index.php\/wp-json\/wp\/v2\/media\/8373"}],"wp:attachment":[{"href":"https:\/\/atelierdessoufflants.com\/index.php\/wp-json\/wp\/v2\/media?parent=8370"}],"wp:term":[{"taxonomy":"product_brand","embeddable":true,"href":"https:\/\/atelierdessoufflants.com\/index.php\/wp-json\/wp\/v2\/product_brand?post=8370"},{"taxonomy":"product_cat","embeddable":true,"href":"https:\/\/atelierdessoufflants.com\/index.php\/wp-json\/wp\/v2\/product_cat?post=8370"},{"taxonomy":"product_tag","embeddable":true,"href":"https:\/\/atelierdessoufflants.com\/index.php\/wp-json\/wp\/v2\/product_tag?post=8370"}],"curies":[{"name":"wp","href":"https:\/\/api.w.org\/{rel}","templated":true}]}}