{"id":5888,"date":"2025-12-16T19:57:03","date_gmt":"2025-12-16T18:57:03","guid":{"rendered":"https:\/\/atelierdessoufflants.com\/?post_type=product&#038;p=5888"},"modified":"2026-01-23T17:20:58","modified_gmt":"2026-01-23T16:20:58","slug":"clarinette-yamaha-ycl-34-ii-tout-ebene-tampons-cuir-neuf-bec-etui-dorigine","status":"publish","type":"product","link":"https:\/\/atelierdessoufflants.com\/index.php\/produit\/clarinette-yamaha-ycl-34-ii-tout-ebene-tampons-cuir-neuf-bec-etui-dorigine\/","title":{"rendered":"clarinette YAMAHA YCL 34 II [TOUT  \u00c9B\u00c8NE, TAMPONS CUIR NEUF + BEC + \u00c9TUI D&rsquo;ORIGINE ]"},"content":{"rendered":"<p><strong>GAMME : semi-pro<\/strong><br \/>\n<strong>ANN\u00c9E : autour 2000-2001<\/strong><br \/>\n<strong>N\u00b0s\u00e9rie :<\/strong><\/p>\n<p>Clarinette\u00a0 \u00e9b\u00e8ne Yamaha YCL34 (fabrication Japan), mod\u00e8le qui a pr\u00e9c\u00e9d\u00e9 la YCL450<br \/>\nUn instrument interm\u00e9diaire de grande qualit\u00e9 de fabrication en TBE, re-tamponn\u00e9e cuir peau blanche (tampons haut de gamme Martin Chanu France), garnitures, li\u00e8ges neuf, cl\u00e9tage argent\u00e9, vendu avec bec Yamaha 6C en TBE<\/p>\n<p><strong>Valeur neuf \u00e9quivalent environ 1350 euros environ<\/strong><\/p>\n<p><strong>GARANTIE 1 AN<\/strong><\/p>\n","protected":false},"excerpt":{"rendered":"<p>clarinette YAMAHA made in JAPAN YCL 34II,\u00a0 mod\u00e8le tout \u00e9b\u00e8ne, tampons cuir neuf<\/p>\n","protected":false},"featured_media":5890,"template":"","meta":[],"product_brand":[71],"product_cat":[36,67,17,47],"product_tag":[],"class_list":{"0":"post-5888","1":"product","2":"type-product","3":"status-publish","4":"has-post-thumbnail","6":"product_brand-yamaha","7":"product_cat-clarinettes","8":"product_cat-clarinettes-occasions","9":"product_cat-occasions","10":"product_cat-ventes","12":"first","13":"outofstock","14":"sold-individually","15":"shipping-taxable","16":"product-type-simple"},"_links":{"self":[{"href":"https:\/\/atelierdessoufflants.com\/index.php\/wp-json\/wp\/v2\/product\/5888","targetHints":{"allow":["GET"]}}],"collection":[{"href":"https:\/\/atelierdessoufflants.com\/index.php\/wp-json\/wp\/v2\/product"}],"about":[{"href":"https:\/\/atelierdessoufflants.com\/index.php\/wp-json\/wp\/v2\/types\/product"}],"wp:featuredmedia":[{"embeddable":true,"href":"https:\/\/atelierdessoufflants.com\/index.php\/wp-json\/wp\/v2\/media\/5890"}],"wp:attachment":[{"href":"https:\/\/atelierdessoufflants.com\/index.php\/wp-json\/wp\/v2\/media?parent=5888"}],"wp:term":[{"taxonomy":"product_brand","embeddable":true,"href":"https:\/\/atelierdessoufflants.com\/index.php\/wp-json\/wp\/v2\/product_brand?post=5888"},{"taxonomy":"product_cat","embeddable":true,"href":"https:\/\/atelierdessoufflants.com\/index.php\/wp-json\/wp\/v2\/product_cat?post=5888"},{"taxonomy":"product_tag","embeddable":true,"href":"https:\/\/atelierdessoufflants.com\/index.php\/wp-json\/wp\/v2\/product_tag?post=5888"}],"curies":[{"name":"wp","href":"https:\/\/api.w.org\/{rel}","templated":true}]}}