{"id":5221,"date":"2025-11-10T17:43:05","date_gmt":"2025-11-10T16:43:05","guid":{"rendered":"https:\/\/atelierdessoufflants.com\/?post_type=product&#038;p=5221"},"modified":"2026-03-20T18:11:29","modified_gmt":"2026-03-20T17:11:29","slug":"selmer-saxophone-alto-mark-vii-finition-vernis-oxyde-naturel-tampon-neuf-avec-bocal-sa80s2-cle-harmonique","status":"publish","type":"product","link":"https:\/\/atelierdessoufflants.com\/index.php\/produit\/selmer-saxophone-alto-mark-vii-finition-vernis-oxyde-naturel-tampon-neuf-avec-bocal-sa80s2-cle-harmonique\/","title":{"rendered":"SELMER SAXOPHONE ALTO MARK VII [ FINITION vernis oxyd\u00e9 naturel, tampon neuf, avec bocal SA80S2 )"},"content":{"rendered":"<p><strong>GAMME : Pro<\/strong><br \/>\n<strong>ANN\u00c9E : 1978<\/strong><br \/>\n<strong>N\u00b0s\u00e9rie : 275496<\/strong><\/p>\n<p>&nbsp;<\/p>\n<p>Saxophone alto Selmer (France) mod\u00e8le Mark VII finitions verni vieilli d&rsquo;origine<br \/>\nEnti\u00e8rement re-tamponn\u00e9e \u00e0 l&rsquo;atelier en tampons cuir r\u00e9sonateurs plastique (martin Chanu France), toutes garnitures chang\u00e9es, ressorts aiguilles TBE et chang\u00e9s pour certain, m\u00e9canique r\u00e9gl\u00e9e, reprise, lubrifi\u00e9e et contr\u00f4l\u00e9e (axes, charni\u00e8res, vis a pointe, chemin\u00e9es, etc&#8230;), Tr\u00e8s bon \u00e9tat g\u00e9n\u00e9ral, le verni est piqu\u00e9 \u00e0 ne nombreux endroits, tach\u00e9 \u00e0 d&rsquo;autre, plus ou moins patin\u00e9, absent et ray\u00e9 \u00e9galement comme sur un tr\u00e8s vieux sax, cela lui conf\u00e8re un look vraiment ancien.<\/p>\n<p>Aucune trace de choc ou bosse majeure (pavillon, culasse, corps), juste une petite trace de d\u00e9bosselage sur le corps \u00e0 peine visible.<br \/>\nmont\u00e9 avec un bocal de SELMER Super action 80 s\u00e9rie 2 (avec cl\u00e9 d&rsquo;harmonique condamn\u00e9e mais fonctionnelle si besoin, possibilit\u00e9 de la condamner et de la supprimer totalement sur demande, ou l&rsquo;inverse de rajouter le levier et la cl\u00e9 si besoin) finition d\u00e9-vernis oxyd\u00e9 du bocal pour raccord\u00a0 de la patine.<\/p>\n<p>Parfait \u00e9tat de marche, avis aux amateurs,\u00a0 \u00e0 venir essayer a l&rsquo;atelier !<br \/>\navec \u00e9tui sac a dos neuf smiley<br \/>\nsans bec<\/p>\n<p><strong>GARANTIE 1 AN<\/strong><\/p>\n<p>1er r\u00e9vision de garantie incluse avant les 8 mois<\/p>\n","protected":false},"excerpt":{"rendered":"<p>parfait pour usage pro, vernis aspect antique, tampons NEUF<\/p>\n","protected":false},"featured_media":5283,"template":"","meta":[],"product_brand":[66],"product_cat":[17,37,47],"product_tag":[],"class_list":{"0":"post-5221","1":"product","2":"type-product","3":"status-publish","4":"has-post-thumbnail","6":"product_brand-henri-selmer-paris","7":"product_cat-occasions","8":"product_cat-saxophones","9":"product_cat-ventes","11":"first","12":"outofstock","13":"sold-individually","14":"shipping-taxable","15":"product-type-simple"},"_links":{"self":[{"href":"https:\/\/atelierdessoufflants.com\/index.php\/wp-json\/wp\/v2\/product\/5221","targetHints":{"allow":["GET"]}}],"collection":[{"href":"https:\/\/atelierdessoufflants.com\/index.php\/wp-json\/wp\/v2\/product"}],"about":[{"href":"https:\/\/atelierdessoufflants.com\/index.php\/wp-json\/wp\/v2\/types\/product"}],"wp:featuredmedia":[{"embeddable":true,"href":"https:\/\/atelierdessoufflants.com\/index.php\/wp-json\/wp\/v2\/media\/5283"}],"wp:attachment":[{"href":"https:\/\/atelierdessoufflants.com\/index.php\/wp-json\/wp\/v2\/media?parent=5221"}],"wp:term":[{"taxonomy":"product_brand","embeddable":true,"href":"https:\/\/atelierdessoufflants.com\/index.php\/wp-json\/wp\/v2\/product_brand?post=5221"},{"taxonomy":"product_cat","embeddable":true,"href":"https:\/\/atelierdessoufflants.com\/index.php\/wp-json\/wp\/v2\/product_cat?post=5221"},{"taxonomy":"product_tag","embeddable":true,"href":"https:\/\/atelierdessoufflants.com\/index.php\/wp-json\/wp\/v2\/product_tag?post=5221"}],"curies":[{"name":"wp","href":"https:\/\/api.w.org\/{rel}","templated":true}]}}