{"id":5194,"date":"2025-11-03T23:46:53","date_gmt":"2025-11-03T22:46:53","guid":{"rendered":"https:\/\/atelierdessoufflants.com\/?post_type=product&#038;p=5194"},"modified":"2026-01-25T15:35:21","modified_gmt":"2026-01-25T14:35:21","slug":"cornet-pistons-getzen-eterna-occasion-verni","status":"publish","type":"product","link":"https:\/\/atelierdessoufflants.com\/index.php\/produit\/cornet-pistons-getzen-eterna-occasion-verni\/","title":{"rendered":"GETZEN ETERNA cornet \u00e0 pistons [made in USA, parfait usage pro, finition vernis]"},"content":{"rendered":"<p><strong>GAMME : pro<\/strong><br \/>\n<strong>ANN\u00c9E :\u00a0<\/strong><br \/>\n<strong>N\u00b0s\u00e9rie :<br \/>\nD\u00c9P\u00d4T VENTE :<br \/>\n<\/strong><\/p>\n<p>Cornet court sib<br \/>\ngetzen mod\u00e8le \u00ab\u00a0\u00e9terna\u00a0\u00bb finition vernis<\/p>\n<p>Fabriqu\u00e9e aux USA, la s\u00e9rie ETERNA est destin\u00e9 aux cornettistes professionnels \u00e0 la recherche d\u2019un instrument d\u2019excellente facture et d&rsquo;une grande pr\u00e9cision.<br \/>\nFaciles d\u2019\u00e9mission, dot\u00e9s d\u2019une grande projection et d\u2019une excellente pr\u00e9cision, ils sont devenus en 30 ann\u00e9es incontournables dans leur cat\u00e9gorie, une r\u00e9f\u00e9rence en orchestre classique du monde entier.<br \/>\nle pistonnage GETZEN est unique niveau confort et souplesse (pistons avec plaquage en alliage de nickel, n\u00e9cessite un tr\u00e8s faible entretien). cette marque garantie le pistonnage \u00e0 vie.<\/p>\n<p>Caract\u00e9ristiques techniques :<br \/>\n&#8211; Tonalit\u00e9 : Si b\u00e9mol<br \/>\n&#8211; Finition : vernis<br \/>\n&#8211; Perce : 11.68 mm<br \/>\n&#8211; Branche d\u2019embouchure en laiton<br \/>\n&#8211; Coulisses en maillechort<br \/>\n&#8211; Pavillon en deux pi\u00e8ces<br \/>\n&#8211; Anneau sur la 3\u00e8me coulisse<br \/>\n&#8211; \u00c9tui valise \u00ab Luxe \u00bb et embouchure getzen<\/p>\n<p>Tr\u00e8s bon \u00e9tat g\u00e9n\u00e9ral, parfait \u00e9tat de marche, r\u00e9vision Ok, quelques petites rayures et imperfections de verni mineures (voir photo)<\/p>\n<p><strong>GARANTIE 1 AN<\/strong><\/p>\n","protected":false},"excerpt":{"rendered":"<p>mod\u00e8le pro, parfait usage orchestre ou autre&#8230; cet instrument appartenait \u00e0 un ancien professeur de trompettes.<\/p>\n<p>GETZEN ETERNA CORNET<\/p>\n","protected":false},"featured_media":5208,"template":"","meta":[],"product_brand":[84],"product_cat":[17,38],"product_tag":[],"class_list":{"0":"post-5194","1":"product","2":"type-product","3":"status-publish","4":"has-post-thumbnail","6":"product_brand-getzen","7":"product_cat-occasions","8":"product_cat-trompettes-cornets-bugle","10":"first","11":"instock","12":"sold-individually","13":"shipping-taxable","14":"purchasable","15":"product-type-simple"},"_links":{"self":[{"href":"https:\/\/atelierdessoufflants.com\/index.php\/wp-json\/wp\/v2\/product\/5194","targetHints":{"allow":["GET"]}}],"collection":[{"href":"https:\/\/atelierdessoufflants.com\/index.php\/wp-json\/wp\/v2\/product"}],"about":[{"href":"https:\/\/atelierdessoufflants.com\/index.php\/wp-json\/wp\/v2\/types\/product"}],"wp:featuredmedia":[{"embeddable":true,"href":"https:\/\/atelierdessoufflants.com\/index.php\/wp-json\/wp\/v2\/media\/5208"}],"wp:attachment":[{"href":"https:\/\/atelierdessoufflants.com\/index.php\/wp-json\/wp\/v2\/media?parent=5194"}],"wp:term":[{"taxonomy":"product_brand","embeddable":true,"href":"https:\/\/atelierdessoufflants.com\/index.php\/wp-json\/wp\/v2\/product_brand?post=5194"},{"taxonomy":"product_cat","embeddable":true,"href":"https:\/\/atelierdessoufflants.com\/index.php\/wp-json\/wp\/v2\/product_cat?post=5194"},{"taxonomy":"product_tag","embeddable":true,"href":"https:\/\/atelierdessoufflants.com\/index.php\/wp-json\/wp\/v2\/product_tag?post=5194"}],"curies":[{"name":"wp","href":"https:\/\/api.w.org\/{rel}","templated":true}]}}