{"id":5093,"date":"2025-10-25T16:19:42","date_gmt":"2025-10-25T14:19:42","guid":{"rendered":"https:\/\/atelierdessoufflants.shop\/?post_type=product&#038;p=5093"},"modified":"2025-10-25T16:19:42","modified_gmt":"2025-10-25T14:19:42","slug":"s-p-a-r-i-d-i-r-o-n","status":"publish","type":"product","link":"https:\/\/atelierdessoufflants.com\/index.php\/produit\/s-p-a-r-i-d-i-r-o-n\/","title":{"rendered":"S P A R I D I R O N"},"content":{"rendered":"<p><strong>CR\u00c9ATION:<\/strong>\u00a0 2021<\/p>\n<p><strong>TECHNIQUES:<\/strong> assemblage,\u00a0 soudure \u00e0 l&rsquo;arc, brasage fort, cintrage, r\u00e9sine, d\u00e9coupe, mise en forme&#8230;<\/p>\n<p><strong>MAT\u00c9RIAU UTILISES: <\/strong>m\u00e9tal de recyclage<strong>, <\/strong>bois flott\u00e9<strong><br \/>\n<\/strong><\/p>\n<p><strong>DIMENSIONS:<\/strong> longueur 51 cm , hauteur sur pied 37.5 cm, largeur 20cm<strong><br \/>\n<\/strong><\/p>\n<p><strong>POIDS <\/strong>: 3,25 kg<\/p>\n<p><strong>\u00c9TAT: <\/strong>VENDU<\/p>\n","protected":false},"excerpt":{"rendered":"<p>poisson sparid\u00e9 sculpture m\u00e9tal<\/p>\n","protected":false},"featured_media":5098,"template":"","meta":[],"product_brand":[],"product_cat":[48],"product_tag":[],"class_list":{"0":"post-5093","1":"product","2":"type-product","3":"status-publish","4":"has-post-thumbnail","6":"product_cat-tomich","8":"first","9":"outofstock","10":"sold-individually","11":"shipping-taxable","12":"product-type-simple"},"_links":{"self":[{"href":"https:\/\/atelierdessoufflants.com\/index.php\/wp-json\/wp\/v2\/product\/5093","targetHints":{"allow":["GET"]}}],"collection":[{"href":"https:\/\/atelierdessoufflants.com\/index.php\/wp-json\/wp\/v2\/product"}],"about":[{"href":"https:\/\/atelierdessoufflants.com\/index.php\/wp-json\/wp\/v2\/types\/product"}],"wp:featuredmedia":[{"embeddable":true,"href":"https:\/\/atelierdessoufflants.com\/index.php\/wp-json\/wp\/v2\/media\/5098"}],"wp:attachment":[{"href":"https:\/\/atelierdessoufflants.com\/index.php\/wp-json\/wp\/v2\/media?parent=5093"}],"wp:term":[{"taxonomy":"product_brand","embeddable":true,"href":"https:\/\/atelierdessoufflants.com\/index.php\/wp-json\/wp\/v2\/product_brand?post=5093"},{"taxonomy":"product_cat","embeddable":true,"href":"https:\/\/atelierdessoufflants.com\/index.php\/wp-json\/wp\/v2\/product_cat?post=5093"},{"taxonomy":"product_tag","embeddable":true,"href":"https:\/\/atelierdessoufflants.com\/index.php\/wp-json\/wp\/v2\/product_tag?post=5093"}],"curies":[{"name":"wp","href":"https:\/\/api.w.org\/{rel}","templated":true}]}}