{"id":5086,"date":"2025-10-25T16:11:40","date_gmt":"2025-10-25T14:11:40","guid":{"rendered":"https:\/\/atelierdessoufflants.shop\/?post_type=product&#038;p=5086"},"modified":"2025-10-25T16:11:40","modified_gmt":"2025-10-25T14:11:40","slug":"s-c-r-a-t-c-h","status":"publish","type":"product","link":"https:\/\/atelierdessoufflants.com\/index.php\/produit\/s-c-r-a-t-c-h\/","title":{"rendered":"S C R A T C H"},"content":{"rendered":"<p><strong>CR\u00c9ATION:<\/strong>\u00a0 2021<\/p>\n<p><strong>DESCRIPTIONS:<\/strong> trompette press\u00e9e YAMAHA YTR-6445H C (Japan)\u00a0 finition laiton vernis et maillechort\u00a0 , encadrement caisse am\u00e9ricaine noir satin\u00e9 &amp; bordure, fond noir \u00ab\u00a0perfect sense\u00a0\u00bb stratifi\u00e9 plaqu\u00e9 ,\u00a0 fixation arri\u00e8re avec c\u00e2ble.<\/p>\n<p>\u0152uvre unique sign\u00e9 avec certificat authenticit\u00e9 fourni<\/p>\n<p><strong>DIMENSIONS:<\/strong> longueur 83,2 cm , hauteur 50 cm, profondeur 5 cm<strong><br \/>\n<\/strong><\/p>\n<p><strong>POIDS <\/strong>: 3,6 kg<\/p>\n<p><strong>PRIX:VENDU<\/strong><\/p>\n","protected":false},"excerpt":{"rendered":"<p>mise \u00e0 plat d&rsquo;une trompette<\/p>\n","protected":false},"featured_media":5092,"template":"","meta":[],"product_brand":[],"product_cat":[48],"product_tag":[],"class_list":{"0":"post-5086","1":"product","2":"type-product","3":"status-publish","4":"has-post-thumbnail","6":"product_cat-tomich","8":"first","9":"outofstock","10":"sold-individually","11":"shipping-taxable","12":"product-type-simple"},"_links":{"self":[{"href":"https:\/\/atelierdessoufflants.com\/index.php\/wp-json\/wp\/v2\/product\/5086","targetHints":{"allow":["GET"]}}],"collection":[{"href":"https:\/\/atelierdessoufflants.com\/index.php\/wp-json\/wp\/v2\/product"}],"about":[{"href":"https:\/\/atelierdessoufflants.com\/index.php\/wp-json\/wp\/v2\/types\/product"}],"wp:featuredmedia":[{"embeddable":true,"href":"https:\/\/atelierdessoufflants.com\/index.php\/wp-json\/wp\/v2\/media\/5092"}],"wp:attachment":[{"href":"https:\/\/atelierdessoufflants.com\/index.php\/wp-json\/wp\/v2\/media?parent=5086"}],"wp:term":[{"taxonomy":"product_brand","embeddable":true,"href":"https:\/\/atelierdessoufflants.com\/index.php\/wp-json\/wp\/v2\/product_brand?post=5086"},{"taxonomy":"product_cat","embeddable":true,"href":"https:\/\/atelierdessoufflants.com\/index.php\/wp-json\/wp\/v2\/product_cat?post=5086"},{"taxonomy":"product_tag","embeddable":true,"href":"https:\/\/atelierdessoufflants.com\/index.php\/wp-json\/wp\/v2\/product_tag?post=5086"}],"curies":[{"name":"wp","href":"https:\/\/api.w.org\/{rel}","templated":true}]}}