{"id":4993,"date":"2025-10-25T15:36:48","date_gmt":"2025-10-25T13:36:48","guid":{"rendered":"https:\/\/atelierdessoufflants.shop\/?post_type=product&#038;p=4993"},"modified":"2025-10-25T15:36:48","modified_gmt":"2025-10-25T13:36:48","slug":"b-e-d-e-r-a-t-z-i-1","status":"publish","type":"product","link":"https:\/\/atelierdessoufflants.com\/index.php\/produit\/b-e-d-e-r-a-t-z-i-1\/","title":{"rendered":"B E D E R A T Z I  1"},"content":{"rendered":"<p><strong>CR\u00c9ATION:<\/strong>\u00a0 2021<\/p>\n<p><strong>TECHNIQUES:<\/strong> assemblage filetage taraudage, mise en forme, soudure, brasure forte<\/p>\n<p><strong>MAT\u00c9RIAUX UTILISES: <\/strong>m\u00e9tal de recyclage: laiton, fer, acier, bronze,, finition patine semi mat et patine incolore<strong><br \/>\n<\/strong><\/p>\n<p><strong>DIMENSIONS : <\/strong>Hauteur: 36,75 cm, Largeur 22,5, profondeur 11,5 cm<strong><br \/>\nPOIDS <\/strong>:\u00a0 1,221 kg<\/p>\n<p><strong>\u00c9TAT: <\/strong>VENDU<\/p>\n","protected":false},"excerpt":{"rendered":"<p>sculpture m\u00e9tal g\u00e9om\u00e9trique<\/p>\n","protected":false},"featured_media":4995,"template":"","meta":[],"product_brand":[],"product_cat":[48],"product_tag":[],"class_list":{"0":"post-4993","1":"product","2":"type-product","3":"status-publish","4":"has-post-thumbnail","6":"product_cat-tomich","8":"first","9":"outofstock","10":"sold-individually","11":"shipping-taxable","12":"product-type-simple"},"_links":{"self":[{"href":"https:\/\/atelierdessoufflants.com\/index.php\/wp-json\/wp\/v2\/product\/4993","targetHints":{"allow":["GET"]}}],"collection":[{"href":"https:\/\/atelierdessoufflants.com\/index.php\/wp-json\/wp\/v2\/product"}],"about":[{"href":"https:\/\/atelierdessoufflants.com\/index.php\/wp-json\/wp\/v2\/types\/product"}],"wp:featuredmedia":[{"embeddable":true,"href":"https:\/\/atelierdessoufflants.com\/index.php\/wp-json\/wp\/v2\/media\/4995"}],"wp:attachment":[{"href":"https:\/\/atelierdessoufflants.com\/index.php\/wp-json\/wp\/v2\/media?parent=4993"}],"wp:term":[{"taxonomy":"product_brand","embeddable":true,"href":"https:\/\/atelierdessoufflants.com\/index.php\/wp-json\/wp\/v2\/product_brand?post=4993"},{"taxonomy":"product_cat","embeddable":true,"href":"https:\/\/atelierdessoufflants.com\/index.php\/wp-json\/wp\/v2\/product_cat?post=4993"},{"taxonomy":"product_tag","embeddable":true,"href":"https:\/\/atelierdessoufflants.com\/index.php\/wp-json\/wp\/v2\/product_tag?post=4993"}],"curies":[{"name":"wp","href":"https:\/\/api.w.org\/{rel}","templated":true}]}}