{"id":4978,"date":"2025-10-25T15:32:52","date_gmt":"2025-10-25T13:32:52","guid":{"rendered":"https:\/\/atelierdessoufflants.shop\/?post_type=product&#038;p=4978"},"modified":"2025-10-25T15:32:52","modified_gmt":"2025-10-25T13:32:52","slug":"b-e-g-i-b-l-u-e","status":"publish","type":"product","link":"https:\/\/atelierdessoufflants.com\/index.php\/produit\/b-e-g-i-b-l-u-e\/","title":{"rendered":"B E G I B L U E"},"content":{"rendered":"<p><strong>CR\u00c9ATION:<\/strong>\u00a0 2021<\/p>\n<p><strong>TECHNIQUES:<\/strong> assemblage soudure \u00e0 l&rsquo;arc, brasage fort, rivetage, sertissage, taraudage, r\u00e9sine,\u00a0 d\u00e9coupe, mise en forme, brulage, oxydation, vernissage&#8230;<\/p>\n<p><strong>MAT\u00c9RIAUX UTILISES: <\/strong>m\u00e9tal de recyclage (acier carbon\u00e9, fer, t\u00f4le, aluminium, laiton) corne de b\u00e9lier Manex t\u00eate noire, laine de tonte manex, cadre bois avec plaquage arri\u00e8re noir mat \u00ab\u00a0perfect sense\u00a0\u00bb&#8230;<strong><br \/>\n<\/strong><\/p>\n<p><strong>DIMENSIONS :<br \/>\n(t\u00eate )<\/strong> largeur 42,5cm, hauteur 29cm, profondeur 23 cm<br \/>\n<strong>(avec cadre) <\/strong>largeur 42,5cm, hauteur 36,5cm, profondeur 23 cm<\/p>\n<p><strong>POIDS <\/strong>:<br \/>\n<strong>(t\u00eate seulement) <\/strong>3,039 Kg<br \/>\n<strong>(avec cadre) <\/strong>4 kg<\/p>\n<p><strong>\u00c9TAT: <\/strong><em>disponible<br \/>\n<\/em><\/p>\n<p><strong>PRIX:\u00a0 <\/strong><em>VENDU<\/em><\/p>\n","protected":false},"excerpt":{"rendered":"<p>sculpture m\u00e9tal cornes b\u00e9lier manex BURU BELTZA<\/p>\n","protected":false},"featured_media":4989,"template":"","meta":[],"product_brand":[],"product_cat":[48],"product_tag":[],"class_list":{"0":"post-4978","1":"product","2":"type-product","3":"status-publish","4":"has-post-thumbnail","6":"product_cat-tomich","8":"first","9":"outofstock","10":"sold-individually","11":"shipping-taxable","12":"product-type-simple"},"_links":{"self":[{"href":"https:\/\/atelierdessoufflants.com\/index.php\/wp-json\/wp\/v2\/product\/4978","targetHints":{"allow":["GET"]}}],"collection":[{"href":"https:\/\/atelierdessoufflants.com\/index.php\/wp-json\/wp\/v2\/product"}],"about":[{"href":"https:\/\/atelierdessoufflants.com\/index.php\/wp-json\/wp\/v2\/types\/product"}],"wp:featuredmedia":[{"embeddable":true,"href":"https:\/\/atelierdessoufflants.com\/index.php\/wp-json\/wp\/v2\/media\/4989"}],"wp:attachment":[{"href":"https:\/\/atelierdessoufflants.com\/index.php\/wp-json\/wp\/v2\/media?parent=4978"}],"wp:term":[{"taxonomy":"product_brand","embeddable":true,"href":"https:\/\/atelierdessoufflants.com\/index.php\/wp-json\/wp\/v2\/product_brand?post=4978"},{"taxonomy":"product_cat","embeddable":true,"href":"https:\/\/atelierdessoufflants.com\/index.php\/wp-json\/wp\/v2\/product_cat?post=4978"},{"taxonomy":"product_tag","embeddable":true,"href":"https:\/\/atelierdessoufflants.com\/index.php\/wp-json\/wp\/v2\/product_tag?post=4978"}],"curies":[{"name":"wp","href":"https:\/\/api.w.org\/{rel}","templated":true}]}}