{"id":4932,"date":"2025-10-25T15:12:58","date_gmt":"2025-10-25T13:12:58","guid":{"rendered":"https:\/\/atelierdessoufflants.shop\/?post_type=product&#038;p=4932"},"modified":"2025-10-25T15:14:13","modified_gmt":"2025-10-25T13:14:13","slug":"c-h-u-t-2","status":"publish","type":"product","link":"https:\/\/atelierdessoufflants.com\/index.php\/produit\/c-h-u-t-2\/","title":{"rendered":"C H U T . . ."},"content":{"rendered":"<p><strong>CR\u00c9ATION:<\/strong>\u00a0 2022<\/p>\n<p><strong>DESCRIPTIONS: <\/strong>fabrication de lettrage \u00e0 base d&rsquo;instruments \u00e0 vent (fl\u00fbte traversi\u00e8re, saxophone, cornet \u00e0 pistons, bugle, trombone \u00e0 coulisse, trompette&#8230;, encadrement caisse am\u00e9ricaine noir, fond noir mat \u00ab\u00a0perfect sense\u00a0\u00bb stratifi\u00e9 plaqu\u00e9 , fixation arri\u00e8re avec c\u00e2ble.<\/p>\n<p>\u0152uvre unique sign\u00e9 avec certificat authenticit\u00e9 fourni<\/p>\n<p><strong>DIMENSIONS:<\/strong> largeur 84,5 cm hauteur 51,5 cm, \u00e9paisseur 3.5 cm<strong><br \/>\n<\/strong><\/p>\n<p><strong>POIDS <\/strong>:<\/p>\n<p><strong>PRIX: <\/strong>VENDU<\/p>\n","protected":false},"excerpt":{"rendered":"<p>lettrage silencieux&#8230;<\/p>\n","protected":false},"featured_media":4938,"template":"","meta":[],"product_brand":[],"product_cat":[48],"product_tag":[],"class_list":{"0":"post-4932","1":"product","2":"type-product","3":"status-publish","4":"has-post-thumbnail","6":"product_cat-tomich","8":"first","9":"outofstock","10":"sold-individually","11":"shipping-taxable","12":"product-type-simple"},"_links":{"self":[{"href":"https:\/\/atelierdessoufflants.com\/index.php\/wp-json\/wp\/v2\/product\/4932","targetHints":{"allow":["GET"]}}],"collection":[{"href":"https:\/\/atelierdessoufflants.com\/index.php\/wp-json\/wp\/v2\/product"}],"about":[{"href":"https:\/\/atelierdessoufflants.com\/index.php\/wp-json\/wp\/v2\/types\/product"}],"wp:featuredmedia":[{"embeddable":true,"href":"https:\/\/atelierdessoufflants.com\/index.php\/wp-json\/wp\/v2\/media\/4938"}],"wp:attachment":[{"href":"https:\/\/atelierdessoufflants.com\/index.php\/wp-json\/wp\/v2\/media?parent=4932"}],"wp:term":[{"taxonomy":"product_brand","embeddable":true,"href":"https:\/\/atelierdessoufflants.com\/index.php\/wp-json\/wp\/v2\/product_brand?post=4932"},{"taxonomy":"product_cat","embeddable":true,"href":"https:\/\/atelierdessoufflants.com\/index.php\/wp-json\/wp\/v2\/product_cat?post=4932"},{"taxonomy":"product_tag","embeddable":true,"href":"https:\/\/atelierdessoufflants.com\/index.php\/wp-json\/wp\/v2\/product_tag?post=4932"}],"curies":[{"name":"wp","href":"https:\/\/api.w.org\/{rel}","templated":true}]}}