{"id":4900,"date":"2025-10-25T11:58:23","date_gmt":"2025-10-25T09:58:23","guid":{"rendered":"https:\/\/atelierdessoufflants.shop\/?post_type=product&#038;p=4900"},"modified":"2025-11-10T09:48:16","modified_gmt":"2025-11-10T08:48:16","slug":"clarinette-sib-yamaha-ycl-250-resine","status":"publish","type":"product","link":"https:\/\/atelierdessoufflants.com\/index.php\/produit\/clarinette-sib-yamaha-ycl-250-resine\/","title":{"rendered":"Clarinette Sib Yamaha YCL 250 (r\u00e9sine)"},"content":{"rendered":"<p><strong>GAMME : \u00e9tude<\/strong><br \/>\n<strong>N\u00b0s\u00e9rie :<\/strong><\/p>\n<p>Clarinette\u00a0 Yamaha E1 (YCL 250 fabrication Indon\u00e9sie).<br \/>\nUne r\u00e9f\u00e9rence mondiale en mod\u00e8le d&rsquo;\u00e9tude en r\u00e9sine, moins fragile, n\u00e9cessitant moins d&rsquo;entretien et plus l\u00e9ger qu&rsquo;un mod\u00e8le en \u00e9b\u00e8ne, donc particuli\u00e8rement adapt\u00e9 aux enfants et \u00e0 l&rsquo;apprentissage en g\u00e9n\u00e9ral.<br \/>\nLou\u00e9 avec \u00e9tui et bec yamaha 4C, \u00e9couvillon + 1 anche<\/p>\n<p><strong>TYPE DE LOCATION:<\/strong> location trimestrielle<br \/>\n<strong>PAIEMENT:<\/strong> Mensuel par ch\u00e8que, esp\u00e8ces ou virement bancaire<br \/>\n<strong>PI\u00c8CES A FOURNIR:<\/strong><br \/>\n-pi\u00e8ce nationale d&rsquo;identit\u00e9<br \/>\n-relev\u00e9 d&rsquo;identit\u00e9 bancaire<br \/>\n-ch\u00e8que de caution (non encaiss\u00e9)<br \/>\nconsultez les <a href=\"https:\/\/atelierdessoufflants.shop\/index.php\/cgl\/\">CONDITIONS G\u00c9N\u00c9RALES DE LOCATION<\/a><\/p>\n","protected":false},"excerpt":{"rendered":"<p>mod\u00e8le d&rsquo;\u00e9tude en r\u00e9sine, parfait pour commencer<\/p>\n","protected":false},"featured_media":4902,"template":"","meta":[],"product_brand":[71],"product_cat":[36,69,39],"product_tag":[],"class_list":{"0":"post-4900","1":"product","2":"type-product","3":"status-publish","4":"has-post-thumbnail","6":"product_brand-yamaha","7":"product_cat-clarinettes","8":"product_cat-clarinettes-location","9":"product_cat-locations","11":"first","12":"instock","13":"sold-individually","14":"shipping-taxable","15":"purchasable","16":"product-type-simple"},"_links":{"self":[{"href":"https:\/\/atelierdessoufflants.com\/index.php\/wp-json\/wp\/v2\/product\/4900","targetHints":{"allow":["GET"]}}],"collection":[{"href":"https:\/\/atelierdessoufflants.com\/index.php\/wp-json\/wp\/v2\/product"}],"about":[{"href":"https:\/\/atelierdessoufflants.com\/index.php\/wp-json\/wp\/v2\/types\/product"}],"wp:featuredmedia":[{"embeddable":true,"href":"https:\/\/atelierdessoufflants.com\/index.php\/wp-json\/wp\/v2\/media\/4902"}],"wp:attachment":[{"href":"https:\/\/atelierdessoufflants.com\/index.php\/wp-json\/wp\/v2\/media?parent=4900"}],"wp:term":[{"taxonomy":"product_brand","embeddable":true,"href":"https:\/\/atelierdessoufflants.com\/index.php\/wp-json\/wp\/v2\/product_brand?post=4900"},{"taxonomy":"product_cat","embeddable":true,"href":"https:\/\/atelierdessoufflants.com\/index.php\/wp-json\/wp\/v2\/product_cat?post=4900"},{"taxonomy":"product_tag","embeddable":true,"href":"https:\/\/atelierdessoufflants.com\/index.php\/wp-json\/wp\/v2\/product_tag?post=4900"}],"curies":[{"name":"wp","href":"https:\/\/api.w.org\/{rel}","templated":true}]}}