{"id":4886,"date":"2025-10-25T11:55:19","date_gmt":"2025-10-25T09:55:19","guid":{"rendered":"https:\/\/atelierdessoufflants.shop\/?post_type=product&#038;p=4886"},"modified":"2026-04-09T19:42:29","modified_gmt":"2026-04-09T17:42:29","slug":"flute-traversiere-jupiter-jfl313-petites-mains-special-enfant","status":"publish","type":"product","link":"https:\/\/atelierdessoufflants.com\/index.php\/produit\/flute-traversiere-jupiter-jfl313-petites-mains-special-enfant\/","title":{"rendered":"Fl\u00fbte traversi\u00e8re JUPITER JFL313 (petites mains sp\u00e9cial enfant)"},"content":{"rendered":"<p><strong>GAMME : \u00e9tude<\/strong><br \/>\n<strong>N\u00b0s\u00e9rie :K466XX<\/strong><\/p>\n<p>Fl\u00fbte traversi\u00e8re\u00a0 JUPITER JFL313 S (fabrication TAIWAN).<br \/>\nUne r\u00e9f\u00e9rence en mod\u00e8le d&rsquo;\u00e9tude pour les plus jeunes, facilit\u00e9 d&rsquo;\u00e9mission, fiabilit\u00e9 et une ergonomie adapt\u00e9e avec son cl\u00e9tage et sa conception simplifi\u00e9e.<\/p>\n<p><strong>CARACT\u00c9RISTIQUES :<br \/>\n<\/strong>-tonalit\u00e9 Ut<br \/>\n-t\u00eate courbe<br \/>\n-plateaux pleins avec pastille ergonomique<br \/>\n-sol d\u00e9cal\u00e9<br \/>\n-poids all\u00e9g\u00e9<br \/>\n-corps en maillechort argent\u00e9<br \/>\n-sans patte d&rsquo;Ut (non indispensable pour un d\u00e9butant)<br \/>\n-descendant au R\u00e9 grave<br \/>\n-\u00e9tui forme semi-rigide<br \/>\n-valeur neuf mod\u00e8le actuel 690 euros environs<\/p>\n","protected":false},"excerpt":{"rendered":"<p>ergonomie sp\u00e9ciale enfant \u00a0\u00bbpetites mains\u00a0\u00bb<\/p>\n","protected":false},"featured_media":4898,"template":"","meta":[],"product_brand":[75],"product_cat":[35,93,39],"product_tag":[],"class_list":{"0":"post-4886","1":"product","2":"type-product","3":"status-publish","4":"has-post-thumbnail","6":"product_brand-jupiter","7":"product_cat-flutes-traversieres","8":"product_cat-locations-flutes-traversieres","9":"product_cat-locations","11":"first","12":"instock","13":"sold-individually","14":"shipping-taxable","15":"purchasable","16":"product-type-simple"},"_links":{"self":[{"href":"https:\/\/atelierdessoufflants.com\/index.php\/wp-json\/wp\/v2\/product\/4886","targetHints":{"allow":["GET"]}}],"collection":[{"href":"https:\/\/atelierdessoufflants.com\/index.php\/wp-json\/wp\/v2\/product"}],"about":[{"href":"https:\/\/atelierdessoufflants.com\/index.php\/wp-json\/wp\/v2\/types\/product"}],"wp:featuredmedia":[{"embeddable":true,"href":"https:\/\/atelierdessoufflants.com\/index.php\/wp-json\/wp\/v2\/media\/4898"}],"wp:attachment":[{"href":"https:\/\/atelierdessoufflants.com\/index.php\/wp-json\/wp\/v2\/media?parent=4886"}],"wp:term":[{"taxonomy":"product_brand","embeddable":true,"href":"https:\/\/atelierdessoufflants.com\/index.php\/wp-json\/wp\/v2\/product_brand?post=4886"},{"taxonomy":"product_cat","embeddable":true,"href":"https:\/\/atelierdessoufflants.com\/index.php\/wp-json\/wp\/v2\/product_cat?post=4886"},{"taxonomy":"product_tag","embeddable":true,"href":"https:\/\/atelierdessoufflants.com\/index.php\/wp-json\/wp\/v2\/product_tag?post=4886"}],"curies":[{"name":"wp","href":"https:\/\/api.w.org\/{rel}","templated":true}]}}