{"id":4879,"date":"2025-10-25T11:51:26","date_gmt":"2025-10-25T09:51:26","guid":{"rendered":"https:\/\/atelierdessoufflants.shop\/?post_type=product&#038;p=4879"},"modified":"2026-04-09T19:45:43","modified_gmt":"2026-04-09T17:45:43","slug":"yamaha-tete-courbe-fhj200u-pour-flute-traversiere-yamaha","status":"publish","type":"product","link":"https:\/\/atelierdessoufflants.com\/index.php\/produit\/yamaha-tete-courbe-fhj200u-pour-flute-traversiere-yamaha\/","title":{"rendered":"YAMAHA T\u00eate courbe FHJ200U pour fl\u00fbte traversi\u00e8re yamaha"},"content":{"rendered":"<p><strong>GAMME : \u00e9tude<\/strong><\/p>\n<p>T\u00eate courbe Yamaha FHJ200U pour Fl\u00fbte traversi\u00e8re\u00a0 Yamaha YFL s\u00e9rie 200 et 300 (YFL 281, 261, 282, 381&#8230;).<br \/>\nUne r\u00e9f\u00e9rence mondiale en mod\u00e8le d&rsquo;\u00e9tude depuis plus de 30 ans, facilit\u00e9 d&rsquo;\u00e9mission, justesse et fiabilit\u00e9.<\/p>\n<p><strong>TYPE DE LOCATION:<\/strong> location trimestrielle<br \/>\n<strong>PAIEMENT:<\/strong> Mensuel par ch\u00e8que, esp\u00e8ces ou virement bancaire<br \/>\n<strong>PI\u00c8CES A FOURNIR:<\/strong><br \/>\n-pi\u00e8ce nationale d&rsquo;identit\u00e9<br \/>\n-relev\u00e9 d&rsquo;identit\u00e9 bancaire<br \/>\n-ch\u00e8que de caution (non encaiss\u00e9)<br \/>\nconsultez les <a href=\"https:\/\/atelierdessoufflants.shop\/index.php\/cgl\/\">CONDITIONS G\u00c9N\u00c9RALES DE LOCATION<\/a><\/p>\n","protected":false},"excerpt":{"rendered":"<p>adapt\u00e9e \u00e0 la morphologie des plus jeunes<\/p>\n","protected":false},"featured_media":4884,"template":"","meta":[],"product_brand":[71],"product_cat":[35,93,39],"product_tag":[],"class_list":{"0":"post-4879","1":"product","2":"type-product","3":"status-publish","4":"has-post-thumbnail","6":"product_brand-yamaha","7":"product_cat-flutes-traversieres","8":"product_cat-locations-flutes-traversieres","9":"product_cat-locations","11":"first","12":"instock","13":"sold-individually","14":"shipping-taxable","15":"purchasable","16":"product-type-simple"},"_links":{"self":[{"href":"https:\/\/atelierdessoufflants.com\/index.php\/wp-json\/wp\/v2\/product\/4879","targetHints":{"allow":["GET"]}}],"collection":[{"href":"https:\/\/atelierdessoufflants.com\/index.php\/wp-json\/wp\/v2\/product"}],"about":[{"href":"https:\/\/atelierdessoufflants.com\/index.php\/wp-json\/wp\/v2\/types\/product"}],"wp:featuredmedia":[{"embeddable":true,"href":"https:\/\/atelierdessoufflants.com\/index.php\/wp-json\/wp\/v2\/media\/4884"}],"wp:attachment":[{"href":"https:\/\/atelierdessoufflants.com\/index.php\/wp-json\/wp\/v2\/media?parent=4879"}],"wp:term":[{"taxonomy":"product_brand","embeddable":true,"href":"https:\/\/atelierdessoufflants.com\/index.php\/wp-json\/wp\/v2\/product_brand?post=4879"},{"taxonomy":"product_cat","embeddable":true,"href":"https:\/\/atelierdessoufflants.com\/index.php\/wp-json\/wp\/v2\/product_cat?post=4879"},{"taxonomy":"product_tag","embeddable":true,"href":"https:\/\/atelierdessoufflants.com\/index.php\/wp-json\/wp\/v2\/product_tag?post=4879"}],"curies":[{"name":"wp","href":"https:\/\/api.w.org\/{rel}","templated":true}]}}