{"id":4857,"date":"2025-10-25T11:41:56","date_gmt":"2025-10-25T09:41:56","guid":{"rendered":"https:\/\/atelierdessoufflants.shop\/?post_type=product&#038;p=4857"},"modified":"2026-01-25T14:46:58","modified_gmt":"2026-01-25T13:46:58","slug":"saxophone-alto-jupiter-565-567-na004xx","status":"publish","type":"product","link":"https:\/\/atelierdessoufflants.com\/index.php\/produit\/saxophone-alto-jupiter-565-567-na004xx\/","title":{"rendered":"Saxophone alto Jupiter 565-567 N\u00b0A004XX"},"content":{"rendered":"<p><strong>GAMME :\u00a0 \u00e9tude<\/strong><br \/>\n<strong>N\u00b0serie : A004XX<\/strong><\/p>\n<p>saxophone alto\u00a0 Jupiter<br \/>\nInstrument parfaitement adapt\u00e9 \u00e0 l&rsquo;apprentissage<br \/>\nLou\u00e9 avec \u00e9tui, cordon et bec, graisse, 1 anche<\/p>\n<p><strong>TYPE DE LOCATION:<\/strong> location trimestrielle<br \/>\n<strong>PAIEMENT:<\/strong> Mensuel par ch\u00e8que, esp\u00e8ces ou virement bancaire<br \/>\n<strong>PI\u00c8CES A FOURNIR:<\/strong><br \/>\n-pi\u00e8ce nationale d&rsquo;identit\u00e9<br \/>\n-relev\u00e9 d&rsquo;identit\u00e9 bancaire<br \/>\n-ch\u00e8que de caution (non encaiss\u00e9)<br \/>\nconsultez les <a href=\"https:\/\/atelierdessoufflants.shop\/index.php\/cgl\/\">CONDITIONS G\u00c9N\u00c9RALES DE LOCATION<\/a><\/p>\n","protected":false},"excerpt":{"rendered":"<p>saxophone \u00e9tude d&rsquo;entr\u00e9e de gamme, plusieurs mod\u00e8les en stock<\/p>\n","protected":false},"featured_media":4859,"template":"","meta":[],"product_brand":[75],"product_cat":[39,37,47],"product_tag":[],"class_list":{"0":"post-4857","1":"product","2":"type-product","3":"status-publish","4":"has-post-thumbnail","6":"product_brand-jupiter","7":"product_cat-locations","8":"product_cat-saxophones","9":"product_cat-ventes","11":"first","12":"instock","13":"sold-individually","14":"shipping-taxable","15":"purchasable","16":"product-type-simple"},"_links":{"self":[{"href":"https:\/\/atelierdessoufflants.com\/index.php\/wp-json\/wp\/v2\/product\/4857","targetHints":{"allow":["GET"]}}],"collection":[{"href":"https:\/\/atelierdessoufflants.com\/index.php\/wp-json\/wp\/v2\/product"}],"about":[{"href":"https:\/\/atelierdessoufflants.com\/index.php\/wp-json\/wp\/v2\/types\/product"}],"wp:featuredmedia":[{"embeddable":true,"href":"https:\/\/atelierdessoufflants.com\/index.php\/wp-json\/wp\/v2\/media\/4859"}],"wp:attachment":[{"href":"https:\/\/atelierdessoufflants.com\/index.php\/wp-json\/wp\/v2\/media?parent=4857"}],"wp:term":[{"taxonomy":"product_brand","embeddable":true,"href":"https:\/\/atelierdessoufflants.com\/index.php\/wp-json\/wp\/v2\/product_brand?post=4857"},{"taxonomy":"product_cat","embeddable":true,"href":"https:\/\/atelierdessoufflants.com\/index.php\/wp-json\/wp\/v2\/product_cat?post=4857"},{"taxonomy":"product_tag","embeddable":true,"href":"https:\/\/atelierdessoufflants.com\/index.php\/wp-json\/wp\/v2\/product_tag?post=4857"}],"curies":[{"name":"wp","href":"https:\/\/api.w.org\/{rel}","templated":true}]}}