{"id":4833,"date":"2025-10-25T11:34:21","date_gmt":"2025-10-25T09:34:21","guid":{"rendered":"https:\/\/atelierdessoufflants.shop\/?post_type=product&#038;p=4833"},"modified":"2025-10-25T17:44:46","modified_gmt":"2025-10-25T15:44:46","slug":"saxophone-alto-selmer-serie-3-sur-demande","status":"publish","type":"product","link":"https:\/\/atelierdessoufflants.com\/index.php\/produit\/saxophone-alto-selmer-serie-3-sur-demande\/","title":{"rendered":"Saxophone alto Selmer s\u00e9rie 3 [SUR DEMANDE]"},"content":{"rendered":"<p><strong>GAMME : Pro<\/strong><br \/>\n<strong>N\u00b0s\u00e9rie : 599XXX<\/strong><\/p>\n<p>Vous voulez vous perfectionner avec un instrument de haute qualit\u00e9 ? Tester le \u00ab\u00a0son selmer\u00a0\u00bb ailleurs que dans un magasin, en condition et de mani\u00e8re approfondie, faire une s\u00e9ance d&rsquo;enregistrement ? etc&#8230;<br \/>\nL&rsquo;atelier propose ce mod\u00e8le pro \u00e0 la location !<br \/>\nChez beaucoup de saxophonistes exp\u00e9riment\u00e9s \u00e0 travers le monde, \u00ab\u00a0Selmer\u00a0\u00bb est plus qu&rsquo;une r\u00e9f\u00e9rence, c&rsquo;est souvent la r\u00e9f\u00e9rence, mais pourquoi? Faites vous votre avis aujourd&rsquo;hui&#8230;<\/p>\n<p>Son, justesse, ergonomie et facilit\u00e9 d&rsquo;\u00e9mission.<br \/>\nCl\u00e9 de correction de justesse pour le C# \u00e0 l&rsquo;octave.<\/p>\n<p>Lou\u00e9 avec \u00e9tui d&rsquo;origine sac \u00e0 dos, avec poche partitions, harnais, bec selmer S90 si besoin, graisse.<\/p>\n","protected":false},"excerpt":{"rendered":"<p>saxophone professionnel pour amateurs exigeants, musiciens pro, session studio, etc&#8230;<\/p>\n","protected":false},"featured_media":4840,"template":"","meta":[],"product_brand":[66],"product_cat":[39,37],"product_tag":[],"class_list":{"0":"post-4833","1":"product","2":"type-product","3":"status-publish","4":"has-post-thumbnail","6":"product_brand-henri-selmer-paris","7":"product_cat-locations","8":"product_cat-saxophones","10":"first","11":"instock","12":"sold-individually","13":"shipping-taxable","14":"purchasable","15":"product-type-simple"},"_links":{"self":[{"href":"https:\/\/atelierdessoufflants.com\/index.php\/wp-json\/wp\/v2\/product\/4833","targetHints":{"allow":["GET"]}}],"collection":[{"href":"https:\/\/atelierdessoufflants.com\/index.php\/wp-json\/wp\/v2\/product"}],"about":[{"href":"https:\/\/atelierdessoufflants.com\/index.php\/wp-json\/wp\/v2\/types\/product"}],"wp:featuredmedia":[{"embeddable":true,"href":"https:\/\/atelierdessoufflants.com\/index.php\/wp-json\/wp\/v2\/media\/4840"}],"wp:attachment":[{"href":"https:\/\/atelierdessoufflants.com\/index.php\/wp-json\/wp\/v2\/media?parent=4833"}],"wp:term":[{"taxonomy":"product_brand","embeddable":true,"href":"https:\/\/atelierdessoufflants.com\/index.php\/wp-json\/wp\/v2\/product_brand?post=4833"},{"taxonomy":"product_cat","embeddable":true,"href":"https:\/\/atelierdessoufflants.com\/index.php\/wp-json\/wp\/v2\/product_cat?post=4833"},{"taxonomy":"product_tag","embeddable":true,"href":"https:\/\/atelierdessoufflants.com\/index.php\/wp-json\/wp\/v2\/product_tag?post=4833"}],"curies":[{"name":"wp","href":"https:\/\/api.w.org\/{rel}","templated":true}]}}