{"id":4814,"date":"2025-10-25T11:25:15","date_gmt":"2025-10-25T09:25:15","guid":{"rendered":"https:\/\/atelierdessoufflants.shop\/?post_type=product&#038;p=4814"},"modified":"2026-01-25T14:48:17","modified_gmt":"2026-01-25T13:48:17","slug":"saxophone-alto-yamaha-yas275-nj025xx","status":"publish","type":"product","link":"https:\/\/atelierdessoufflants.com\/index.php\/produit\/saxophone-alto-yamaha-yas275-nj025xx\/","title":{"rendered":"Saxophone alto Yamaha YAS275 N\u00b0J025XX"},"content":{"rendered":"<p><strong>GAMME : \u00e9tude<\/strong><br \/>\n<strong>N\u00b0s\u00e9rie : J025XX<br \/>\n<\/strong><\/p>\n<p>saxophone alto Yamaha YAS 275<br \/>\nInstrument parfaitement adapt\u00e9 \u00e0 l&rsquo;apprentissage\u00a0 en \u00e9cole de musique.<br \/>\nTr\u00e8s bonne fiabilit\u00e9, justesse, ergonomie et facilit\u00e9 d&rsquo;\u00e9mission.<br \/>\nLou\u00e9 avec \u00e9tui d&rsquo;origine sac \u00e0 dos avec poche partitions, cordon et bec standard fourni.<\/p>\n<p><strong>TYPE DE LOCATION:<\/strong> location trimestrielle<br \/>\n<strong>PAIEMENT:<\/strong> Mensuel par ch\u00e8que, esp\u00e8ces ou virement bancaire<br \/>\n<strong>PI\u00c8CES A FOURNIR:<\/strong><br \/>\n-pi\u00e8ce nationale d&rsquo;identit\u00e9<br \/>\n-relev\u00e9 d&rsquo;identit\u00e9 bancaire<br \/>\n-ch\u00e8que de caution (non encaiss\u00e9)<br \/>\nconsultez les <a href=\"https:\/\/atelierdessoufflants.shop\/index.php\/cgl\/\">CONDITIONS G\u00c9N\u00c9RALES DE LOCATION<\/a><\/p>\n","protected":false},"excerpt":{"rendered":"<p>Une r\u00e9f\u00e9rence en saxophone d&rsquo;\u00e9tude, plusieurs mod\u00e8les en stock<\/p>\n","protected":false},"featured_media":4821,"template":"","meta":[],"product_brand":[71],"product_cat":[39,37,47],"product_tag":[],"class_list":{"0":"post-4814","1":"product","2":"type-product","3":"status-publish","4":"has-post-thumbnail","6":"product_brand-yamaha","7":"product_cat-locations","8":"product_cat-saxophones","9":"product_cat-ventes","11":"first","12":"instock","13":"sold-individually","14":"shipping-taxable","15":"purchasable","16":"product-type-simple"},"_links":{"self":[{"href":"https:\/\/atelierdessoufflants.com\/index.php\/wp-json\/wp\/v2\/product\/4814","targetHints":{"allow":["GET"]}}],"collection":[{"href":"https:\/\/atelierdessoufflants.com\/index.php\/wp-json\/wp\/v2\/product"}],"about":[{"href":"https:\/\/atelierdessoufflants.com\/index.php\/wp-json\/wp\/v2\/types\/product"}],"wp:featuredmedia":[{"embeddable":true,"href":"https:\/\/atelierdessoufflants.com\/index.php\/wp-json\/wp\/v2\/media\/4821"}],"wp:attachment":[{"href":"https:\/\/atelierdessoufflants.com\/index.php\/wp-json\/wp\/v2\/media?parent=4814"}],"wp:term":[{"taxonomy":"product_brand","embeddable":true,"href":"https:\/\/atelierdessoufflants.com\/index.php\/wp-json\/wp\/v2\/product_brand?post=4814"},{"taxonomy":"product_cat","embeddable":true,"href":"https:\/\/atelierdessoufflants.com\/index.php\/wp-json\/wp\/v2\/product_cat?post=4814"},{"taxonomy":"product_tag","embeddable":true,"href":"https:\/\/atelierdessoufflants.com\/index.php\/wp-json\/wp\/v2\/product_tag?post=4814"}],"curies":[{"name":"wp","href":"https:\/\/api.w.org\/{rel}","templated":true}]}}