{"id":4783,"date":"2025-10-25T11:12:10","date_gmt":"2025-10-25T09:12:10","guid":{"rendered":"https:\/\/atelierdessoufflants.shop\/?post_type=product&#038;p=4783"},"modified":"2026-01-25T14:44:38","modified_gmt":"2026-01-25T13:44:38","slug":"saxophone-soprano-courbe-roy-benson-sg-302-parfait-pour-enfant-debutant","status":"publish","type":"product","link":"https:\/\/atelierdessoufflants.com\/index.php\/produit\/saxophone-soprano-courbe-roy-benson-sg-302-parfait-pour-enfant-debutant\/","title":{"rendered":"Saxophone soprano courbe Roy-Benson SG-302 [parfait pour enfant d\u00e9butant]"},"content":{"rendered":"<p><strong>GAMME :\u00a0 \u00e9tude<br \/>\n<\/strong><br \/>\nSaxophone soprano Courbe Roy-Benson SG-302<br \/>\nInstrument parfaitement adapt\u00e9 \u00e0 l&rsquo;apprentissage des enfants, d\u00e8s 5-6 ans jusqu&rsquo;\u00e0 10 ans environ lors du passage \u00e0 l&rsquo;alto. En effet son faible poids et son cl\u00e9tage rapproch\u00e9 ainsi qu&rsquo;une forme proche de celle de l&rsquo;alto permettent l&rsquo;accroche d&rsquo;un cordon qui offre un soutien et un bon maintien.<\/p>\n<p><strong>TYPE DE LOCATION:<\/strong> location trimestrielle<br \/>\n<strong>PAIEMENT:<\/strong> Mensuel par ch\u00e8que, esp\u00e8ces ou virement bancaire<br \/>\n<strong>PI\u00c8CES A FOURNIR:<\/strong><br \/>\n-pi\u00e8ce nationale d&rsquo;identit\u00e9<br \/>\n-relev\u00e9 d&rsquo;identit\u00e9 bancaire<br \/>\n-ch\u00e8que de caution (non encaiss\u00e9)<br \/>\nconsultez les <a href=\"https:\/\/atelierdessoufflants.shop\/index.php\/cgl\/\">CONDITIONS G\u00c9N\u00c9RALES DE LOCATION<\/a><\/p>\n","protected":false},"excerpt":{"rendered":"<p>accessible des 5-6 ans, l\u00e9ger et compact, avec \u00e9tui sac \u00e0 dos, cordon et bec<\/p>\n","protected":false},"featured_media":4788,"template":"","meta":[],"product_brand":[85],"product_cat":[39,37,47],"product_tag":[],"class_list":{"0":"post-4783","1":"product","2":"type-product","3":"status-publish","4":"has-post-thumbnail","6":"product_brand-roy-benson","7":"product_cat-locations","8":"product_cat-saxophones","9":"product_cat-ventes","11":"first","12":"instock","13":"sold-individually","14":"shipping-taxable","15":"purchasable","16":"product-type-simple"},"_links":{"self":[{"href":"https:\/\/atelierdessoufflants.com\/index.php\/wp-json\/wp\/v2\/product\/4783","targetHints":{"allow":["GET"]}}],"collection":[{"href":"https:\/\/atelierdessoufflants.com\/index.php\/wp-json\/wp\/v2\/product"}],"about":[{"href":"https:\/\/atelierdessoufflants.com\/index.php\/wp-json\/wp\/v2\/types\/product"}],"wp:featuredmedia":[{"embeddable":true,"href":"https:\/\/atelierdessoufflants.com\/index.php\/wp-json\/wp\/v2\/media\/4788"}],"wp:attachment":[{"href":"https:\/\/atelierdessoufflants.com\/index.php\/wp-json\/wp\/v2\/media?parent=4783"}],"wp:term":[{"taxonomy":"product_brand","embeddable":true,"href":"https:\/\/atelierdessoufflants.com\/index.php\/wp-json\/wp\/v2\/product_brand?post=4783"},{"taxonomy":"product_cat","embeddable":true,"href":"https:\/\/atelierdessoufflants.com\/index.php\/wp-json\/wp\/v2\/product_cat?post=4783"},{"taxonomy":"product_tag","embeddable":true,"href":"https:\/\/atelierdessoufflants.com\/index.php\/wp-json\/wp\/v2\/product_tag?post=4783"}],"curies":[{"name":"wp","href":"https:\/\/api.w.org\/{rel}","templated":true}]}}