{"id":4778,"date":"2025-10-25T11:05:50","date_gmt":"2025-10-25T09:05:50","guid":{"rendered":"https:\/\/atelierdessoufflants.shop\/?post_type=product&#038;p=4778"},"modified":"2026-01-25T14:43:02","modified_gmt":"2026-01-25T13:43:02","slug":"sousaphone-sib-3-pistons-reynolds-contempora-su-11-usa","status":"publish","type":"product","link":"https:\/\/atelierdessoufflants.com\/index.php\/produit\/sousaphone-sib-3-pistons-reynolds-contempora-su-11-usa\/","title":{"rendered":"sousaphone Sib 3 pistons  Reynolds \u00a0\u00bbContempora SU-11\u00a0\u00bb USA"},"content":{"rendered":"<p><strong>GAMME :<\/strong> pro<br \/>\n<strong>ANN\u00c9E :<\/strong> 1965-1970<\/p>\n<p>Sousaphone en Bb 3 pistons Reynolds \u00ab\u00a0contempora\u00a0\u00bb fabrication USA. finition laiton brut .<br \/>\nCe n&rsquo;est pas le plus puissant de sa cat\u00e9gorie (20K ou 14K CONN) mais tout de m\u00eame un tr\u00e8s bon sousa de perce moyenne, bonne justesse et grain au RDV.<\/p>\n<p>Instrument patin\u00e9 \u00e0 l&rsquo;aspect vintage, un look qui ne conviendra pas \u00e0 tout le monde mais sans aucune incidence sur le son, parfait \u00e9tat de fonctionnent.<\/p>\n<p>Mod\u00e8le que j&rsquo;ai jou\u00e9 personnellement dans l&rsquo;enregistrement suivant:<\/p>\n<p><iframe loading=\"lazy\" src=\"https:\/\/bandcamp.com\/EmbeddedPlayer\/album=2389329289\/size=large\/bgcol=ffffff\/linkcol=0687f5\/tracklist=false\/artwork=small\/track=1672203355\/transparent=true\/\" width=\"undefined\" height=\"undefined\" seamless=\"\"><a href=\"http:\/\/pipoforpeople.bandcamp.com\/album\/2\">#2 by PIPO FOR PEOPLE<\/a><\/iframe><\/p>\n<p><strong>CARACT\u00c9RISTIQUES :<br \/>\n&#8211;<\/strong>Finition d\u00e9verni, laiton brut patin\u00e9<br \/>\n-Pavillon\u00a0 63 cm<br \/>\n-Perce\u00a0 17.4 mm<br \/>\n-poids 11.4 kg<br \/>\n-lou\u00e9 avec embouchure schilke 62<br \/>\n-lou\u00e9 avec \u00c9tui souple sac \u00e0 dos protec<\/p>\n<p>&nbsp;<\/p>\n","protected":false},"excerpt":{"rendered":"<p>Sousaphone USA mod\u00e8le PRO<\/p>\n","protected":false},"featured_media":4780,"template":"","meta":[],"product_brand":[],"product_cat":[39,19,47],"product_tag":[],"class_list":{"0":"post-4778","1":"product","2":"type-product","3":"status-publish","4":"has-post-thumbnail","6":"product_cat-locations","7":"product_cat-tubas-euphoniuns-saxhorns","8":"product_cat-ventes","10":"first","11":"instock","12":"sold-individually","13":"shipping-taxable","14":"purchasable","15":"product-type-simple"},"_links":{"self":[{"href":"https:\/\/atelierdessoufflants.com\/index.php\/wp-json\/wp\/v2\/product\/4778","targetHints":{"allow":["GET"]}}],"collection":[{"href":"https:\/\/atelierdessoufflants.com\/index.php\/wp-json\/wp\/v2\/product"}],"about":[{"href":"https:\/\/atelierdessoufflants.com\/index.php\/wp-json\/wp\/v2\/types\/product"}],"wp:featuredmedia":[{"embeddable":true,"href":"https:\/\/atelierdessoufflants.com\/index.php\/wp-json\/wp\/v2\/media\/4780"}],"wp:attachment":[{"href":"https:\/\/atelierdessoufflants.com\/index.php\/wp-json\/wp\/v2\/media?parent=4778"}],"wp:term":[{"taxonomy":"product_brand","embeddable":true,"href":"https:\/\/atelierdessoufflants.com\/index.php\/wp-json\/wp\/v2\/product_brand?post=4778"},{"taxonomy":"product_cat","embeddable":true,"href":"https:\/\/atelierdessoufflants.com\/index.php\/wp-json\/wp\/v2\/product_cat?post=4778"},{"taxonomy":"product_tag","embeddable":true,"href":"https:\/\/atelierdessoufflants.com\/index.php\/wp-json\/wp\/v2\/product_tag?post=4778"}],"curies":[{"name":"wp","href":"https:\/\/api.w.org\/{rel}","templated":true}]}}