{"id":4776,"date":"2025-10-25T10:57:42","date_gmt":"2025-10-25T08:57:42","guid":{"rendered":"https:\/\/atelierdessoufflants.shop\/?post_type=product&#038;p=4776"},"modified":"2026-01-25T14:48:31","modified_gmt":"2026-01-25T13:48:31","slug":"king-sousaphone-2350-verni-avec-housse-sac-a-dos-et-embouchure","status":"publish","type":"product","link":"https:\/\/atelierdessoufflants.com\/index.php\/produit\/king-sousaphone-2350-verni-avec-housse-sac-a-dos-et-embouchure\/","title":{"rendered":"KING SOUSAPHONE 2350 verni [Avec housse sac \u00e0 dos et embouchure]"},"content":{"rendered":"<p>GAMME:PRO<\/p>\n<p>Une r\u00e9f\u00e9rence dans les sousaphones m\u00e9tal am\u00e9ricain<\/p>\n<p><strong>TYPE DE LOCATION:<\/strong> location trimestrielle<br \/>\n<strong>PAIEMENT:<\/strong> Mensuel par ch\u00e8que, esp\u00e8ces ou virement bancaire<br \/>\n<strong>PI\u00c8CES A FOURNIR:<\/strong><br \/>\n-pi\u00e8ce nationale d&rsquo;identit\u00e9<br \/>\n-relev\u00e9 d&rsquo;identit\u00e9 bancaire<br \/>\n-ch\u00e8que de caution (non encaiss\u00e9)<br \/>\nconsultez les <a href=\"https:\/\/atelierdessoufflants.shop\/index.php\/cgl\/\">CONDITIONS G\u00c9N\u00c9RALES DE LOCATION<\/a><\/p>\n","protected":false},"excerpt":{"rendered":"<p>GAMME:PRO Une r\u00e9f\u00e9rence dans les sousaphones m\u00e9tal am\u00e9ricain TYPE DE LOCATION: location trimestrielle PAIEMENT: Mensuel par ch\u00e8que, esp\u00e8ces ou virement bancaire PI\u00c8CES A FOURNIR: -pi\u00e8ce nationale d&rsquo;identit\u00e9 -relev\u00e9 d&rsquo;identit\u00e9 bancaire -ch\u00e8que de caution (non encaiss\u00e9) consultez les CONDITIONS G\u00c9N\u00c9RALES DE LOCATION<\/p>\n","protected":false},"featured_media":0,"template":"","meta":[],"product_brand":[74],"product_cat":[39,19],"product_tag":[],"class_list":{"0":"post-4776","1":"product","2":"type-product","3":"status-publish","5":"product_brand-king","6":"product_cat-locations","7":"product_cat-tubas-euphoniuns-saxhorns","9":"first","10":"instock","11":"sold-individually","12":"shipping-taxable","13":"purchasable","14":"product-type-simple"},"_links":{"self":[{"href":"https:\/\/atelierdessoufflants.com\/index.php\/wp-json\/wp\/v2\/product\/4776","targetHints":{"allow":["GET"]}}],"collection":[{"href":"https:\/\/atelierdessoufflants.com\/index.php\/wp-json\/wp\/v2\/product"}],"about":[{"href":"https:\/\/atelierdessoufflants.com\/index.php\/wp-json\/wp\/v2\/types\/product"}],"wp:attachment":[{"href":"https:\/\/atelierdessoufflants.com\/index.php\/wp-json\/wp\/v2\/media?parent=4776"}],"wp:term":[{"taxonomy":"product_brand","embeddable":true,"href":"https:\/\/atelierdessoufflants.com\/index.php\/wp-json\/wp\/v2\/product_brand?post=4776"},{"taxonomy":"product_cat","embeddable":true,"href":"https:\/\/atelierdessoufflants.com\/index.php\/wp-json\/wp\/v2\/product_cat?post=4776"},{"taxonomy":"product_tag","embeddable":true,"href":"https:\/\/atelierdessoufflants.com\/index.php\/wp-json\/wp\/v2\/product_tag?post=4776"}],"curies":[{"name":"wp","href":"https:\/\/api.w.org\/{rel}","templated":true}]}}