{"id":4762,"date":"2025-10-25T10:41:26","date_gmt":"2025-10-25T08:41:26","guid":{"rendered":"https:\/\/atelierdessoufflants.shop\/?post_type=product&#038;p=4762"},"modified":"2026-01-25T14:49:26","modified_gmt":"2026-01-25T13:49:26","slug":"tuba-baryton-mtp-3-pistons","status":"publish","type":"product","link":"https:\/\/atelierdessoufflants.com\/index.php\/produit\/tuba-baryton-mtp-3-pistons\/","title":{"rendered":"tuba baryton MTP 3 pistons"},"content":{"rendered":"<p><strong>GAMME :<\/strong> \u00e9tude<\/p>\n<p>tuba baryton\u00a0 3 pistons\u00a0 MTP (conception Allemagne)<\/p>\n<p><strong>CARACT\u00c9RISTIQUES :<\/strong><br \/>\n-Tonalit\u00e9 : Sib<br \/>\n-branche d&#8217;embouchure cuivre rose<br \/>\n-coulisse ext\u00e9rieures maillechort<br \/>\n-renfort sur culasse et cintre<br \/>\n&#8211; \u00d8 pavillon : 250 mm<br \/>\n&#8211; \u00d8 perce : 12,8 mm<br \/>\n&#8211; \u00e9tuis sac a dos et embouchure<br \/>\n&#8211; Bloc pistons \u00e0 syst\u00e8me non compens\u00e9<\/p>\n<p><strong>TYPE DE LOCATION:<\/strong> location trimestrielle<br \/>\n<strong>PAIEMENT:<\/strong> Mensuel par ch\u00e8que, esp\u00e8ces ou virement bancaire<br \/>\n<strong>PI\u00c8CES A FOURNIR:<\/strong><br \/>\n-pi\u00e8ce nationale d&rsquo;identit\u00e9<br \/>\n-relev\u00e9 d&rsquo;identit\u00e9 bancaire<br \/>\n-ch\u00e8que de caution (non encaiss\u00e9)<br \/>\nconsultez les <a href=\"https:\/\/atelierdessoufflants.shop\/index.php\/cgl\/\">CONDITIONS G\u00c9N\u00c9RALES DE LOCATION<\/a><\/p>\n","protected":false},"excerpt":{"rendered":"<p>mod\u00e8le l\u00e9ger, 3 pistons, parfait pour d\u00e9couvrir le tuba<\/p>\n","protected":false},"featured_media":4764,"template":"","meta":[],"product_brand":[88],"product_cat":[39,19],"product_tag":[],"class_list":{"0":"post-4762","1":"product","2":"type-product","3":"status-publish","4":"has-post-thumbnail","6":"product_brand-mtp","7":"product_cat-locations","8":"product_cat-tubas-euphoniuns-saxhorns","10":"first","11":"instock","12":"sold-individually","13":"shipping-taxable","14":"purchasable","15":"product-type-simple"},"_links":{"self":[{"href":"https:\/\/atelierdessoufflants.com\/index.php\/wp-json\/wp\/v2\/product\/4762","targetHints":{"allow":["GET"]}}],"collection":[{"href":"https:\/\/atelierdessoufflants.com\/index.php\/wp-json\/wp\/v2\/product"}],"about":[{"href":"https:\/\/atelierdessoufflants.com\/index.php\/wp-json\/wp\/v2\/types\/product"}],"wp:featuredmedia":[{"embeddable":true,"href":"https:\/\/atelierdessoufflants.com\/index.php\/wp-json\/wp\/v2\/media\/4764"}],"wp:attachment":[{"href":"https:\/\/atelierdessoufflants.com\/index.php\/wp-json\/wp\/v2\/media?parent=4762"}],"wp:term":[{"taxonomy":"product_brand","embeddable":true,"href":"https:\/\/atelierdessoufflants.com\/index.php\/wp-json\/wp\/v2\/product_brand?post=4762"},{"taxonomy":"product_cat","embeddable":true,"href":"https:\/\/atelierdessoufflants.com\/index.php\/wp-json\/wp\/v2\/product_cat?post=4762"},{"taxonomy":"product_tag","embeddable":true,"href":"https:\/\/atelierdessoufflants.com\/index.php\/wp-json\/wp\/v2\/product_tag?post=4762"}],"curies":[{"name":"wp","href":"https:\/\/api.w.org\/{rel}","templated":true}]}}