{"id":4748,"date":"2025-10-25T10:34:10","date_gmt":"2025-10-25T08:34:10","guid":{"rendered":"https:\/\/atelierdessoufflants.shop\/?post_type=product&#038;p=4748"},"modified":"2025-10-25T10:34:10","modified_gmt":"2025-10-25T08:34:10","slug":"cors-kalison-ks-studio-petites-mains","status":"publish","type":"product","link":"https:\/\/atelierdessoufflants.com\/index.php\/produit\/cors-kalison-ks-studio-petites-mains\/","title":{"rendered":"Cors  Kalison KS STUDIO \u00a0\u00bbpetites mains\u00a0\u00bb"},"content":{"rendered":"<p><strong>GAMME :\u00a0 \u00e9tude<\/strong><\/p>\n<p>Cors d&rsquo;harmonie simple en FA finitions vernis Kalison (Italie),\u00a0 plus compact qu&rsquo;un mod\u00e8le classique, son ergonomie et son poids sont vraiment adapt\u00e9s\u00a0 \u00e0 l&rsquo;apprentissage des enfants.<\/p>\n<p><strong>CARACT\u00c9RISTIQUES :<\/strong><br \/>\n-Finitions vernis<br \/>\n-Cor simple avec ton de Fa<br \/>\n-mod\u00e8le compact \u00ab\u00a0petites mains\u00a0\u00bb<br \/>\n&#8211; Pavillon 210 mm<br \/>\n&#8211; en \u00e9tui souple + embouchure.<\/p>\n<p><strong>TYPE DE LOCATION:<\/strong> location trimestrielle<br \/>\n<strong>PAIEMENT:<\/strong> Mensuel par ch\u00e8que, esp\u00e8ces ou virement bancaire<br \/>\n<strong>PI\u00c8CES A FOURNIR:<\/strong><br \/>\n-pi\u00e8ce nationale d&rsquo;identit\u00e9<br \/>\n-relev\u00e9 d&rsquo;identit\u00e9 bancaire<br \/>\n-ch\u00e8que de caution (non encaiss\u00e9)<br \/>\nconsultez les <a href=\"https:\/\/atelierdessoufflants.shop\/index.php\/cgl\/\">CONDITIONS G\u00c9N\u00c9RALES DE LOCATION<\/a><\/p>\n","protected":false},"excerpt":{"rendered":"<p>GAMME :\u00a0 \u00e9tude Cors d&rsquo;harmonie simple en FA finitions vernis Kalison (Italie),\u00a0 plus compact qu&rsquo;un mod\u00e8le classique, son ergonomie et son poids sont vraiment adapt\u00e9s\u00a0 \u00e0 l&rsquo;apprentissage des enfants. CARACT\u00c9RISTIQUES : -Finitions vernis -Cor simple avec ton de Fa -mod\u00e8le compact \u00ab\u00a0petites mains\u00a0\u00bb &#8211; Pavillon 210 mm &#8211; en \u00e9tui souple + embouchure. TYPE DE [&hellip;]<\/p>\n","protected":false},"featured_media":4751,"template":"","meta":[],"product_brand":[],"product_cat":[33,39],"product_tag":[],"class_list":{"0":"post-4748","1":"product","2":"type-product","3":"status-publish","4":"has-post-thumbnail","6":"product_cat-cors","7":"product_cat-locations","9":"first","10":"instock","11":"sold-individually","12":"shipping-taxable","13":"purchasable","14":"product-type-simple"},"_links":{"self":[{"href":"https:\/\/atelierdessoufflants.com\/index.php\/wp-json\/wp\/v2\/product\/4748","targetHints":{"allow":["GET"]}}],"collection":[{"href":"https:\/\/atelierdessoufflants.com\/index.php\/wp-json\/wp\/v2\/product"}],"about":[{"href":"https:\/\/atelierdessoufflants.com\/index.php\/wp-json\/wp\/v2\/types\/product"}],"wp:featuredmedia":[{"embeddable":true,"href":"https:\/\/atelierdessoufflants.com\/index.php\/wp-json\/wp\/v2\/media\/4751"}],"wp:attachment":[{"href":"https:\/\/atelierdessoufflants.com\/index.php\/wp-json\/wp\/v2\/media?parent=4748"}],"wp:term":[{"taxonomy":"product_brand","embeddable":true,"href":"https:\/\/atelierdessoufflants.com\/index.php\/wp-json\/wp\/v2\/product_brand?post=4748"},{"taxonomy":"product_cat","embeddable":true,"href":"https:\/\/atelierdessoufflants.com\/index.php\/wp-json\/wp\/v2\/product_cat?post=4748"},{"taxonomy":"product_tag","embeddable":true,"href":"https:\/\/atelierdessoufflants.com\/index.php\/wp-json\/wp\/v2\/product_tag?post=4748"}],"curies":[{"name":"wp","href":"https:\/\/api.w.org\/{rel}","templated":true}]}}