{"id":4719,"date":"2025-10-25T10:27:38","date_gmt":"2025-10-25T08:27:38","guid":{"rendered":"https:\/\/atelierdessoufflants.shop\/?post_type=product&#038;p=4719"},"modified":"2026-01-25T14:50:05","modified_gmt":"2026-01-25T13:50:05","slug":"trombone-a-pistons-yamaha-ysl354v","status":"publish","type":"product","link":"https:\/\/atelierdessoufflants.com\/index.php\/produit\/trombone-a-pistons-yamaha-ysl354v\/","title":{"rendered":"Trombone \u00e0 pistons yamaha YSL354V"},"content":{"rendered":"<p><strong>GAMME : semi-pro<\/strong><\/p>\n<p>Trombone t\u00e9nor \u00e0 pistons Yamaha 354V<\/p>\n<p><strong>CARACT\u00c9RISTIQUES :<br \/>\n<\/strong>-Pavillon d\u00e9vernis de 204mm<strong><br \/>\n<\/strong>-perce 12.7mm<strong><br \/>\n<\/strong>-3 pistons alliage monel<br \/>\n-coulisses ext\u00e9rieures maillechort<br \/>\n-tonalit\u00e9 sib<br \/>\n-fly case valise en dur<br \/>\n-valeur neuf 1800 euros<\/p>\n<p><strong>TYPE DE LOCATION:<\/strong> location trimestrielle<br \/>\n<strong>PAIEMENT:<\/strong> Mensuel par ch\u00e8que, esp\u00e8ces ou virement bancaire<br \/>\n<strong>PI\u00c8CES A FOURNIR:<\/strong><br \/>\n-pi\u00e8ce nationale d&rsquo;identit\u00e9<br \/>\n-relev\u00e9 d&rsquo;identit\u00e9 bancaire<br \/>\n-ch\u00e8que de caution (non encaiss\u00e9)<br \/>\nconsultez les <a href=\"https:\/\/atelierdessoufflants.shop\/index.php\/cgl\/\">CONDITIONS G\u00c9N\u00c9RALES DE LOCATION<\/a><\/p>\n","protected":false},"excerpt":{"rendered":"<p>GAMME : semi-pro Trombone t\u00e9nor \u00e0 pistons Yamaha 354V CARACT\u00c9RISTIQUES : -Pavillon d\u00e9vernis de 204mm -perce 12.7mm -3 pistons alliage monel -coulisses ext\u00e9rieures maillechort -tonalit\u00e9 sib -fly case valise en dur -valeur neuf 1800 euros TYPE DE LOCATION: location trimestrielle PAIEMENT: Mensuel par ch\u00e8que, esp\u00e8ces ou virement bancaire PI\u00c8CES A FOURNIR: -pi\u00e8ce nationale d&rsquo;identit\u00e9 -relev\u00e9 [&hellip;]<\/p>\n","protected":false},"featured_media":4722,"template":"","meta":[],"product_brand":[71],"product_cat":[39,31],"product_tag":[],"class_list":{"0":"post-4719","1":"product","2":"type-product","3":"status-publish","4":"has-post-thumbnail","6":"product_brand-yamaha","7":"product_cat-locations","8":"product_cat-trombones","10":"first","11":"instock","12":"sold-individually","13":"shipping-taxable","14":"purchasable","15":"product-type-simple"},"_links":{"self":[{"href":"https:\/\/atelierdessoufflants.com\/index.php\/wp-json\/wp\/v2\/product\/4719","targetHints":{"allow":["GET"]}}],"collection":[{"href":"https:\/\/atelierdessoufflants.com\/index.php\/wp-json\/wp\/v2\/product"}],"about":[{"href":"https:\/\/atelierdessoufflants.com\/index.php\/wp-json\/wp\/v2\/types\/product"}],"wp:featuredmedia":[{"embeddable":true,"href":"https:\/\/atelierdessoufflants.com\/index.php\/wp-json\/wp\/v2\/media\/4722"}],"wp:attachment":[{"href":"https:\/\/atelierdessoufflants.com\/index.php\/wp-json\/wp\/v2\/media?parent=4719"}],"wp:term":[{"taxonomy":"product_brand","embeddable":true,"href":"https:\/\/atelierdessoufflants.com\/index.php\/wp-json\/wp\/v2\/product_brand?post=4719"},{"taxonomy":"product_cat","embeddable":true,"href":"https:\/\/atelierdessoufflants.com\/index.php\/wp-json\/wp\/v2\/product_cat?post=4719"},{"taxonomy":"product_tag","embeddable":true,"href":"https:\/\/atelierdessoufflants.com\/index.php\/wp-json\/wp\/v2\/product_tag?post=4719"}],"curies":[{"name":"wp","href":"https:\/\/api.w.org\/{rel}","templated":true}]}}