{"id":4678,"date":"2025-10-25T09:47:09","date_gmt":"2025-10-25T07:47:09","guid":{"rendered":"https:\/\/atelierdessoufflants.shop\/?post_type=product&#038;p=4678"},"modified":"2026-01-25T14:50:23","modified_gmt":"2026-01-25T13:50:23","slug":"selmer-trompette-c700-ut-avec-caisse-et-embouchure","status":"publish","type":"product","link":"https:\/\/atelierdessoufflants.com\/index.php\/produit\/selmer-trompette-c700-ut-avec-caisse-et-embouchure\/","title":{"rendered":"SELMER Trompette C700 UT  [avec caisse et embouchure]"},"content":{"rendered":"<p><strong>GAMME : PRO<\/strong><br \/>\n<strong>ANN\u00c9E : 1978<\/strong><br \/>\n<strong>N\u00b0s\u00e9rie : 68XXX<\/strong><\/p>\n<p>trompette SELMER C700 UT<br \/>\nEn TBE pour son \u00e2ge, parfait \u00e9tat m\u00e9canique<\/p>\n<div class=\"col-12 mb-2 d-flex\">\n<p>Perce: Large 11,75 (L)<br \/>\nPavillon: Large (L)<br \/>\nCorps en laiton<br \/>\nBranche : Maillechort<br \/>\nCoulisses ext: en maillechort<br \/>\n3 pistons<br \/>\nFinition: laiton verni<br \/>\navec fly caisse d&rsquo;origine SELMER<\/p>\n<\/div>\n<p><strong><br \/>\nTYPE DE LOCATION: location trimestrielle<br \/>\nPAIEMENT: Mensuel par ch\u00e8que, esp\u00e8ces ou virement bancaire<br \/>\nPI\u00c8CES A FOURNIR:<br \/>\n-pi\u00e8ce nationale d&rsquo;identit\u00e9<br \/>\n-relev\u00e9 d&rsquo;identit\u00e9 bancaire<br \/>\n-ch\u00e8que de caution (non encaiss\u00e9)<br \/>\nconsultez les <a href=\"https:\/\/atelierdessoufflants.shop\/index.php\/cgl\/\">CONDITIONS G\u00c9N\u00c9RALES DE LOCATION<\/a><br \/>\n<\/strong><\/p>\n","protected":false},"excerpt":{"rendered":"<p>instrument pro<\/p>\n","protected":false},"featured_media":4679,"template":"","meta":[],"product_brand":[66],"product_cat":[39,38],"product_tag":[],"class_list":{"0":"post-4678","1":"product","2":"type-product","3":"status-publish","4":"has-post-thumbnail","6":"product_brand-henri-selmer-paris","7":"product_cat-locations","8":"product_cat-trompettes-cornets-bugle","10":"first","11":"instock","12":"sold-individually","13":"shipping-taxable","14":"purchasable","15":"product-type-simple"},"_links":{"self":[{"href":"https:\/\/atelierdessoufflants.com\/index.php\/wp-json\/wp\/v2\/product\/4678","targetHints":{"allow":["GET"]}}],"collection":[{"href":"https:\/\/atelierdessoufflants.com\/index.php\/wp-json\/wp\/v2\/product"}],"about":[{"href":"https:\/\/atelierdessoufflants.com\/index.php\/wp-json\/wp\/v2\/types\/product"}],"wp:featuredmedia":[{"embeddable":true,"href":"https:\/\/atelierdessoufflants.com\/index.php\/wp-json\/wp\/v2\/media\/4679"}],"wp:attachment":[{"href":"https:\/\/atelierdessoufflants.com\/index.php\/wp-json\/wp\/v2\/media?parent=4678"}],"wp:term":[{"taxonomy":"product_brand","embeddable":true,"href":"https:\/\/atelierdessoufflants.com\/index.php\/wp-json\/wp\/v2\/product_brand?post=4678"},{"taxonomy":"product_cat","embeddable":true,"href":"https:\/\/atelierdessoufflants.com\/index.php\/wp-json\/wp\/v2\/product_cat?post=4678"},{"taxonomy":"product_tag","embeddable":true,"href":"https:\/\/atelierdessoufflants.com\/index.php\/wp-json\/wp\/v2\/product_tag?post=4678"}],"curies":[{"name":"wp","href":"https:\/\/api.w.org\/{rel}","templated":true}]}}