{"id":4653,"date":"2025-10-25T09:37:27","date_gmt":"2025-10-25T07:37:27","guid":{"rendered":"https:\/\/atelierdessoufflants.shop\/?post_type=product&#038;p=4653"},"modified":"2026-01-25T14:53:01","modified_gmt":"2026-01-25T13:53:01","slug":"cornet-getzen-300-series","status":"publish","type":"product","link":"https:\/\/atelierdessoufflants.com\/index.php\/produit\/cornet-getzen-300-series\/","title":{"rendered":"Cornet Getzen 300 s\u00e9ries"},"content":{"rendered":"<p><strong>GAMME :\u00a0 \u00e9tude<\/strong><br \/>\n<strong>N\u00b0s\u00e9rie :<\/strong><\/p>\n<p>Cornet \u00e0 pistons Sib GETZEN 300 s\u00e9ries<\/p>\n<p>-perce 11.68mm<br \/>\n-branche embouchure et pavillon laiton<br \/>\n-coulisse 3\u00e8me mobile, anneau r\u00e9glable<br \/>\n-coulisse int\u00e9rieure maillechort<br \/>\n-pistonnage nickel getzen (le top du confort)<br \/>\n-tr\u00e8s bon \u00e9tat g\u00e9n\u00e9ral<\/p>\n<p>Instrument parfaitement adapt\u00e9 \u00e0 l&rsquo;apprentissage\u00a0 en \u00e9cole de musique ou autre.<br \/>\nInstrument pr\u00e9conis\u00e9 pour les jeunes enfants voulant commencer le petit cuivre : sa petite taille, sa perce plus conique qu&rsquo;une trompette en font l&rsquo;instrument id\u00e9al pour se pr\u00e9parer quelques ann\u00e9es avant le passage \u00e0 la fameuse trompette.<br \/>\nLou\u00e9 avec \u00e9tui d&rsquo;origine et embouchure.<\/p>\n<p><strong>TYPE DE LOCATION:<\/strong> location trimestrielle<br \/>\n<strong>PAIEMENT:<\/strong> Mensuel par ch\u00e8que, esp\u00e8ces ou virement bancaire<br \/>\n<strong>PI\u00c8CES A FOURNIR:<\/strong><br \/>\n-pi\u00e8ce nationale d&rsquo;identit\u00e9<br \/>\n-relev\u00e9 d&rsquo;identit\u00e9 bancaire<br \/>\n-ch\u00e8que de caution (non encaiss\u00e9)<br \/>\nconsultez les <a href=\"https:\/\/atelierdessoufflants.shop\/index.php\/cgl\/\">CONDITIONS G\u00c9N\u00c9RALES DE LOCATION<\/a><\/p>\n","protected":false},"excerpt":{"rendered":"<p>un super cornet d&rsquo;\u00e9tude, made in USA, fiable et robuste<\/p>\n","protected":false},"featured_media":4657,"template":"","meta":[],"product_brand":[84],"product_cat":[39,38,47],"product_tag":[],"class_list":{"0":"post-4653","1":"product","2":"type-product","3":"status-publish","4":"has-post-thumbnail","6":"product_brand-getzen","7":"product_cat-locations","8":"product_cat-trompettes-cornets-bugle","9":"product_cat-ventes","11":"first","12":"instock","13":"sold-individually","14":"shipping-taxable","15":"purchasable","16":"product-type-simple"},"_links":{"self":[{"href":"https:\/\/atelierdessoufflants.com\/index.php\/wp-json\/wp\/v2\/product\/4653","targetHints":{"allow":["GET"]}}],"collection":[{"href":"https:\/\/atelierdessoufflants.com\/index.php\/wp-json\/wp\/v2\/product"}],"about":[{"href":"https:\/\/atelierdessoufflants.com\/index.php\/wp-json\/wp\/v2\/types\/product"}],"wp:featuredmedia":[{"embeddable":true,"href":"https:\/\/atelierdessoufflants.com\/index.php\/wp-json\/wp\/v2\/media\/4657"}],"wp:attachment":[{"href":"https:\/\/atelierdessoufflants.com\/index.php\/wp-json\/wp\/v2\/media?parent=4653"}],"wp:term":[{"taxonomy":"product_brand","embeddable":true,"href":"https:\/\/atelierdessoufflants.com\/index.php\/wp-json\/wp\/v2\/product_brand?post=4653"},{"taxonomy":"product_cat","embeddable":true,"href":"https:\/\/atelierdessoufflants.com\/index.php\/wp-json\/wp\/v2\/product_cat?post=4653"},{"taxonomy":"product_tag","embeddable":true,"href":"https:\/\/atelierdessoufflants.com\/index.php\/wp-json\/wp\/v2\/product_tag?post=4653"}],"curies":[{"name":"wp","href":"https:\/\/api.w.org\/{rel}","templated":true}]}}