{"id":4595,"date":"2025-10-25T01:24:28","date_gmt":"2025-10-24T23:24:28","guid":{"rendered":"https:\/\/atelierdessoufflants.shop\/?post_type=product&#038;p=4595"},"modified":"2025-10-25T01:24:28","modified_gmt":"2025-10-24T23:24:28","slug":"antoine-courtois-ac166-vernis-saxhorn-basse","status":"publish","type":"product","link":"https:\/\/atelierdessoufflants.com\/index.php\/produit\/antoine-courtois-ac166-vernis-saxhorn-basse\/","title":{"rendered":"ANTOINE COURTOIS AC166 VERNIS SAXHORN BASSE"},"content":{"rendered":"<p><strong>GAMME : Pro<\/strong><br \/>\n<strong>ANN\u00c9E :<\/strong><br \/>\n<strong>N\u00b0s\u00e9rie :<\/strong><\/p>\n<p>Saxhorn Basse 4 pistons (3+2) argent\u00e9 Antoine Courtois AC166<br \/>\nDans la pure tradition fran\u00e7aise du saxhorn, fabriqu\u00e9 dans la manufacture A.Courtois a Amboise (37).<\/p>\n<p>Instrument en tr\u00e8s bon \u00e9tat m\u00e9canique, enti\u00e8rement r\u00e9vis\u00e9 et graiss\u00e9, tr\u00e8s bonne compression pistons<br \/>\ntraces de d\u00e9bosselage et imperfections vernis<\/p>\n<p><strong>CARACT\u00c9RISTIQUES TECHNIQUES:<br \/>\n<\/strong><br \/>\n&#8211; Tonalit\u00e9 : Sib<br \/>\n&#8211; Bloc pistons \u00e0 syst\u00e8me non compens\u00e9<br \/>\n&#8211; Pavillon fait main en laiton jaune<br \/>\n&#8211; \u00d8 pavillon : 280 mm (11.02&Prime;)<br \/>\n&#8211; \u00d8 perce conique : 15 &lt; 16 mm (.590&lt;.630&Prime;)<br \/>\n&#8211; Corps instrumental enti\u00e8rement d\u00e9montable<br \/>\n&#8211; Intervalle de quarte au 4\u00e8me piston<br \/>\n&#8211; Intervalle de quinte au 5\u00e8me piston<\/p>\n<p>AC164 : mod\u00e8le \u00e0 4 pistons (3 + 1)<br \/>\nAC166 : mod\u00e8le \u00e0 5 pistons (3 + 2)<\/p>\n<p>vendu avec \u00e9tui , embouchure courtois<\/p>\n","protected":false},"excerpt":{"rendered":"<p>saxhorn tradition francaise 5 pistons, fabrication AMBOISE (37), TBE<\/p>\n","protected":false},"featured_media":4599,"template":"","meta":[],"product_brand":[],"product_cat":[17,19,47],"product_tag":[],"class_list":{"0":"post-4595","1":"product","2":"type-product","3":"status-publish","4":"has-post-thumbnail","6":"product_cat-occasions","7":"product_cat-tubas-euphoniuns-saxhorns","8":"product_cat-ventes","10":"first","11":"outofstock","12":"sold-individually","13":"shipping-taxable","14":"product-type-simple"},"_links":{"self":[{"href":"https:\/\/atelierdessoufflants.com\/index.php\/wp-json\/wp\/v2\/product\/4595","targetHints":{"allow":["GET"]}}],"collection":[{"href":"https:\/\/atelierdessoufflants.com\/index.php\/wp-json\/wp\/v2\/product"}],"about":[{"href":"https:\/\/atelierdessoufflants.com\/index.php\/wp-json\/wp\/v2\/types\/product"}],"wp:featuredmedia":[{"embeddable":true,"href":"https:\/\/atelierdessoufflants.com\/index.php\/wp-json\/wp\/v2\/media\/4599"}],"wp:attachment":[{"href":"https:\/\/atelierdessoufflants.com\/index.php\/wp-json\/wp\/v2\/media?parent=4595"}],"wp:term":[{"taxonomy":"product_brand","embeddable":true,"href":"https:\/\/atelierdessoufflants.com\/index.php\/wp-json\/wp\/v2\/product_brand?post=4595"},{"taxonomy":"product_cat","embeddable":true,"href":"https:\/\/atelierdessoufflants.com\/index.php\/wp-json\/wp\/v2\/product_cat?post=4595"},{"taxonomy":"product_tag","embeddable":true,"href":"https:\/\/atelierdessoufflants.com\/index.php\/wp-json\/wp\/v2\/product_tag?post=4595"}],"curies":[{"name":"wp","href":"https:\/\/api.w.org\/{rel}","templated":true}]}}