{"id":4533,"date":"2025-10-25T01:01:28","date_gmt":"2025-10-24T23:01:28","guid":{"rendered":"https:\/\/atelierdessoufflants.shop\/?post_type=product&#038;p=4533"},"modified":"2026-04-12T12:12:40","modified_gmt":"2026-04-12T10:12:40","slug":"jupiter-jtr1002-trompette-bb-en-tbe-usage-semi-pro","status":"publish","type":"product","link":"https:\/\/atelierdessoufflants.com\/index.php\/produit\/jupiter-jtr1002-trompette-bb-en-tbe-usage-semi-pro\/","title":{"rendered":"JUPITER JTR1002 TROMPETTE Bb [ En TBE+, usage semi-pro]"},"content":{"rendered":"<p><strong>GAMME : semi-pro \/ pro<\/strong><br \/>\n<strong>ANN\u00c9E : 1995-2000<\/strong><br \/>\n<strong>N\u00b0s\u00e9rie :11XXXX<\/strong><\/p>\n<p>trompette Jupiter JTR 1002 vernis, mod\u00e8le\u00a0 haut de gamme de la marque pendant les ann\u00e9es 2000<\/p>\n<p>enti\u00e8rement r\u00e9vis\u00e9e et contr\u00f4l\u00e9e, tr\u00e8s bon \u00e9tat m\u00e9canique, pistonnage impeccable (peu servi)<br \/>\ndes traces d&rsquo;imperfection de vernis et de petits d\u00e9bosselage par endroits.<\/p>\n<p>parfait \u00e9tat de fonctionnement&#8230;<\/p>\n<p>&nbsp;<\/p>\n<p><strong>CARACT\u00c9RISTIQUES:<br \/>\n<\/strong>-Tonalit\u00e9 Sib<br \/>\n-2 Entre-deux niveau coulisse d\u2019accord principale<br \/>\n-Pavillon laiton jaune 1 pi\u00e8ce diam\u00e8tre 126mm (large)<br \/>\n-pistons en alliage monel<br \/>\n-fourreau de coulisse en maillechort<br \/>\n-Anneau fixe sur la coulisse mobile 3\u00e8me et poucier sur coulisse 1<br \/>\n-cl\u00e9 d&rsquo;eau type \u00ab\u00a0AMADO\u00a0\u00bb sur coulisse d&rsquo;accord et coulisse troisi\u00e8me<br \/>\n-Perce ML 11.68 mm<br \/>\n-Embouchure : vincent BACH 7C<br \/>\n-Etui : yamaha\u00a0 avec rangement<\/p>\n<p><strong>Valeur neuf (mod\u00e8le actuel \u00e9quivalent ) environ 1100-1200 euros <\/strong><\/p>\n<p><strong>GARANTIE 1 AN<\/strong><\/p>\n","protected":false},"excerpt":{"rendered":"<p>trompette pavillon large, perce ML, pr\u00e9vue pour un usage intensif<\/p>\n","protected":false},"featured_media":4549,"template":"","meta":[],"product_brand":[],"product_cat":[17,98,38,47],"product_tag":[],"class_list":{"0":"post-4533","1":"product","2":"type-product","3":"status-publish","4":"has-post-thumbnail","6":"product_cat-occasions","7":"product_cat-trompettes-occasion-vendu","8":"product_cat-trompettes-cornets-bugle","9":"product_cat-ventes","11":"first","12":"outofstock","13":"sold-individually","14":"shipping-taxable","15":"product-type-simple"},"_links":{"self":[{"href":"https:\/\/atelierdessoufflants.com\/index.php\/wp-json\/wp\/v2\/product\/4533","targetHints":{"allow":["GET"]}}],"collection":[{"href":"https:\/\/atelierdessoufflants.com\/index.php\/wp-json\/wp\/v2\/product"}],"about":[{"href":"https:\/\/atelierdessoufflants.com\/index.php\/wp-json\/wp\/v2\/types\/product"}],"wp:featuredmedia":[{"embeddable":true,"href":"https:\/\/atelierdessoufflants.com\/index.php\/wp-json\/wp\/v2\/media\/4549"}],"wp:attachment":[{"href":"https:\/\/atelierdessoufflants.com\/index.php\/wp-json\/wp\/v2\/media?parent=4533"}],"wp:term":[{"taxonomy":"product_brand","embeddable":true,"href":"https:\/\/atelierdessoufflants.com\/index.php\/wp-json\/wp\/v2\/product_brand?post=4533"},{"taxonomy":"product_cat","embeddable":true,"href":"https:\/\/atelierdessoufflants.com\/index.php\/wp-json\/wp\/v2\/product_cat?post=4533"},{"taxonomy":"product_tag","embeddable":true,"href":"https:\/\/atelierdessoufflants.com\/index.php\/wp-json\/wp\/v2\/product_tag?post=4533"}],"curies":[{"name":"wp","href":"https:\/\/api.w.org\/{rel}","templated":true}]}}