{"id":4488,"date":"2025-10-25T00:48:51","date_gmt":"2025-10-24T22:48:51","guid":{"rendered":"https:\/\/atelierdessoufflants.shop\/?post_type=product&#038;p=4488"},"modified":"2025-10-25T18:07:06","modified_gmt":"2025-10-25T16:07:06","slug":"selmer-clarinette-bb-prologue-ii-tbe-tampons-neuf","status":"publish","type":"product","link":"https:\/\/atelierdessoufflants.com\/index.php\/produit\/selmer-clarinette-bb-prologue-ii-tbe-tampons-neuf\/","title":{"rendered":"SELMER CLARINETTE Bb PROLOGUE II [TBE, tampons neuf ]"},"content":{"rendered":"<p><strong>GAMME :\u00a0 semi-pro<\/strong><br \/>\n<strong>ANN\u00c9E : 2001<\/strong><br \/>\n<strong>N\u00b0s\u00e9rie :07XXX<\/strong><\/p>\n<p>Clarinette\u00a0 \u00e9b\u00e8ne Selmer ( fabrication France) \u00ab\u00a0prologue II\u00a0\u00bb<br \/>\nUn instrument semi-pro haut de gamme.<br \/>\nre-tamponn\u00e9e cuir en janvier 2018<br \/>\nParfaitement adapt\u00e9 un apprentissage s\u00e9rieux et au perfectionnement<br \/>\nvendue avec \u00e9tui forme compact, bec Vandoren B45 + ligature vandoren optimum m\u00e9tal, couvre bec plastique<\/p>\n<p><strong>GARANTIE 1 AN<\/p>\n<p><\/strong><\/p>\n","protected":false},"excerpt":{"rendered":"<p>clarinette Selmer semi-pro enti\u00e8rement refaite tr\u00e8s bon \u00e9tat g\u00e9n\u00e9ral<\/p>\n","protected":false},"featured_media":4491,"template":"","meta":[],"product_brand":[66],"product_cat":[36,70,17,47],"product_tag":[],"class_list":{"0":"post-4488","1":"product","2":"type-product","3":"status-publish","4":"has-post-thumbnail","6":"product_brand-henri-selmer-paris","7":"product_cat-clarinettes","8":"product_cat-clarinettes-occasion-vendu","9":"product_cat-occasions","10":"product_cat-ventes","12":"first","13":"outofstock","14":"sold-individually","15":"shipping-taxable","16":"product-type-simple"},"_links":{"self":[{"href":"https:\/\/atelierdessoufflants.com\/index.php\/wp-json\/wp\/v2\/product\/4488","targetHints":{"allow":["GET"]}}],"collection":[{"href":"https:\/\/atelierdessoufflants.com\/index.php\/wp-json\/wp\/v2\/product"}],"about":[{"href":"https:\/\/atelierdessoufflants.com\/index.php\/wp-json\/wp\/v2\/types\/product"}],"wp:featuredmedia":[{"embeddable":true,"href":"https:\/\/atelierdessoufflants.com\/index.php\/wp-json\/wp\/v2\/media\/4491"}],"wp:attachment":[{"href":"https:\/\/atelierdessoufflants.com\/index.php\/wp-json\/wp\/v2\/media?parent=4488"}],"wp:term":[{"taxonomy":"product_brand","embeddable":true,"href":"https:\/\/atelierdessoufflants.com\/index.php\/wp-json\/wp\/v2\/product_brand?post=4488"},{"taxonomy":"product_cat","embeddable":true,"href":"https:\/\/atelierdessoufflants.com\/index.php\/wp-json\/wp\/v2\/product_cat?post=4488"},{"taxonomy":"product_tag","embeddable":true,"href":"https:\/\/atelierdessoufflants.com\/index.php\/wp-json\/wp\/v2\/product_tag?post=4488"}],"curies":[{"name":"wp","href":"https:\/\/api.w.org\/{rel}","templated":true}]}}