{"id":4437,"date":"2025-10-25T00:44:18","date_gmt":"2025-10-24T22:44:18","guid":{"rendered":"https:\/\/atelierdessoufflants.shop\/?post_type=product&#038;p=4437"},"modified":"2025-10-25T18:07:19","modified_gmt":"2025-10-25T16:07:19","slug":"buffet-crampon-e13-clarinette-tbe-tampons-neuf-etui-neuf","status":"publish","type":"product","link":"https:\/\/atelierdessoufflants.com\/index.php\/produit\/buffet-crampon-e13-clarinette-tbe-tampons-neuf-etui-neuf\/","title":{"rendered":"BUFFET CRAMPON E13 CLARINETTE [TBE, tampons neuf, \u00e9tui neuf]"},"content":{"rendered":"<p><strong>GAMME : semi-pro<\/strong><br \/>\n<strong>ANN\u00c9E : <\/strong><br \/>\n<strong>N\u00b0s\u00e9rie :K94XXX<\/strong><\/p>\n<p>Une clarinette issue de la c\u00e9l\u00e8bre manufacture de clarinette\u00a0 Buffet Crampon (\u00e0 Mantes la Jolie).<br \/>\nLa E13 est une r\u00e9f\u00e9rence dans sa cat\u00e9gorie depuis plus de 30 ans, elle accompagne amateurs et professionnels dans les conservatoires, les \u00e9coles de musique et les orchestres d\u2019harmonies du monde entier.<\/p>\n<p>Mod\u00e8le tout \u00e9b\u00e8ne fabriqu\u00e9 dans les ateliers de la marque Fran\u00e7aise, elle a toutes les caract\u00e9ristiques techniques de la de gamme semi-professionnelle : cl\u00e9s et plaquage argent, ressorts plats et aiguilles bleuis, vis \u00e0 pointe et tenons en li\u00e8ges naturels.<br \/>\nInstrument mont\u00e9 avec tampons cuir et li\u00e8ge (tampons Chedeville Lelandais France), enti\u00e8rement r\u00e9vis\u00e9 et contr\u00f4l\u00e9 a l&rsquo;atelier .<\/p>\n<p>vendu avec \u00e9tui neuf DH (sac a dos) et bec vandoren 5RV<\/p>\n<p><strong>GARANTIE 1 AN<\/strong><\/p>\n","protected":false},"excerpt":{"rendered":"<p>GAMME : semi-pro ANN\u00c9E : N\u00b0s\u00e9rie :K94XXX Une clarinette issue de la c\u00e9l\u00e8bre manufacture de clarinette\u00a0 Buffet Crampon (\u00e0 Mantes la Jolie). La E13 est une r\u00e9f\u00e9rence dans sa cat\u00e9gorie depuis plus de 30 ans, elle accompagne amateurs et professionnels dans les conservatoires, les \u00e9coles de musique et les orchestres d\u2019harmonies du monde entier. Mod\u00e8le [&hellip;]<\/p>\n","protected":false},"featured_media":4440,"template":"","meta":[],"product_brand":[72],"product_cat":[36,70,17,47],"product_tag":[],"class_list":{"0":"post-4437","1":"product","2":"type-product","3":"status-publish","4":"has-post-thumbnail","6":"product_brand-buffet-crampon","7":"product_cat-clarinettes","8":"product_cat-clarinettes-occasion-vendu","9":"product_cat-occasions","10":"product_cat-ventes","12":"first","13":"outofstock","14":"sold-individually","15":"shipping-taxable","16":"product-type-simple"},"_links":{"self":[{"href":"https:\/\/atelierdessoufflants.com\/index.php\/wp-json\/wp\/v2\/product\/4437","targetHints":{"allow":["GET"]}}],"collection":[{"href":"https:\/\/atelierdessoufflants.com\/index.php\/wp-json\/wp\/v2\/product"}],"about":[{"href":"https:\/\/atelierdessoufflants.com\/index.php\/wp-json\/wp\/v2\/types\/product"}],"wp:featuredmedia":[{"embeddable":true,"href":"https:\/\/atelierdessoufflants.com\/index.php\/wp-json\/wp\/v2\/media\/4440"}],"wp:attachment":[{"href":"https:\/\/atelierdessoufflants.com\/index.php\/wp-json\/wp\/v2\/media?parent=4437"}],"wp:term":[{"taxonomy":"product_brand","embeddable":true,"href":"https:\/\/atelierdessoufflants.com\/index.php\/wp-json\/wp\/v2\/product_brand?post=4437"},{"taxonomy":"product_cat","embeddable":true,"href":"https:\/\/atelierdessoufflants.com\/index.php\/wp-json\/wp\/v2\/product_cat?post=4437"},{"taxonomy":"product_tag","embeddable":true,"href":"https:\/\/atelierdessoufflants.com\/index.php\/wp-json\/wp\/v2\/product_tag?post=4437"}],"curies":[{"name":"wp","href":"https:\/\/api.w.org\/{rel}","templated":true}]}}