{"id":4413,"date":"2025-10-25T00:32:04","date_gmt":"2025-10-24T22:32:04","guid":{"rendered":"https:\/\/atelierdessoufflants.shop\/?post_type=product&#038;p=4413"},"modified":"2025-10-25T00:32:04","modified_gmt":"2025-10-24T22:32:04","slug":"bach-trombone-36b-argente-perce-moyenne-tbe-avec-etui-et-embouchure","status":"publish","type":"product","link":"https:\/\/atelierdessoufflants.com\/index.php\/produit\/bach-trombone-36b-argente-perce-moyenne-tbe-avec-etui-et-embouchure\/","title":{"rendered":"BACH TROMBONE 36B argent\u00e9 [perce moyenne, TBE ++, avec \u00e9tui et embouchure]"},"content":{"rendered":"<p><strong>GAMME : pro<\/strong><br \/>\n<strong>ANN\u00c9E : <\/strong><br \/>\n<strong>N\u00b0s\u00e9rie : coulisse 61XXX corps 87XXX<\/strong><\/p>\n<p>Sib\/ Fa (ferm\u00e9)<br \/>\nfinition argent\u00e9<br \/>\nPerce ML .525&Prime; = 13,34mm<br \/>\nPavillon 8&Prime; = 203mm<br \/>\ntr\u00e8s bel \u00e9tat g\u00e9n\u00e9ral: coulisse et corps, m\u00e9canique impeccable<br \/>\nquelques petites rayures superficielles \u00e0 l\u2019ext\u00e9rieur du pavillon<br \/>\nlivr\u00e9 avec \u00e9tui \u00e0 roulette fabrication BAM (France) possibilit\u00e9 sangle sac a dos<br \/>\nembouchure non fournie<\/p>\n<p><strong>GARANTIE 1 AN<\/strong><\/p>\n","protected":false},"excerpt":{"rendered":"<p>une r\u00e9f\u00e9rence en trombone complet de perce moyenne, tr\u00e8s bel \u00e9tat g\u00e9n\u00e9ral, fabrication USA<\/p>\n","protected":false},"featured_media":4436,"template":"","meta":[],"product_brand":[],"product_cat":[17,31,47],"product_tag":[],"class_list":{"0":"post-4413","1":"product","2":"type-product","3":"status-publish","4":"has-post-thumbnail","6":"product_cat-occasions","7":"product_cat-trombones","8":"product_cat-ventes","10":"first","11":"outofstock","12":"sold-individually","13":"shipping-taxable","14":"product-type-simple"},"_links":{"self":[{"href":"https:\/\/atelierdessoufflants.com\/index.php\/wp-json\/wp\/v2\/product\/4413","targetHints":{"allow":["GET"]}}],"collection":[{"href":"https:\/\/atelierdessoufflants.com\/index.php\/wp-json\/wp\/v2\/product"}],"about":[{"href":"https:\/\/atelierdessoufflants.com\/index.php\/wp-json\/wp\/v2\/types\/product"}],"wp:featuredmedia":[{"embeddable":true,"href":"https:\/\/atelierdessoufflants.com\/index.php\/wp-json\/wp\/v2\/media\/4436"}],"wp:attachment":[{"href":"https:\/\/atelierdessoufflants.com\/index.php\/wp-json\/wp\/v2\/media?parent=4413"}],"wp:term":[{"taxonomy":"product_brand","embeddable":true,"href":"https:\/\/atelierdessoufflants.com\/index.php\/wp-json\/wp\/v2\/product_brand?post=4413"},{"taxonomy":"product_cat","embeddable":true,"href":"https:\/\/atelierdessoufflants.com\/index.php\/wp-json\/wp\/v2\/product_cat?post=4413"},{"taxonomy":"product_tag","embeddable":true,"href":"https:\/\/atelierdessoufflants.com\/index.php\/wp-json\/wp\/v2\/product_tag?post=4413"}],"curies":[{"name":"wp","href":"https:\/\/api.w.org\/{rel}","templated":true}]}}