{"id":4406,"date":"2025-10-25T00:26:04","date_gmt":"2025-10-24T22:26:04","guid":{"rendered":"https:\/\/atelierdessoufflants.shop\/?post_type=product&#038;p=4406"},"modified":"2025-10-25T01:08:30","modified_gmt":"2025-10-24T23:08:30","slug":"willson-2727-ta-euphonium-3-pistons-tbe-argente-mecanique-top","status":"publish","type":"product","link":"https:\/\/atelierdessoufflants.com\/index.php\/produit\/willson-2727-ta-euphonium-3-pistons-tbe-argente-mecanique-top\/","title":{"rendered":"WILLSON 2727 TA EUPHONIUM 3 pistons [TBE+++, argent\u00e9, m\u00e9canique TOP]"},"content":{"rendered":"<p><strong>GAMME : PRO<\/strong><br \/>\n<strong>ANN\u00c9E : <\/strong><br \/>\n<strong>N\u00b0s\u00e9rie :<\/strong><\/p>\n<p>&nbsp;<\/p>\n<p>Euphonium Willson 2727 TA\u00a0 \u00e9tat irr\u00e9prochable, superbe sonorit\u00e9, m\u00e9canique tr\u00e8s confortable<\/p>\n<p>syst\u00e8me compens\u00e9 3 pistons<br \/>\nfinition argent\u00e9<br \/>\nperce 15 mm<br \/>\npoids 3,9 kg<br \/>\npistons acier inoxydable<br \/>\nguide pistons nylon<br \/>\nr\u00e9cup\u00e9rateur\u00a0 de gouttes , gouti\u00e8re sous les pistons<\/p>\n<p>avec \u00e9tui d&rsquo;origine sangle et embouchure<\/p>\n<p><strong>GARANTIE 1 AN<\/strong><\/p>\n","protected":false},"excerpt":{"rendered":"<p>fabrication Suisse haut de gamme, \u00e9tat proche du neuf<\/p>\n","protected":false},"featured_media":4407,"template":"","meta":[],"product_brand":[],"product_cat":[17,19,47],"product_tag":[],"class_list":{"0":"post-4406","1":"product","2":"type-product","3":"status-publish","4":"has-post-thumbnail","6":"product_cat-occasions","7":"product_cat-tubas-euphoniuns-saxhorns","8":"product_cat-ventes","10":"first","11":"outofstock","12":"sold-individually","13":"shipping-taxable","14":"product-type-simple"},"_links":{"self":[{"href":"https:\/\/atelierdessoufflants.com\/index.php\/wp-json\/wp\/v2\/product\/4406","targetHints":{"allow":["GET"]}}],"collection":[{"href":"https:\/\/atelierdessoufflants.com\/index.php\/wp-json\/wp\/v2\/product"}],"about":[{"href":"https:\/\/atelierdessoufflants.com\/index.php\/wp-json\/wp\/v2\/types\/product"}],"wp:featuredmedia":[{"embeddable":true,"href":"https:\/\/atelierdessoufflants.com\/index.php\/wp-json\/wp\/v2\/media\/4407"}],"wp:attachment":[{"href":"https:\/\/atelierdessoufflants.com\/index.php\/wp-json\/wp\/v2\/media?parent=4406"}],"wp:term":[{"taxonomy":"product_brand","embeddable":true,"href":"https:\/\/atelierdessoufflants.com\/index.php\/wp-json\/wp\/v2\/product_brand?post=4406"},{"taxonomy":"product_cat","embeddable":true,"href":"https:\/\/atelierdessoufflants.com\/index.php\/wp-json\/wp\/v2\/product_cat?post=4406"},{"taxonomy":"product_tag","embeddable":true,"href":"https:\/\/atelierdessoufflants.com\/index.php\/wp-json\/wp\/v2\/product_tag?post=4406"}],"curies":[{"name":"wp","href":"https:\/\/api.w.org\/{rel}","templated":true}]}}