{"id":4347,"date":"2025-10-25T00:02:25","date_gmt":"2025-10-24T22:02:25","guid":{"rendered":"https:\/\/atelierdessoufflants.shop\/?post_type=product&#038;p=4347"},"modified":"2025-10-25T18:07:41","modified_gmt":"2025-10-25T16:07:41","slug":"clarinette-noblet-4n-leblanc-tbe-pavillon-resine-corps-ebene-tampons-neuf","status":"publish","type":"product","link":"https:\/\/atelierdessoufflants.com\/index.php\/produit\/clarinette-noblet-4n-leblanc-tbe-pavillon-resine-corps-ebene-tampons-neuf\/","title":{"rendered":"clarinette Noblet 4N Leblanc [TBE ++, pavillon r\u00e9sine, corps \u00e9b\u00e8ne, tampons neuf]"},"content":{"rendered":"<p><strong>GAMME : \u00e9tude\/interm\u00e9diaire<\/strong><br \/>\n<strong>ANN\u00c9E : environ 1990<\/strong><br \/>\n<strong>N\u00b0s\u00e9rie :A35XXX<\/strong><\/p>\n<p>Clarinette Sib NOBLET 4N Leblanc (fabrication France) mod\u00e8le tout \u00e9b\u00e8ne sauf pavillon en r\u00e9sine, cl\u00e9tage nickel\u00e9, fabrication tr\u00e8s robuste typique de chez Leblanc France.<\/p>\n<p>L&rsquo;instrument a \u00e9tait enti\u00e8rement re-tamponn\u00e9 en tampon cuir blanc haut de gamme (Chedeville Lelandais France) et r\u00e9vis\u00e9. La m\u00e9canique, les ressorts, et l&rsquo;\u00e9b\u00e8ne sont en excellant \u00e9tat, cet instrument n&rsquo;a pas \u00e9tait beaucoup\u00a0 jou\u00e9, aucune trace d&rsquo;usure.<\/p>\n<p>Une tr\u00e8s bonne clarinette d&rsquo;\u00e9tude en \u00e9b\u00e8ne dans la tradition Leblanc, robuste et facile d&rsquo;\u00e9mission en tr\u00e8s bon \u00e9tat.<\/p>\n<p>Bec et \u00e9tui d&rsquo;origine Leblanc<\/p>\n<p><strong>GARANTIE 1 AN<\/strong><\/p>\n","protected":false},"excerpt":{"rendered":"<p>mod\u00e8le en \u00e9b\u00e8ne, pavillon r\u00e9sine, fabrication LEBLANC France, re-tamponn\u00e9e cuir, TBE<\/p>\n","protected":false},"featured_media":4350,"template":"","meta":[],"product_brand":[76],"product_cat":[36,70,17,47],"product_tag":[],"class_list":{"0":"post-4347","1":"product","2":"type-product","3":"status-publish","4":"has-post-thumbnail","6":"product_brand-leblanc-noblet","7":"product_cat-clarinettes","8":"product_cat-clarinettes-occasion-vendu","9":"product_cat-occasions","10":"product_cat-ventes","12":"first","13":"outofstock","14":"sold-individually","15":"shipping-taxable","16":"product-type-simple"},"_links":{"self":[{"href":"https:\/\/atelierdessoufflants.com\/index.php\/wp-json\/wp\/v2\/product\/4347","targetHints":{"allow":["GET"]}}],"collection":[{"href":"https:\/\/atelierdessoufflants.com\/index.php\/wp-json\/wp\/v2\/product"}],"about":[{"href":"https:\/\/atelierdessoufflants.com\/index.php\/wp-json\/wp\/v2\/types\/product"}],"wp:featuredmedia":[{"embeddable":true,"href":"https:\/\/atelierdessoufflants.com\/index.php\/wp-json\/wp\/v2\/media\/4350"}],"wp:attachment":[{"href":"https:\/\/atelierdessoufflants.com\/index.php\/wp-json\/wp\/v2\/media?parent=4347"}],"wp:term":[{"taxonomy":"product_brand","embeddable":true,"href":"https:\/\/atelierdessoufflants.com\/index.php\/wp-json\/wp\/v2\/product_brand?post=4347"},{"taxonomy":"product_cat","embeddable":true,"href":"https:\/\/atelierdessoufflants.com\/index.php\/wp-json\/wp\/v2\/product_cat?post=4347"},{"taxonomy":"product_tag","embeddable":true,"href":"https:\/\/atelierdessoufflants.com\/index.php\/wp-json\/wp\/v2\/product_tag?post=4347"}],"curies":[{"name":"wp","href":"https:\/\/api.w.org\/{rel}","templated":true}]}}