{"id":4339,"date":"2025-10-24T23:40:51","date_gmt":"2025-10-24T21:40:51","guid":{"rendered":"https:\/\/atelierdessoufflants.shop\/?post_type=product&#038;p=4339"},"modified":"2026-03-20T18:12:33","modified_gmt":"2026-03-20T17:12:33","slug":"selmer-saxophone-tenor-mark-vi-argente-etat-irreprochable-tbe","status":"publish","type":"product","link":"https:\/\/atelierdessoufflants.com\/index.php\/produit\/selmer-saxophone-tenor-mark-vi-argente-etat-irreprochable-tbe\/","title":{"rendered":"SELMER SAXOPHONE T\u00c9NOR MARK VI [Argent\u00e9, \u00e9tat irr\u00e9prochable, TBE+++]"},"content":{"rendered":"<p>GAMME : PRO<br \/>\nANN\u00c9E : 1962<br \/>\nN\u00b0s\u00e9rie : 98XXX<\/p>\n<p>En \u00e9tat remarquable, comme neuf pour son \u00e2ge (visible \u00e0 l&rsquo;atelier)<\/p>\n<p>Il sera vendu apr\u00e8s remise en \u00e9tat compl\u00e8te.<\/p>\n<p>2\u00e8me main<\/p>\n<p>Vendu avec \u00e9tui d&rsquo;origine et bec m\u00e9tal Selmer d&rsquo;origine<\/p>\n<p><strong>\u00a0GARANTIE 1 AN<\/strong><\/p>\n","protected":false},"excerpt":{"rendered":"<p>Mod\u00e8le semi-pro, Buffet Crampon (France), tampons cuir et li\u00e8ge TBE<\/p>\n","protected":false},"featured_media":4346,"template":"","meta":[],"product_brand":[66],"product_cat":[17,37,47],"product_tag":[],"class_list":{"0":"post-4339","1":"product","2":"type-product","3":"status-publish","4":"has-post-thumbnail","6":"product_brand-henri-selmer-paris","7":"product_cat-occasions","8":"product_cat-saxophones","9":"product_cat-ventes","11":"first","12":"outofstock","13":"sold-individually","14":"shipping-taxable","15":"product-type-simple"},"_links":{"self":[{"href":"https:\/\/atelierdessoufflants.com\/index.php\/wp-json\/wp\/v2\/product\/4339","targetHints":{"allow":["GET"]}}],"collection":[{"href":"https:\/\/atelierdessoufflants.com\/index.php\/wp-json\/wp\/v2\/product"}],"about":[{"href":"https:\/\/atelierdessoufflants.com\/index.php\/wp-json\/wp\/v2\/types\/product"}],"wp:featuredmedia":[{"embeddable":true,"href":"https:\/\/atelierdessoufflants.com\/index.php\/wp-json\/wp\/v2\/media\/4346"}],"wp:attachment":[{"href":"https:\/\/atelierdessoufflants.com\/index.php\/wp-json\/wp\/v2\/media?parent=4339"}],"wp:term":[{"taxonomy":"product_brand","embeddable":true,"href":"https:\/\/atelierdessoufflants.com\/index.php\/wp-json\/wp\/v2\/product_brand?post=4339"},{"taxonomy":"product_cat","embeddable":true,"href":"https:\/\/atelierdessoufflants.com\/index.php\/wp-json\/wp\/v2\/product_cat?post=4339"},{"taxonomy":"product_tag","embeddable":true,"href":"https:\/\/atelierdessoufflants.com\/index.php\/wp-json\/wp\/v2\/product_tag?post=4339"}],"curies":[{"name":"wp","href":"https:\/\/api.w.org\/{rel}","templated":true}]}}