{"id":4293,"date":"2025-10-24T23:31:10","date_gmt":"2025-10-24T21:31:10","guid":{"rendered":"https:\/\/atelierdessoufflants.shop\/?post_type=product&#038;p=4293"},"modified":"2026-04-12T12:13:50","modified_gmt":"2026-04-12T10:13:50","slug":"holton-trompette-modele-48-revelation-annee-30s-vintage-mais-moderne","status":"publish","type":"product","link":"https:\/\/atelierdessoufflants.com\/index.php\/produit\/holton-trompette-modele-48-revelation-annee-30s-vintage-mais-moderne\/","title":{"rendered":"HOLTON TROMPETTE mod\u00e8le 48 r\u00e9v\u00e9lation [ ANN\u00c9E 30&rsquo;s, vintage mais moderne&#8230;]"},"content":{"rendered":"<p><strong>GAMME : Pro<\/strong><br \/>\n<strong>ANN\u00c9E : 1929-1930<\/strong><br \/>\n<strong>N\u00b0s\u00e9rie:814XX<\/strong><br \/>\n<strong>MOD\u00c8LE: Mod 48<\/strong><br \/>\n<strong>s\u00e9rie r\u00e9v\u00e9lation<\/strong><\/p>\n<p>Une trompette ultra moderne pour son \u00e2ge.<\/p>\n<p><strong>Caract\u00e9ristique:<\/strong><br \/>\nPerce 11.65 mm<br \/>\nBranche invers\u00e9 LP (Low pitch 440 Hz)<br \/>\nPistonnage avec avec guide piston m\u00e9tal d\u00e9montable comme actuellement<br \/>\nRessort\u00a0 piston sup\u00e9rieur<br \/>\nCoulisse 3 mobile<br \/>\nFinition argent\u00e9 sabl\u00e9<br \/>\nBoisseau de queue d&#8217;embouchure moderne<br \/>\nSyst\u00e8me de blocage coulisse d&rsquo;accord<\/p>\n<p>Fabrication am\u00e9ricaine HOLTON Elkhorn (Wisconsin)<br \/>\nInstrument en tr\u00e8s bon \u00e9tat de conservation.<\/p>\n<p>Trompette enti\u00e8rement r\u00e9vis\u00e9e et restaur\u00e9e, elle joue parfaitement.<br \/>\nPistonnage restaur\u00e9 par plaquage pour une compression optimale<\/p>\n<p>\u00c9tuis d&rsquo;origine \u00ab\u00a0dans son jus\u00a0\u00bb<br \/>\n\u00c0 essayer !!! avis aux amateurs et collectionneurs<\/p>\n<p><strong>GARANTIE 1 AN<\/strong><\/p>\n","protected":false},"excerpt":{"rendered":"<p>Trompette am\u00e9ricaine vintage , avant garde des trompettes actuelle de jazz<\/p>\n","protected":false},"featured_media":4298,"template":"","meta":[],"product_brand":[],"product_cat":[17,98,38,47],"product_tag":[],"class_list":{"0":"post-4293","1":"product","2":"type-product","3":"status-publish","4":"has-post-thumbnail","6":"product_cat-occasions","7":"product_cat-trompettes-occasion-vendu","8":"product_cat-trompettes-cornets-bugle","9":"product_cat-ventes","11":"first","12":"outofstock","13":"sold-individually","14":"shipping-taxable","15":"product-type-simple"},"_links":{"self":[{"href":"https:\/\/atelierdessoufflants.com\/index.php\/wp-json\/wp\/v2\/product\/4293","targetHints":{"allow":["GET"]}}],"collection":[{"href":"https:\/\/atelierdessoufflants.com\/index.php\/wp-json\/wp\/v2\/product"}],"about":[{"href":"https:\/\/atelierdessoufflants.com\/index.php\/wp-json\/wp\/v2\/types\/product"}],"wp:featuredmedia":[{"embeddable":true,"href":"https:\/\/atelierdessoufflants.com\/index.php\/wp-json\/wp\/v2\/media\/4298"}],"wp:attachment":[{"href":"https:\/\/atelierdessoufflants.com\/index.php\/wp-json\/wp\/v2\/media?parent=4293"}],"wp:term":[{"taxonomy":"product_brand","embeddable":true,"href":"https:\/\/atelierdessoufflants.com\/index.php\/wp-json\/wp\/v2\/product_brand?post=4293"},{"taxonomy":"product_cat","embeddable":true,"href":"https:\/\/atelierdessoufflants.com\/index.php\/wp-json\/wp\/v2\/product_cat?post=4293"},{"taxonomy":"product_tag","embeddable":true,"href":"https:\/\/atelierdessoufflants.com\/index.php\/wp-json\/wp\/v2\/product_tag?post=4293"}],"curies":[{"name":"wp","href":"https:\/\/api.w.org\/{rel}","templated":true}]}}