{"id":4282,"date":"2025-10-24T23:24:11","date_gmt":"2025-10-24T21:24:11","guid":{"rendered":"https:\/\/atelierdessoufflants.shop\/?post_type=product&#038;p=4282"},"modified":"2025-10-24T23:24:11","modified_gmt":"2025-10-24T21:24:11","slug":"yamaha-yfl22n-flute-traversiere","status":"publish","type":"product","link":"https:\/\/atelierdessoufflants.com\/index.php\/produit\/yamaha-yfl22n-flute-traversiere\/","title":{"rendered":"YAMAHA YFL22N FLUTE TRAVERSI\u00c8RE"},"content":{"rendered":"<p>GAMME : \u00e9tude<br \/>\nANN\u00c9E :<br \/>\nN\u00b0s\u00e9rie :008XXX<\/p>\n<p>&nbsp;<\/p>\n<p>Flute d&rsquo;\u00e9tude yamaha,\u00a0 ancien mod\u00e8le, avec plateaux pleins et sol d\u00e9cal\u00e9, mod\u00e8le 22N fabrication Japonaise.<\/p>\n<p>Mod\u00e8le en tr\u00e8s bon \u00e9tat , tampons de moins de deux ans, enti\u00e8rement r\u00e9vis\u00e9 .<\/p>\n<p>Parfait pour l&rsquo;apprentissage de l&rsquo;instrument ou pour un adulte ne voulant pas boucher les anneaux.<\/p>\n<p>Flute yamaha tr\u00e8s propre sous garantie \u00e0 moins de 300 euros, occasion rare!<\/p>\n<p><strong>GARANTIE 1 AN<\/strong><\/p>\n","protected":false},"excerpt":{"rendered":"<p>tr\u00e8s bon \u00e9tat, plateaux pleins, cl\u00e9tage de SOL d\u00e9cal\u00e9, r\u00e9vision OK, petit prix<\/p>\n","protected":false},"featured_media":4286,"template":"","meta":[],"product_brand":[],"product_cat":[35,17,47],"product_tag":[],"class_list":{"0":"post-4282","1":"product","2":"type-product","3":"status-publish","4":"has-post-thumbnail","6":"product_cat-flutes-traversieres","7":"product_cat-occasions","8":"product_cat-ventes","10":"first","11":"outofstock","12":"sold-individually","13":"shipping-taxable","14":"product-type-simple"},"_links":{"self":[{"href":"https:\/\/atelierdessoufflants.com\/index.php\/wp-json\/wp\/v2\/product\/4282","targetHints":{"allow":["GET"]}}],"collection":[{"href":"https:\/\/atelierdessoufflants.com\/index.php\/wp-json\/wp\/v2\/product"}],"about":[{"href":"https:\/\/atelierdessoufflants.com\/index.php\/wp-json\/wp\/v2\/types\/product"}],"wp:featuredmedia":[{"embeddable":true,"href":"https:\/\/atelierdessoufflants.com\/index.php\/wp-json\/wp\/v2\/media\/4286"}],"wp:attachment":[{"href":"https:\/\/atelierdessoufflants.com\/index.php\/wp-json\/wp\/v2\/media?parent=4282"}],"wp:term":[{"taxonomy":"product_brand","embeddable":true,"href":"https:\/\/atelierdessoufflants.com\/index.php\/wp-json\/wp\/v2\/product_brand?post=4282"},{"taxonomy":"product_cat","embeddable":true,"href":"https:\/\/atelierdessoufflants.com\/index.php\/wp-json\/wp\/v2\/product_cat?post=4282"},{"taxonomy":"product_tag","embeddable":true,"href":"https:\/\/atelierdessoufflants.com\/index.php\/wp-json\/wp\/v2\/product_tag?post=4282"}],"curies":[{"name":"wp","href":"https:\/\/api.w.org\/{rel}","templated":true}]}}