{"id":4198,"date":"2025-10-24T23:02:34","date_gmt":"2025-10-24T21:02:34","guid":{"rendered":"https:\/\/atelierdessoufflants.shop\/?post_type=product&#038;p=4198"},"modified":"2026-03-20T18:38:33","modified_gmt":"2026-03-20T17:38:33","slug":"saxophone-baryton-yanagisawa-b901made-in-japan-finition-verni","status":"publish","type":"product","link":"https:\/\/atelierdessoufflants.com\/index.php\/produit\/saxophone-baryton-yanagisawa-b901made-in-japan-finition-verni\/","title":{"rendered":"saxophone baryton YANAGISAWA B901[made in JAPAN, finition verni]"},"content":{"rendered":"<p><strong>GAMME : PRO<\/strong><br \/>\n<strong>ANN\u00c9E : 2014<\/strong><br \/>\n<strong>N\u00b0s\u00e9rie : 333XXX<\/strong><\/p>\n<p>&nbsp;<\/p>\n<p>Saxophone baryton Yanagisawa B901 vernis grav\u00e9<\/p>\n<p>(1er main) TBE<\/p>\n<p>&nbsp;<\/p>\n<p><strong>GARANTIE 1 AN<\/strong><\/p>\n","protected":false},"excerpt":{"rendered":"<p>tr\u00e8s bonne facture, grande fiabilit\u00e9, excellent \u00e9tat<\/p>\n","protected":false},"featured_media":4204,"template":"","meta":[],"product_brand":[90],"product_cat":[17,37,47],"product_tag":[],"class_list":{"0":"post-4198","1":"product","2":"type-product","3":"status-publish","4":"has-post-thumbnail","6":"product_brand-yanagisawa","7":"product_cat-occasions","8":"product_cat-saxophones","9":"product_cat-ventes","11":"first","12":"outofstock","13":"sold-individually","14":"shipping-taxable","15":"product-type-simple"},"_links":{"self":[{"href":"https:\/\/atelierdessoufflants.com\/index.php\/wp-json\/wp\/v2\/product\/4198","targetHints":{"allow":["GET"]}}],"collection":[{"href":"https:\/\/atelierdessoufflants.com\/index.php\/wp-json\/wp\/v2\/product"}],"about":[{"href":"https:\/\/atelierdessoufflants.com\/index.php\/wp-json\/wp\/v2\/types\/product"}],"wp:featuredmedia":[{"embeddable":true,"href":"https:\/\/atelierdessoufflants.com\/index.php\/wp-json\/wp\/v2\/media\/4204"}],"wp:attachment":[{"href":"https:\/\/atelierdessoufflants.com\/index.php\/wp-json\/wp\/v2\/media?parent=4198"}],"wp:term":[{"taxonomy":"product_brand","embeddable":true,"href":"https:\/\/atelierdessoufflants.com\/index.php\/wp-json\/wp\/v2\/product_brand?post=4198"},{"taxonomy":"product_cat","embeddable":true,"href":"https:\/\/atelierdessoufflants.com\/index.php\/wp-json\/wp\/v2\/product_cat?post=4198"},{"taxonomy":"product_tag","embeddable":true,"href":"https:\/\/atelierdessoufflants.com\/index.php\/wp-json\/wp\/v2\/product_tag?post=4198"}],"curies":[{"name":"wp","href":"https:\/\/api.w.org\/{rel}","templated":true}]}}