{"id":418,"date":"2025-04-16T17:47:30","date_gmt":"2025-04-16T15:47:30","guid":{"rendered":"http:\/\/libre.etche.net\/?post_type=product&#038;p=418"},"modified":"2026-01-25T14:50:55","modified_gmt":"2026-01-25T13:50:55","slug":"trombone-tenor-yamaha-ysl-354","status":"publish","type":"product","link":"https:\/\/atelierdessoufflants.com\/index.php\/produit\/trombone-tenor-yamaha-ysl-354\/","title":{"rendered":"Trombone t\u00e9nor yamaha YSL 354"},"content":{"rendered":"<p><strong>GAMME : \u00e9tude<\/strong><br \/>\nTrombone\u00a0 \u00e0 coulisse t\u00e9nor simple mod\u00e8le YAMAHA YSL354<\/p>\n<p><strong>caract\u00e9ristiques :<br \/>\n<\/strong>-Pavillon 204mm<strong><br \/>\n<\/strong>-perce 12.7mm (M)<strong><br \/>\n<\/strong>-coulisse int\u00e9rieure chrom\u00e9<br \/>\n-coulisses ext\u00e9rieures maillechort<br \/>\n-tonalit\u00e9 sib<br \/>\n-fly case semi rigide sac \u00e0 dos grand format avec poche \u00e0 partitions<br \/>\n-valeur neuf 975 euros environs<br \/>\n-avec embouchure<\/p>\n<p>&nbsp;<\/p>\n<p><strong>TYPE DE LOCATION:<\/strong> location trimestrielle<br \/>\n<strong>PAIEMENT:<\/strong> Mensuel par ch\u00e8que, esp\u00e8ces ou virement bancaire<br \/>\n<strong>PI\u00c8CES A FOURNIR:<\/strong><br \/>\n-pi\u00e8ce nationale d&rsquo;identit\u00e9<br \/>\n-relev\u00e9 d&rsquo;identit\u00e9 bancaire<br \/>\n-ch\u00e8que de caution (non encaiss\u00e9)<br \/>\nconsultez les <a href=\"https:\/\/atelierdessoufflants.shop\/index.php\/cgl\/\">CONDITIONS G\u00c9N\u00c9RALES DE LOCATION<\/a><\/p>\n","protected":false},"excerpt":{"rendered":"<p>trombone simple, id\u00e9al pour apprendre l&rsquo;instrument<\/p>\n","protected":false},"featured_media":417,"template":"","meta":[],"product_brand":[71],"product_cat":[39,31],"product_tag":[],"class_list":{"0":"post-418","1":"product","2":"type-product","3":"status-publish","4":"has-post-thumbnail","6":"product_brand-yamaha","7":"product_cat-locations","8":"product_cat-trombones","10":"first","11":"instock","12":"sold-individually","13":"shipping-taxable","14":"purchasable","15":"product-type-simple"},"_links":{"self":[{"href":"https:\/\/atelierdessoufflants.com\/index.php\/wp-json\/wp\/v2\/product\/418","targetHints":{"allow":["GET"]}}],"collection":[{"href":"https:\/\/atelierdessoufflants.com\/index.php\/wp-json\/wp\/v2\/product"}],"about":[{"href":"https:\/\/atelierdessoufflants.com\/index.php\/wp-json\/wp\/v2\/types\/product"}],"wp:featuredmedia":[{"embeddable":true,"href":"https:\/\/atelierdessoufflants.com\/index.php\/wp-json\/wp\/v2\/media\/417"}],"wp:attachment":[{"href":"https:\/\/atelierdessoufflants.com\/index.php\/wp-json\/wp\/v2\/media?parent=418"}],"wp:term":[{"taxonomy":"product_brand","embeddable":true,"href":"https:\/\/atelierdessoufflants.com\/index.php\/wp-json\/wp\/v2\/product_brand?post=418"},{"taxonomy":"product_cat","embeddable":true,"href":"https:\/\/atelierdessoufflants.com\/index.php\/wp-json\/wp\/v2\/product_cat?post=418"},{"taxonomy":"product_tag","embeddable":true,"href":"https:\/\/atelierdessoufflants.com\/index.php\/wp-json\/wp\/v2\/product_tag?post=418"}],"curies":[{"name":"wp","href":"https:\/\/api.w.org\/{rel}","templated":true}]}}