{"id":4174,"date":"2025-10-24T22:58:01","date_gmt":"2025-10-24T20:58:01","guid":{"rendered":"https:\/\/atelierdessoufflants.shop\/?post_type=product&#038;p=4174"},"modified":"2025-10-24T22:58:01","modified_gmt":"2025-10-24T20:58:01","slug":"euphonium-besson-bb-3-pistons-compenses-argente-fabrication-angleterre","status":"publish","type":"product","link":"https:\/\/atelierdessoufflants.com\/index.php\/produit\/euphonium-besson-bb-3-pistons-compenses-argente-fabrication-angleterre\/","title":{"rendered":"Euphonium BESSON Bb 3 pistons compens\u00e9s [Argent\u00e9, fabrication Angleterre]"},"content":{"rendered":"<p><strong>GAMME : PRO<\/strong><br \/>\n<strong>ANN\u00c9E :1970<\/strong><br \/>\n<strong>N\u00b0s\u00e9rie :473XXX<\/strong><\/p>\n<p>Euphonium Sib 3 Pistons (syst\u00e8me compens\u00e9) Marque BESSON, fabrication Anglaise. Mod\u00e8le \u00ab\u00a0New Standard\u00a0\u00bb, finition argent\u00e9 et argent\u00e9 satin\u00e9, petite perce.<br \/>\nParfait \u00e9tat de marche, Tr\u00e8s bon \u00e9tat m\u00e9canique (coulisse, pistons, cl\u00e9 d&rsquo;eau), enti\u00e8rement r\u00e9vis\u00e9,\u00a0 quelques petites traces de d\u00e9bosselage sur les coulisses set la branche d&#8217;embouchure.<br \/>\nDivers petits impacts sur le renfort de la culasse, mais sans aucune gravit\u00e9 et influence sur le son.<br \/>\nvendu avec embouchure et fly<\/p>\n<p><strong>\u00a0GARANTIE 1 AN<\/strong><\/p>\n<p>&nbsp;<\/p>\n<p>&nbsp;<\/p>\n","protected":false},"excerpt":{"rendered":"<p>Euphonium Besson (Anglais) 3 pistons compens\u00e9s, fintion argent\u00e9 satin\u00e9<\/p>\n","protected":false},"featured_media":4194,"template":"","meta":[],"product_brand":[],"product_cat":[17,19,47],"product_tag":[],"class_list":{"0":"post-4174","1":"product","2":"type-product","3":"status-publish","4":"has-post-thumbnail","6":"product_cat-occasions","7":"product_cat-tubas-euphoniuns-saxhorns","8":"product_cat-ventes","10":"first","11":"outofstock","12":"sold-individually","13":"shipping-taxable","14":"product-type-simple"},"_links":{"self":[{"href":"https:\/\/atelierdessoufflants.com\/index.php\/wp-json\/wp\/v2\/product\/4174","targetHints":{"allow":["GET"]}}],"collection":[{"href":"https:\/\/atelierdessoufflants.com\/index.php\/wp-json\/wp\/v2\/product"}],"about":[{"href":"https:\/\/atelierdessoufflants.com\/index.php\/wp-json\/wp\/v2\/types\/product"}],"wp:featuredmedia":[{"embeddable":true,"href":"https:\/\/atelierdessoufflants.com\/index.php\/wp-json\/wp\/v2\/media\/4194"}],"wp:attachment":[{"href":"https:\/\/atelierdessoufflants.com\/index.php\/wp-json\/wp\/v2\/media?parent=4174"}],"wp:term":[{"taxonomy":"product_brand","embeddable":true,"href":"https:\/\/atelierdessoufflants.com\/index.php\/wp-json\/wp\/v2\/product_brand?post=4174"},{"taxonomy":"product_cat","embeddable":true,"href":"https:\/\/atelierdessoufflants.com\/index.php\/wp-json\/wp\/v2\/product_cat?post=4174"},{"taxonomy":"product_tag","embeddable":true,"href":"https:\/\/atelierdessoufflants.com\/index.php\/wp-json\/wp\/v2\/product_tag?post=4174"}],"curies":[{"name":"wp","href":"https:\/\/api.w.org\/{rel}","templated":true}]}}