{"id":4154,"date":"2025-10-24T22:50:32","date_gmt":"2025-10-24T20:50:32","guid":{"rendered":"https:\/\/atelierdessoufflants.shop\/?post_type=product&#038;p=4154"},"modified":"2026-03-20T18:40:31","modified_gmt":"2026-03-20T17:40:31","slug":"soprano-saxophone-julius-keilwerth-toneking","status":"publish","type":"product","link":"https:\/\/atelierdessoufflants.com\/index.php\/produit\/soprano-saxophone-julius-keilwerth-toneking\/","title":{"rendered":"SOPRANO SAXOPHONE Julius Keilwerth TONEKING"},"content":{"rendered":"<p><strong>GAMME : Pro<\/strong><br \/>\n<strong>ANN\u00c9E : 1977<\/strong><br \/>\n<strong>N\u00b0s\u00e9rie : 74XXX<\/strong><\/p>\n<p>Saxophone Soprano droit en Bb, facture allemande Julius Keilwerth.<br \/>\nMod\u00e8le Pro, finition vernis et cl\u00e9tage nickel\u00e9, sans fa# et sol aigu.<br \/>\nAvec cl\u00e9 de correction justesse Do# \u00e0 l&rsquo;octave.<br \/>\nEnti\u00e8rement contr\u00f4l\u00e9 et r\u00e9vis\u00e9 (graissage, r\u00e9glage, changement de quelques tampons H.S)<br \/>\nSaxophone puissant et juste.<br \/>\nVendu avec bec tone king\u00a0 de petite ouverture\u00a0 tr\u00e8s facile d&rsquo;\u00e9mission<br \/>\nVendu avec \u00e9tui d&rsquo;origine<\/p>\n<p><strong>GARANTIE 1 AN<\/strong><\/p>\n","protected":false},"excerpt":{"rendered":"<p>soprano droit , fabrication allemande,bonne justesse, puissant et robuste<\/p>\n","protected":false},"featured_media":4162,"template":"","meta":[],"product_brand":[91],"product_cat":[17,37,47],"product_tag":[],"class_list":{"0":"post-4154","1":"product","2":"type-product","3":"status-publish","4":"has-post-thumbnail","6":"product_brand-julius-keilwerth","7":"product_cat-occasions","8":"product_cat-saxophones","9":"product_cat-ventes","11":"first","12":"outofstock","13":"sold-individually","14":"shipping-taxable","15":"product-type-simple"},"_links":{"self":[{"href":"https:\/\/atelierdessoufflants.com\/index.php\/wp-json\/wp\/v2\/product\/4154","targetHints":{"allow":["GET"]}}],"collection":[{"href":"https:\/\/atelierdessoufflants.com\/index.php\/wp-json\/wp\/v2\/product"}],"about":[{"href":"https:\/\/atelierdessoufflants.com\/index.php\/wp-json\/wp\/v2\/types\/product"}],"wp:featuredmedia":[{"embeddable":true,"href":"https:\/\/atelierdessoufflants.com\/index.php\/wp-json\/wp\/v2\/media\/4162"}],"wp:attachment":[{"href":"https:\/\/atelierdessoufflants.com\/index.php\/wp-json\/wp\/v2\/media?parent=4154"}],"wp:term":[{"taxonomy":"product_brand","embeddable":true,"href":"https:\/\/atelierdessoufflants.com\/index.php\/wp-json\/wp\/v2\/product_brand?post=4154"},{"taxonomy":"product_cat","embeddable":true,"href":"https:\/\/atelierdessoufflants.com\/index.php\/wp-json\/wp\/v2\/product_cat?post=4154"},{"taxonomy":"product_tag","embeddable":true,"href":"https:\/\/atelierdessoufflants.com\/index.php\/wp-json\/wp\/v2\/product_tag?post=4154"}],"curies":[{"name":"wp","href":"https:\/\/api.w.org\/{rel}","templated":true}]}}