{"id":4120,"date":"2025-10-24T22:35:34","date_gmt":"2025-10-24T20:35:34","guid":{"rendered":"https:\/\/atelierdessoufflants.shop\/?post_type=product&#038;p=4120"},"modified":"2026-03-20T18:38:56","modified_gmt":"2026-03-20T17:38:56","slug":"yanagisawa-alto-saxophone-a900-finition-verni-tampons-neuf","status":"publish","type":"product","link":"https:\/\/atelierdessoufflants.com\/index.php\/produit\/yanagisawa-alto-saxophone-a900-finition-verni-tampons-neuf\/","title":{"rendered":"YANAGISAWA ALTO SAXOPHONE A900 [finition verni, tampons neuf]"},"content":{"rendered":"<p><strong>GAMME : Pro<\/strong><br \/>\n<strong>ANN\u00c9E : 1989<\/strong><br \/>\n<strong>N\u00b0s\u00e9rie : 00155XXX<\/strong><\/p>\n<p>Saxophone alto yanagisawa de la c\u00e9l\u00e8bre manufacture familiale japonaise YANAGISAWA fond\u00e9e en 1896.<br \/>\nToute premi\u00e8re s\u00e9rie de A900,\u00a0 fabriqu\u00e9 en 1989, finition vernis, avec fa# aigu, tr\u00e8s bon \u00e9tat m\u00e9canique, parfait \u00e9tat de marche, il vient d&rsquo;\u00eatre enti\u00e8rement re-tamponn\u00e9 cuir r\u00e9sonateurs plastique comme d&rsquo;origine.<br \/>\nvendu avec \u00e9tui luxe moderne et bec selmer S90.<\/p>\n<p><strong>GARANTIE 1 AN<\/strong><\/p>\n","protected":false},"excerpt":{"rendered":"<p>Facture Japonaise haut de gamme, tampons neuf, ergonomie++<\/p>\n","protected":false},"featured_media":4129,"template":"","meta":[],"product_brand":[90],"product_cat":[17,37,47],"product_tag":[],"class_list":{"0":"post-4120","1":"product","2":"type-product","3":"status-publish","4":"has-post-thumbnail","6":"product_brand-yanagisawa","7":"product_cat-occasions","8":"product_cat-saxophones","9":"product_cat-ventes","11":"first","12":"outofstock","13":"sold-individually","14":"shipping-taxable","15":"product-type-simple"},"_links":{"self":[{"href":"https:\/\/atelierdessoufflants.com\/index.php\/wp-json\/wp\/v2\/product\/4120","targetHints":{"allow":["GET"]}}],"collection":[{"href":"https:\/\/atelierdessoufflants.com\/index.php\/wp-json\/wp\/v2\/product"}],"about":[{"href":"https:\/\/atelierdessoufflants.com\/index.php\/wp-json\/wp\/v2\/types\/product"}],"wp:featuredmedia":[{"embeddable":true,"href":"https:\/\/atelierdessoufflants.com\/index.php\/wp-json\/wp\/v2\/media\/4129"}],"wp:attachment":[{"href":"https:\/\/atelierdessoufflants.com\/index.php\/wp-json\/wp\/v2\/media?parent=4120"}],"wp:term":[{"taxonomy":"product_brand","embeddable":true,"href":"https:\/\/atelierdessoufflants.com\/index.php\/wp-json\/wp\/v2\/product_brand?post=4120"},{"taxonomy":"product_cat","embeddable":true,"href":"https:\/\/atelierdessoufflants.com\/index.php\/wp-json\/wp\/v2\/product_cat?post=4120"},{"taxonomy":"product_tag","embeddable":true,"href":"https:\/\/atelierdessoufflants.com\/index.php\/wp-json\/wp\/v2\/product_tag?post=4120"}],"curies":[{"name":"wp","href":"https:\/\/api.w.org\/{rel}","templated":true}]}}