{"id":4093,"date":"2025-10-24T22:23:11","date_gmt":"2025-10-24T20:23:11","guid":{"rendered":"https:\/\/atelierdessoufflants.shop\/?post_type=product&#038;p=4093"},"modified":"2026-04-12T12:14:06","modified_gmt":"2026-04-12T10:14:06","slug":"trompette-ut-bach-229-25h-stradivarius-argente-etat-exceptionnel","status":"publish","type":"product","link":"https:\/\/atelierdessoufflants.com\/index.php\/produit\/trompette-ut-bach-229-25h-stradivarius-argente-etat-exceptionnel\/","title":{"rendered":"Trompette UT Bach 229\/25H Stradivarius [Argent\u00e9, \u00e9tat exceptionnel+++]"},"content":{"rendered":"<p><strong>GAMME : PRO<\/strong><br \/>\n<strong>ANN\u00c9E : 1994<\/strong><br \/>\n<strong>N\u00b0s\u00e9rie : 423XXX<\/strong><\/p>\n<p>Trompette en Ut Bach C180L Stradivarius finition argent\u00e9 , fabrication am\u00e9ricaine, une trompette de r\u00e9f\u00e9rence chez pro.<br \/>\nJou\u00e9e dans tous les plus grands orchestres classiques internationaux.<br \/>\nQualit\u00e9 de fabrication Vincent Bach (USA).<\/p>\n<p>Pavillon 229<br \/>\nbranche 25H<br \/>\nPerce L: 11,74 mm<br \/>\ncloche pavillon: 122,24 mm<\/p>\n<p>Instrument en \u00e9tat irr\u00e9prochable, \u00e9tat neuf, tr\u00e8s peu servie. Vendu avec \u00e9tuis d&rsquo;origine et embouchure bach 7C.<\/p>\n<p><strong>GARANTIE 1 AN<\/strong><\/p>\n","protected":false},"excerpt":{"rendered":"<p>mod\u00e8le de r\u00e9f\u00e9rence, \u00e9tat neuf, quelques heures de jeux au compteur<\/p>\n","protected":false},"featured_media":4100,"template":"","meta":[],"product_brand":[],"product_cat":[17,98,38,47],"product_tag":[],"class_list":{"0":"post-4093","1":"product","2":"type-product","3":"status-publish","4":"has-post-thumbnail","6":"product_cat-occasions","7":"product_cat-trompettes-occasion-vendu","8":"product_cat-trompettes-cornets-bugle","9":"product_cat-ventes","11":"first","12":"outofstock","13":"sold-individually","14":"shipping-taxable","15":"product-type-simple"},"_links":{"self":[{"href":"https:\/\/atelierdessoufflants.com\/index.php\/wp-json\/wp\/v2\/product\/4093","targetHints":{"allow":["GET"]}}],"collection":[{"href":"https:\/\/atelierdessoufflants.com\/index.php\/wp-json\/wp\/v2\/product"}],"about":[{"href":"https:\/\/atelierdessoufflants.com\/index.php\/wp-json\/wp\/v2\/types\/product"}],"wp:featuredmedia":[{"embeddable":true,"href":"https:\/\/atelierdessoufflants.com\/index.php\/wp-json\/wp\/v2\/media\/4100"}],"wp:attachment":[{"href":"https:\/\/atelierdessoufflants.com\/index.php\/wp-json\/wp\/v2\/media?parent=4093"}],"wp:term":[{"taxonomy":"product_brand","embeddable":true,"href":"https:\/\/atelierdessoufflants.com\/index.php\/wp-json\/wp\/v2\/product_brand?post=4093"},{"taxonomy":"product_cat","embeddable":true,"href":"https:\/\/atelierdessoufflants.com\/index.php\/wp-json\/wp\/v2\/product_cat?post=4093"},{"taxonomy":"product_tag","embeddable":true,"href":"https:\/\/atelierdessoufflants.com\/index.php\/wp-json\/wp\/v2\/product_tag?post=4093"}],"curies":[{"name":"wp","href":"https:\/\/api.w.org\/{rel}","templated":true}]}}