{"id":408,"date":"2025-04-16T16:34:19","date_gmt":"2025-04-16T14:34:19","guid":{"rendered":"http:\/\/libre.etche.net\/?post_type=product&#038;p=408"},"modified":"2026-04-09T19:48:15","modified_gmt":"2026-04-09T17:48:15","slug":"flute-traversiere-yamaha-yfl281-sii-plateaux-creux-cletage-en-ligne","status":"publish","type":"product","link":"https:\/\/atelierdessoufflants.com\/index.php\/produit\/flute-traversiere-yamaha-yfl281-sii-plateaux-creux-cletage-en-ligne\/","title":{"rendered":"Fl\u00fbte traversi\u00e8re yamaha YFL281 SII (plateaux creux, cl\u00e9tage en ligne)"},"content":{"rendered":"<p><strong>GAMME : \u00e9tude<\/strong><br \/>\n<strong>N\u00b0serie : 3503XX<\/strong><\/p>\n<p>Fl\u00fbte traversi\u00e8re\u00a0 Yamaha YFL 281 SII (fabrication japan).<br \/>\nUne r\u00e9f\u00e9rence mondiale en mod\u00e8le d&rsquo;\u00e9tude depuis plus de 30 ans, facilit\u00e9 d&rsquo;\u00e9mission, justesse et fiabilit\u00e9.<\/p>\n<p><strong>TYPE DE LOCATION:<\/strong> location trimestrielle<br \/>\n<strong>PAIEMENT:<\/strong> Mensuel par ch\u00e8que, esp\u00e8ces ou virement bancaire<br \/>\n<strong>PI\u00c8CES A FOURNIR:<\/strong><br \/>\n-pi\u00e8ce nationale d&rsquo;identit\u00e9<br \/>\n-relev\u00e9 d&rsquo;identit\u00e9 bancaire<br \/>\n-ch\u00e8que de caution (non encaiss\u00e9)<br \/>\nconsultez les <a href=\"https:\/\/atelierdessoufflants.shop\/index.php\/cgl\/\">CONDITIONS G\u00c9N\u00c9RALES DE LOCATION<\/a><\/p>\n","protected":false},"excerpt":{"rendered":"<p>la r\u00e9f\u00e9rence mondiale en fl\u00fbte traversi\u00e8re d&rsquo;\u00e9tude<\/p>\n","protected":false},"featured_media":407,"template":"","meta":[],"product_brand":[71],"product_cat":[35,39],"product_tag":[],"class_list":{"0":"post-408","1":"product","2":"type-product","3":"status-publish","4":"has-post-thumbnail","6":"product_brand-yamaha","7":"product_cat-flutes-traversieres","8":"product_cat-locations","10":"first","11":"outofstock","12":"sold-individually","13":"shipping-taxable","14":"purchasable","15":"product-type-simple"},"_links":{"self":[{"href":"https:\/\/atelierdessoufflants.com\/index.php\/wp-json\/wp\/v2\/product\/408","targetHints":{"allow":["GET"]}}],"collection":[{"href":"https:\/\/atelierdessoufflants.com\/index.php\/wp-json\/wp\/v2\/product"}],"about":[{"href":"https:\/\/atelierdessoufflants.com\/index.php\/wp-json\/wp\/v2\/types\/product"}],"wp:featuredmedia":[{"embeddable":true,"href":"https:\/\/atelierdessoufflants.com\/index.php\/wp-json\/wp\/v2\/media\/407"}],"wp:attachment":[{"href":"https:\/\/atelierdessoufflants.com\/index.php\/wp-json\/wp\/v2\/media?parent=408"}],"wp:term":[{"taxonomy":"product_brand","embeddable":true,"href":"https:\/\/atelierdessoufflants.com\/index.php\/wp-json\/wp\/v2\/product_brand?post=408"},{"taxonomy":"product_cat","embeddable":true,"href":"https:\/\/atelierdessoufflants.com\/index.php\/wp-json\/wp\/v2\/product_cat?post=408"},{"taxonomy":"product_tag","embeddable":true,"href":"https:\/\/atelierdessoufflants.com\/index.php\/wp-json\/wp\/v2\/product_tag?post=408"}],"curies":[{"name":"wp","href":"https:\/\/api.w.org\/{rel}","templated":true}]}}