{"id":4065,"date":"2025-10-24T22:10:16","date_gmt":"2025-10-24T20:10:16","guid":{"rendered":"https:\/\/atelierdessoufflants.shop\/?post_type=product&#038;p=4065"},"modified":"2026-03-20T18:39:17","modified_gmt":"2026-03-20T17:39:17","slug":"saxophone-alto-yamaha-yas25-modele-etude-verni-cletage-nickele","status":"publish","type":"product","link":"https:\/\/atelierdessoufflants.com\/index.php\/produit\/saxophone-alto-yamaha-yas25-modele-etude-verni-cletage-nickele\/","title":{"rendered":"saxophone alto YAMAHA YAS25 [mod\u00e8le \u00e9tude , verni cl\u00e9tage nickel\u00e9]"},"content":{"rendered":"<p><strong>GAMME:\u00e9tude<br \/>\nANN\u00c9E: production de 1991 \u00e0 2000<br \/>\nN\u00b0S\u00c9RIE:022XXX<br \/>\n<\/strong><\/p>\n<p>Saxophone Alto Yamaha YAS25 finition vernis.<br \/>\ncl\u00e9tage nickel\u00e9<br \/>\nmod\u00e8le parfait pour commencer le sax.<br \/>\ntr\u00e8s bon \u00e9tat g\u00e9n\u00e9ral: vernis, m\u00e9canique, la r\u00e9vision vient d&rsquo;\u00eatre faite :<br \/>\nchangement d&rsquo;une dizaine de tampons.<br \/>\navec \u00e9tuis d&rsquo;origine et bec.<\/p>\n<p><strong>GARANTIE 1 AN<\/strong><\/p>\n","protected":false},"excerpt":{"rendered":"<p>une r\u00e9f\u00e9rence en saxophone d&rsquo;\u00e9tude, TBE, robuste et fiable&#8230;<\/p>\n","protected":false},"featured_media":4092,"template":"","meta":[],"product_brand":[71],"product_cat":[17,37,47],"product_tag":[],"class_list":{"0":"post-4065","1":"product","2":"type-product","3":"status-publish","4":"has-post-thumbnail","6":"product_brand-yamaha","7":"product_cat-occasions","8":"product_cat-saxophones","9":"product_cat-ventes","11":"first","12":"outofstock","13":"sold-individually","14":"shipping-taxable","15":"product-type-simple"},"_links":{"self":[{"href":"https:\/\/atelierdessoufflants.com\/index.php\/wp-json\/wp\/v2\/product\/4065","targetHints":{"allow":["GET"]}}],"collection":[{"href":"https:\/\/atelierdessoufflants.com\/index.php\/wp-json\/wp\/v2\/product"}],"about":[{"href":"https:\/\/atelierdessoufflants.com\/index.php\/wp-json\/wp\/v2\/types\/product"}],"wp:featuredmedia":[{"embeddable":true,"href":"https:\/\/atelierdessoufflants.com\/index.php\/wp-json\/wp\/v2\/media\/4092"}],"wp:attachment":[{"href":"https:\/\/atelierdessoufflants.com\/index.php\/wp-json\/wp\/v2\/media?parent=4065"}],"wp:term":[{"taxonomy":"product_brand","embeddable":true,"href":"https:\/\/atelierdessoufflants.com\/index.php\/wp-json\/wp\/v2\/product_brand?post=4065"},{"taxonomy":"product_cat","embeddable":true,"href":"https:\/\/atelierdessoufflants.com\/index.php\/wp-json\/wp\/v2\/product_cat?post=4065"},{"taxonomy":"product_tag","embeddable":true,"href":"https:\/\/atelierdessoufflants.com\/index.php\/wp-json\/wp\/v2\/product_tag?post=4065"}],"curies":[{"name":"wp","href":"https:\/\/api.w.org\/{rel}","templated":true}]}}