{"id":4033,"date":"2025-10-24T22:08:00","date_gmt":"2025-10-24T20:08:00","guid":{"rendered":"https:\/\/atelierdessoufflants.shop\/?post_type=product&#038;p=4033"},"modified":"2025-10-24T22:08:00","modified_gmt":"2025-10-24T20:08:00","slug":"antoine-courtois-ac164-saxhorn-basse-4-pistons-finition-argente-tbe","status":"publish","type":"product","link":"https:\/\/atelierdessoufflants.com\/index.php\/produit\/antoine-courtois-ac164-saxhorn-basse-4-pistons-finition-argente-tbe\/","title":{"rendered":"ANTOINE COURTOIS AC164 saxhorn basse 4 pistons [finition ARGENT\u00c9, TBE]"},"content":{"rendered":"<p>GAMME : Pro<br \/>\nANN\u00c9E :<br \/>\nN\u00b0s\u00e9rie : 37XX<\/p>\n<p>Saxhorn Basse\u00a0 4 pistons (3+1) argent\u00e9 Antoine Courtois AC164<br \/>\nDans la pure tradition fran\u00e7aise du saxhorn fabriqu\u00e9\u00a0 dans la manufacture A.Courtois a Amboise (37).<\/p>\n<p>Instrument en tr\u00e8s bon \u00e9tat, enti\u00e8rement r\u00e9vis\u00e9 et graiss\u00e9, tr\u00e8s bonne compression pistons, argenture pr\u00e9sente \u00e0 100%, feutre, cl\u00e9 d&rsquo;eau OK, quelques petites rayures et petites traces de d\u00e9bosselage par endroits mais l&rsquo; instrument reste quand m\u00eame en tr\u00e8s bon \u00e9tat g\u00e9n\u00e9ral.<\/p>\n<p>CARACT\u00c9RISTIQUES TECHNIQUES<br \/>\n&#8211; Tonalit\u00e9 : Sib<br \/>\n&#8211; Bloc pistons \u00e0 syst\u00e8me non compens\u00e9<br \/>\n&#8211; Pavillon fait main en laiton jaune<br \/>\n&#8211; \u00d8 pavillon : 280 mm (11.02&Prime;)<br \/>\n&#8211; \u00d8 perce conique : 15 &lt; 16 mm (.590&lt;.630&Prime;)<br \/>\n&#8211; Corps instrumental enti\u00e8rement d\u00e9montable<br \/>\n&#8211; Intervalle de quarte au 4\u00e8me piston<br \/>\n&#8211; Intervalle de quinte au 5\u00e8me piston (mod\u00e8le PROFESSIONAL 166)<\/p>\n<p>AC164 : mod\u00e8le \u00e0 4 pistons (3 + 1)<br \/>\nAC166 : mod\u00e8le \u00e0 5 pistons (3 + 2)<\/p>\n<p>vendu avec \u00e9tui valise, embouchure courtois, sangle, lyre, graisse coulisse, huile piston T2<\/p>\n<p><strong> GARANTIE 1 AN<\/strong><\/p>\n","protected":false},"excerpt":{"rendered":"<p>Saxhorn basse 4 pistons, Antoine Courtois, TBE<\/p>\n","protected":false},"featured_media":4064,"template":"","meta":[],"product_brand":[],"product_cat":[17,19,47],"product_tag":[],"class_list":{"0":"post-4033","1":"product","2":"type-product","3":"status-publish","4":"has-post-thumbnail","6":"product_cat-occasions","7":"product_cat-tubas-euphoniuns-saxhorns","8":"product_cat-ventes","10":"first","11":"outofstock","12":"sold-individually","13":"shipping-taxable","14":"product-type-simple"},"_links":{"self":[{"href":"https:\/\/atelierdessoufflants.com\/index.php\/wp-json\/wp\/v2\/product\/4033","targetHints":{"allow":["GET"]}}],"collection":[{"href":"https:\/\/atelierdessoufflants.com\/index.php\/wp-json\/wp\/v2\/product"}],"about":[{"href":"https:\/\/atelierdessoufflants.com\/index.php\/wp-json\/wp\/v2\/types\/product"}],"wp:featuredmedia":[{"embeddable":true,"href":"https:\/\/atelierdessoufflants.com\/index.php\/wp-json\/wp\/v2\/media\/4064"}],"wp:attachment":[{"href":"https:\/\/atelierdessoufflants.com\/index.php\/wp-json\/wp\/v2\/media?parent=4033"}],"wp:term":[{"taxonomy":"product_brand","embeddable":true,"href":"https:\/\/atelierdessoufflants.com\/index.php\/wp-json\/wp\/v2\/product_brand?post=4033"},{"taxonomy":"product_cat","embeddable":true,"href":"https:\/\/atelierdessoufflants.com\/index.php\/wp-json\/wp\/v2\/product_cat?post=4033"},{"taxonomy":"product_tag","embeddable":true,"href":"https:\/\/atelierdessoufflants.com\/index.php\/wp-json\/wp\/v2\/product_tag?post=4033"}],"curies":[{"name":"wp","href":"https:\/\/api.w.org\/{rel}","templated":true}]}}