{"id":3973,"date":"2025-10-24T22:00:56","date_gmt":"2025-10-24T20:00:56","guid":{"rendered":"https:\/\/atelierdessoufflants.shop\/?post_type=product&#038;p=3973"},"modified":"2026-03-20T18:14:11","modified_gmt":"2026-03-20T17:14:11","slug":"selmer-mark-vi-saxophone-baryton-annee-1968-finitions-verni-grave","status":"publish","type":"product","link":"https:\/\/atelierdessoufflants.com\/index.php\/produit\/selmer-mark-vi-saxophone-baryton-annee-1968-finitions-verni-grave\/","title":{"rendered":"SELMER MARK VI SAXOPHONE BARYTON [ANN\u00c9E  1968, finitions verni grav\u00e9]"},"content":{"rendered":"<p>GAMME : PRO<br \/>\nANN\u00c9E : 1968XXX<\/p>\n<p>Saxophone Baryton SELMER mod\u00e8le MARK VI finition vernis grav\u00e9, descendant au LA grave, sans fa# aigu<br \/>\nfinition vernis, grav\u00e9, vernis pr\u00e9sent \u00e0 90%.<br \/>\nAucun choc majeur, enti\u00e8rement re-tamponn\u00e9 avec des tampons haut de gamme (MARTIN CHANU FRANCE)\u00a0 r\u00e9sonateurs plastique comme d&rsquo;origine, ressorts aiguilles et garnitures chang\u00e9es, m\u00e9canique enti\u00e8rement r\u00e9vis\u00e9e.<br \/>\nDeuxi\u00e8me main.<\/p>\n<p>AVIS AUX CONNAISSEURS !!!!!\u00a0 A VENIR ESSAYER A L&rsquo; ATELIER&#8230;<\/p>\n<p>vendu avec \u00e9tui PROTEC NEUF et bec MEYER \u00e9bonite occasion ouverture 5 ou bec vandoren type V5 ou V16, Selmer, \u00e9bonite neuf \u00e0 choisir.<\/p>\n<p>&nbsp;<\/p>\n<p><strong>GARANTIE 1 AN<\/strong><\/p>\n","protected":false},"excerpt":{"rendered":"<p>saxophone descendant au la grave, ann\u00e9e de fabrication 1968<\/p>\n","protected":false},"featured_media":4001,"template":"","meta":[],"product_brand":[66],"product_cat":[17,37,47],"product_tag":[],"class_list":{"0":"post-3973","1":"product","2":"type-product","3":"status-publish","4":"has-post-thumbnail","6":"product_brand-henri-selmer-paris","7":"product_cat-occasions","8":"product_cat-saxophones","9":"product_cat-ventes","11":"first","12":"outofstock","13":"sold-individually","14":"shipping-taxable","15":"product-type-simple"},"_links":{"self":[{"href":"https:\/\/atelierdessoufflants.com\/index.php\/wp-json\/wp\/v2\/product\/3973","targetHints":{"allow":["GET"]}}],"collection":[{"href":"https:\/\/atelierdessoufflants.com\/index.php\/wp-json\/wp\/v2\/product"}],"about":[{"href":"https:\/\/atelierdessoufflants.com\/index.php\/wp-json\/wp\/v2\/types\/product"}],"wp:featuredmedia":[{"embeddable":true,"href":"https:\/\/atelierdessoufflants.com\/index.php\/wp-json\/wp\/v2\/media\/4001"}],"wp:attachment":[{"href":"https:\/\/atelierdessoufflants.com\/index.php\/wp-json\/wp\/v2\/media?parent=3973"}],"wp:term":[{"taxonomy":"product_brand","embeddable":true,"href":"https:\/\/atelierdessoufflants.com\/index.php\/wp-json\/wp\/v2\/product_brand?post=3973"},{"taxonomy":"product_cat","embeddable":true,"href":"https:\/\/atelierdessoufflants.com\/index.php\/wp-json\/wp\/v2\/product_cat?post=3973"},{"taxonomy":"product_tag","embeddable":true,"href":"https:\/\/atelierdessoufflants.com\/index.php\/wp-json\/wp\/v2\/product_tag?post=3973"}],"curies":[{"name":"wp","href":"https:\/\/api.w.org\/{rel}","templated":true}]}}