{"id":3953,"date":"2025-10-24T21:53:19","date_gmt":"2025-10-24T19:53:19","guid":{"rendered":"https:\/\/atelierdessoufflants.shop\/?post_type=product&#038;p=3953"},"modified":"2026-03-20T18:40:59","modified_gmt":"2026-03-20T17:40:59","slug":"saxophone-baryton-jupiter-jbs-593","status":"publish","type":"product","link":"https:\/\/atelierdessoufflants.com\/index.php\/produit\/saxophone-baryton-jupiter-jbs-593\/","title":{"rendered":"saxophone baryton JUPITER JBS 593"},"content":{"rendered":"<p>GAMME : \u00e9tude<br \/>\nANN\u00c9E : 1991<br \/>\nN\u00b0s\u00e9rie : 031XXX<\/p>\n<p>&nbsp;<\/p>\n<p>Saxophone baryton finition vernis descendant au LA grave marque JUPITER (TAIWAN) mod\u00e8le de 1991.Instrument enti\u00e8rement r\u00e9vis\u00e9 et r\u00e9gl\u00e9 \u00e0 l&rsquo;atelier, une partie des tampons ont \u00e9t\u00e9 remplac\u00e9s, graissage et li\u00e8ge OK. Le li\u00e8ge bocal sera remplac\u00e9 lors de la vente suivant le bec que vous jouez.<\/p>\n<p>Sinon il est vendu avec un bec MEYER \u00e9bonite ouverture 5 (possibilit\u00e9 de d\u00e9duire le bec si vous en avez d\u00e9j\u00e0 un)\u00a0 l&rsquo;instrument \u00e0 des traces de rayures et des manques de vernis a de nombreux endroits d&rsquo;ou sont prix.<\/p>\n<p>Ce sax conviendra parfaitement \u00e0 un d\u00e9butant, ou confirm\u00e9 qui souhaite un\u00a0 tarif accessible en deuxi\u00e8me instrument pour par exemple musique de rue.<\/p>\n<p>\u00e0 venir essayer et emporter \u00e0 l&rsquo;atelier, pas d&rsquo;envoi possible.<br \/>\nVendu avec \u00e9tui d&rsquo;origine valise.<\/p>\n<p><strong>\u00a0GARANTIE 1 AN<\/strong><\/p>\n","protected":false},"excerpt":{"rendered":"<p>saxophone baryton d&rsquo;\u00e9tude, petit prix<\/p>\n","protected":false},"featured_media":3962,"template":"","meta":[],"product_brand":[75],"product_cat":[17,37,47],"product_tag":[],"class_list":{"0":"post-3953","1":"product","2":"type-product","3":"status-publish","4":"has-post-thumbnail","6":"product_brand-jupiter","7":"product_cat-occasions","8":"product_cat-saxophones","9":"product_cat-ventes","11":"first","12":"outofstock","13":"sold-individually","14":"shipping-taxable","15":"product-type-simple"},"_links":{"self":[{"href":"https:\/\/atelierdessoufflants.com\/index.php\/wp-json\/wp\/v2\/product\/3953","targetHints":{"allow":["GET"]}}],"collection":[{"href":"https:\/\/atelierdessoufflants.com\/index.php\/wp-json\/wp\/v2\/product"}],"about":[{"href":"https:\/\/atelierdessoufflants.com\/index.php\/wp-json\/wp\/v2\/types\/product"}],"wp:featuredmedia":[{"embeddable":true,"href":"https:\/\/atelierdessoufflants.com\/index.php\/wp-json\/wp\/v2\/media\/3962"}],"wp:attachment":[{"href":"https:\/\/atelierdessoufflants.com\/index.php\/wp-json\/wp\/v2\/media?parent=3953"}],"wp:term":[{"taxonomy":"product_brand","embeddable":true,"href":"https:\/\/atelierdessoufflants.com\/index.php\/wp-json\/wp\/v2\/product_brand?post=3953"},{"taxonomy":"product_cat","embeddable":true,"href":"https:\/\/atelierdessoufflants.com\/index.php\/wp-json\/wp\/v2\/product_cat?post=3953"},{"taxonomy":"product_tag","embeddable":true,"href":"https:\/\/atelierdessoufflants.com\/index.php\/wp-json\/wp\/v2\/product_tag?post=3953"}],"curies":[{"name":"wp","href":"https:\/\/api.w.org\/{rel}","templated":true}]}}