{"id":3900,"date":"2025-10-24T20:41:32","date_gmt":"2025-10-24T18:41:32","guid":{"rendered":"https:\/\/atelierdessoufflants.shop\/?post_type=product&#038;p=3900"},"modified":"2026-04-12T12:14:18","modified_gmt":"2026-04-12T10:14:18","slug":"cornet-a-pistons-king-602-annee-50scornet-long-made-in-usa","status":"publish","type":"product","link":"https:\/\/atelierdessoufflants.com\/index.php\/produit\/cornet-a-pistons-king-602-annee-50scornet-long-made-in-usa\/","title":{"rendered":"Cornet \u00e0 pistons King 602 [ANN\u00c9E 50&rsquo;sCornet Long made in USA]"},"content":{"rendered":"<p><strong>GAMME:\u00e9tude<br \/>\nANN\u00c9E: 1953-1954<br \/>\nN\u00b0s\u00e9rie:332XXX<\/strong><\/p>\n<p>Cornet Sib, marque King\u00a0 (fabrication USA) mod\u00e8le 602\u00a0 finition vernis, trigger sur coulisse 3.<br \/>\nMod\u00e8le long ou dit \u00ab\u00a0cornet trompette\u00a0\u00bb beaucoup jou\u00e9 au Usa et moins en Europe mais cela convient tout de m\u00eame parfaitement \u00e0 l\u2019apprentissage de l&rsquo;instrument.<\/p>\n<p>Instrument enti\u00e8rement r\u00e9vis\u00e9, li\u00e8ge et feutre neuf, toutes coulisses libres, graissage ok, m\u00e9canique en tr\u00e8s bon \u00e9tat.<br \/>\nLe pavillon \u00e0 de nombreuses imperfection de vernis, trace de d\u00e9bosselage sur le pavillon<strong>.<br \/>\n<\/strong>Mod\u00e8le \u00e0 la m\u00e9canique robuste, tr\u00e8s bonne compression pistons.<br \/>\n<strong><br \/>\n<\/strong>vendu avec un bel etui King d&rsquo;origine et embouchure neuve gewa<strong>.<\/strong><\/p>\n<p>GARANTIE 1 AN<\/p>\n","protected":false},"excerpt":{"rendered":"<p>Cornet am\u00e9ricain en Sib, parfait pour l&rsquo;apprentissage de l&rsquo;instrument.<\/p>\n","protected":false},"featured_media":3909,"template":"","meta":[],"product_brand":[],"product_cat":[17,98,38,47],"product_tag":[],"class_list":{"0":"post-3900","1":"product","2":"type-product","3":"status-publish","4":"has-post-thumbnail","6":"product_cat-occasions","7":"product_cat-trompettes-occasion-vendu","8":"product_cat-trompettes-cornets-bugle","9":"product_cat-ventes","11":"first","12":"outofstock","13":"sold-individually","14":"shipping-taxable","15":"product-type-simple"},"_links":{"self":[{"href":"https:\/\/atelierdessoufflants.com\/index.php\/wp-json\/wp\/v2\/product\/3900","targetHints":{"allow":["GET"]}}],"collection":[{"href":"https:\/\/atelierdessoufflants.com\/index.php\/wp-json\/wp\/v2\/product"}],"about":[{"href":"https:\/\/atelierdessoufflants.com\/index.php\/wp-json\/wp\/v2\/types\/product"}],"wp:featuredmedia":[{"embeddable":true,"href":"https:\/\/atelierdessoufflants.com\/index.php\/wp-json\/wp\/v2\/media\/3909"}],"wp:attachment":[{"href":"https:\/\/atelierdessoufflants.com\/index.php\/wp-json\/wp\/v2\/media?parent=3900"}],"wp:term":[{"taxonomy":"product_brand","embeddable":true,"href":"https:\/\/atelierdessoufflants.com\/index.php\/wp-json\/wp\/v2\/product_brand?post=3900"},{"taxonomy":"product_cat","embeddable":true,"href":"https:\/\/atelierdessoufflants.com\/index.php\/wp-json\/wp\/v2\/product_cat?post=3900"},{"taxonomy":"product_tag","embeddable":true,"href":"https:\/\/atelierdessoufflants.com\/index.php\/wp-json\/wp\/v2\/product_tag?post=3900"}],"curies":[{"name":"wp","href":"https:\/\/api.w.org\/{rel}","templated":true}]}}