{"id":3884,"date":"2025-10-24T20:36:58","date_gmt":"2025-10-24T18:36:58","guid":{"rendered":"https:\/\/atelierdessoufflants.shop\/?post_type=product&#038;p=3884"},"modified":"2026-04-12T12:14:31","modified_gmt":"2026-04-12T10:14:31","slug":"trompette-piccolo-selmer","status":"publish","type":"product","link":"https:\/\/atelierdessoufflants.com\/index.php\/produit\/trompette-piccolo-selmer\/","title":{"rendered":"trompette Piccolo Selmer [Made in France, mod\u00e8le court Maurice Andr\u00e9]"},"content":{"rendered":"<p>GAMME : pro<br \/>\nANN\u00c9E : 1981<br \/>\nN\u00b0s\u00e9rie : 75XXX<\/p>\n<p>Trompette Piccolo Selmer Sib\/ La (branches d&#8217;embouchures interchangeable) finition vernis<br \/>\ncl\u00e9 d&rsquo;eau sur la coulisse g\u00e9n\u00e9rale, coulisse mobile sur piston 3.<\/p>\n<p>Un mod\u00e8le \u00ab\u00a0court\u00a0\u00bb 4 pistons mis au point par Selmer (France) vers 1970 en collaboration avec\u00a0 Maurice Andr\u00e9.<br \/>\nMod\u00e8le encore consid\u00e9r\u00e9 comme une r\u00e9f\u00e9rence niveau justesse, projection et centrage du son.<\/p>\n<p>Vous trouverez si besoin plus d&rsquo;infos sur :<\/p>\n<p><a href=\"http:\/\/www.maurice-andre.fr\/choisir.piccolo.htm\">http:\/\/www.maurice-andre.fr\/choisir.piccolo.htm<\/a><\/p>\n<p><a href=\"http:\/\/la.trompette.free.fr\/piccolo.htm\">http:\/\/la.trompette.free.fr\/piccolo.htm<\/a><\/p>\n<p>M\u00e9canique en bon \u00e9tat, r\u00e9vis\u00e9e \u00e0 l&rsquo;atelier, tr\u00e8s bonne compression des pistons, toutes coulisses libres, ,cl\u00e9 d&rsquo;eau Ok, aucunes traces de bosses,<span class=\"value\"> vernis piqu\u00e9 <\/span><span class=\"value\">par endroit et manquant cot\u00e9 pavillon <\/span><span class=\"value\">( partie en contact avec la main droite).<br \/>\n<\/span><\/p>\n<p>2\u00e8me main, appartenait \u00e0 un ancien musicien de l&rsquo;op\u00e9ra d&rsquo;Avignon<\/p>\n<p>vendu sans \u00e9tui ni embouchure<br \/>\nFrais de port offert pour la france m\u00e9tropolitaine<\/p>\n<p><strong>GARANTIE 1 AN<\/strong><\/p>\n","protected":false},"excerpt":{"rendered":"<p>mod\u00e8le Selmer, mod\u00e8le court d\u00e9velopp\u00e9 par Selmer et Maurice Andr\u00e9<\/p>\n","protected":false},"featured_media":3897,"template":"","meta":[],"product_brand":[],"product_cat":[17,98,38,47],"product_tag":[],"class_list":{"0":"post-3884","1":"product","2":"type-product","3":"status-publish","4":"has-post-thumbnail","6":"product_cat-occasions","7":"product_cat-trompettes-occasion-vendu","8":"product_cat-trompettes-cornets-bugle","9":"product_cat-ventes","11":"first","12":"outofstock","13":"sold-individually","14":"shipping-taxable","15":"product-type-simple"},"_links":{"self":[{"href":"https:\/\/atelierdessoufflants.com\/index.php\/wp-json\/wp\/v2\/product\/3884","targetHints":{"allow":["GET"]}}],"collection":[{"href":"https:\/\/atelierdessoufflants.com\/index.php\/wp-json\/wp\/v2\/product"}],"about":[{"href":"https:\/\/atelierdessoufflants.com\/index.php\/wp-json\/wp\/v2\/types\/product"}],"wp:featuredmedia":[{"embeddable":true,"href":"https:\/\/atelierdessoufflants.com\/index.php\/wp-json\/wp\/v2\/media\/3897"}],"wp:attachment":[{"href":"https:\/\/atelierdessoufflants.com\/index.php\/wp-json\/wp\/v2\/media?parent=3884"}],"wp:term":[{"taxonomy":"product_brand","embeddable":true,"href":"https:\/\/atelierdessoufflants.com\/index.php\/wp-json\/wp\/v2\/product_brand?post=3884"},{"taxonomy":"product_cat","embeddable":true,"href":"https:\/\/atelierdessoufflants.com\/index.php\/wp-json\/wp\/v2\/product_cat?post=3884"},{"taxonomy":"product_tag","embeddable":true,"href":"https:\/\/atelierdessoufflants.com\/index.php\/wp-json\/wp\/v2\/product_tag?post=3884"}],"curies":[{"name":"wp","href":"https:\/\/api.w.org\/{rel}","templated":true}]}}